{"id":6822,"date":"2025-02-19T11:56:10","date_gmt":"2025-02-19T17:56:10","guid":{"rendered":"https:\/\/www.darrow-latam.com\/cl\/?post_type=product&#038;p=6822"},"modified":"2025-02-27T15:17:15","modified_gmt":"2025-02-27T21:17:15","slug":"actine-renov","status":"publish","type":"product","link":"https:\/\/www.darrow-latam.com\/cl\/producto\/actine-renov\/","title":{"rendered":"ACTINE RENOV"},"content":{"rendered":"<p><strong>Actine Renov es un serum concentrado renovador anti-imperfecciones para pieles grasas con tendencia acneica que estimula la renovaci\u00f3n celular reduciendo las lesiones del acn\u00e9 y las marcas en 7 d\u00edas*.<\/strong> Desarrollado con dermatologos, a su vez combate brotes, espinillas y puntos negros, mejora la textura irregular y energiza la piel gracias a su combinaci\u00f3n exclusiva de activos con \u00c1cido Succ\u00ednico, Niacinamida y Ginseng.<br \/>\n<strong>| 95% de Ingredientes Naturales | Vegano | Cruelty Free | 0% Sulfatos y parabenos |<\/strong><\/p>\n<p><strong>Con m\u00e1s de 50 a\u00f1os de expertise dermatol\u00f3gico, llega Darrow a Chile el primer laboratorio dermatol\u00f3gico de las pieles latinas.<\/strong> Exceso de grasa, climas extremos, alta exposici\u00f3n a rayos UV, contaminaci\u00f3n, estr\u00e9s hacen que las pieles latinas requieran cuidados especificos. Decididos a mejorar la salud y la belleza de la piel a trav\u00e9s de productos dermatol\u00f3gicos, <strong>nuestros cuidados contienen ingredientes activos dermo-energizantes reconocidos con eficacia comprobada desde el 1er uso.<\/strong> Nuestras f\u00f3rmulas ligeras y refrescantes est\u00e1n totalmente desarrolladas con dermat\u00f3logos para las necesidades de la piel de los latinos devolviendole su energia y vitalidad.<br \/>\nResultado: \u00a1una piel sana, luminosa y energizada!<\/p>\n","protected":false},"excerpt":{"rendered":"<p>Actine Renov, suero concentrado renovador antiacn\u00e9 para adultos y adolescentes de piel grasa con tendencia acneica, que busquen tratar y prevenir brotes de acn\u00e9 y puntos negros\u200b, as\u00ed como mejorar la textura irregular\u200b y marcas de acn\u00e9.<\/p>\n","protected":false},"featured_media":6854,"comment_status":"closed","ping_status":"closed","template":"","meta":{"_acf_changed":false,"site-sidebar-layout":"default","site-content-layout":"","ast-site-content-layout":"default","site-content-style":"default","site-sidebar-style":"default","ast-global-header-display":"","ast-banner-title-visibility":"","ast-main-header-display":"","ast-hfb-above-header-display":"","ast-hfb-below-header-display":"","ast-hfb-mobile-header-display":"","site-post-title":"","ast-breadcrumbs-content":"","ast-featured-img":"","footer-sml-layout":"","theme-transparent-header-meta":"default","adv-header-id-meta":"","stick-header-meta":"","header-above-stick-meta":"","header-main-stick-meta":"","header-below-stick-meta":"","astra-migrate-meta-layouts":"set","ast-page-background-enabled":"default","ast-page-background-meta":{"desktop":{"background-color":"var(--ast-global-color-4)","background-image":"","background-repeat":"repeat","background-position":"center center","background-size":"auto","background-attachment":"scroll","background-type":"","background-media":"","overlay-type":"","overlay-color":"","overlay-opacity":"","overlay-gradient":""},"tablet":{"background-color":"","background-image":"","background-repeat":"repeat","background-position":"center center","background-size":"auto","background-attachment":"scroll","background-type":"","background-media":"","overlay-type":"","overlay-color":"","overlay-opacity":"","overlay-gradient":""},"mobile":{"background-color":"","background-image":"","background-repeat":"repeat","background-position":"center center","background-size":"auto","background-attachment":"scroll","background-type":"","background-media":"","overlay-type":"","overlay-color":"","overlay-opacity":"","overlay-gradient":""}},"ast-content-background-meta":{"desktop":{"background-color":"var(--ast-global-color-5)","background-image":"","background-repeat":"repeat","background-position":"center center","background-size":"auto","background-attachment":"scroll","background-type":"","background-media":"","overlay-type":"","overlay-color":"","overlay-opacity":"","overlay-gradient":""},"tablet":{"background-color":"var(--ast-global-color-5)","background-image":"","background-repeat":"repeat","background-position":"center center","background-size":"auto","background-attachment":"scroll","background-type":"","background-media":"","overlay-type":"","overlay-color":"","overlay-opacity":"","overlay-gradient":""},"mobile":{"background-color":"var(--ast-global-color-5)","background-image":"","background-repeat":"repeat","background-position":"center center","background-size":"auto","background-attachment":"scroll","background-type":"","background-media":"","overlay-type":"","overlay-color":"","overlay-opacity":"","overlay-gradient":""}}},"product_brand":[],"product_cat":[15,30],"product_tag":[],"class_list":{"0":"post-6822","1":"product","2":"type-product","3":"status-publish","4":"has-post-thumbnail","6":"product_cat-piel-grasa","7":"product_cat-serum","8":"desktop-align-left","9":"tablet-align-left","10":"mobile-align-left","11":"ast-product-gallery-layout-vertical-slider","12":"ast-product-gallery-with-no-image","13":"ast-product-tabs-layout-vertical","15":"first","16":"instock","17":"shipping-taxable","18":"product-type-simple"},"acf":[],"yoast_head":"<!-- This site is optimized with the Yoast SEO Premium plugin v23.6 (Yoast SEO v26.0) - https:\/\/yoast.com\/wordpress\/plugins\/seo\/ -->\n<title>ACTINE RENOV - Darrow Chile<\/title>\n<meta name=\"robots\" content=\"index, follow, max-snippet:-1, max-image-preview:large, max-video-preview:-1\" \/>\n<link rel=\"canonical\" href=\"https:\/\/www.darrow-latam.com\/cl\/producto\/actine-renov\/\" \/>\n<meta property=\"og:locale\" content=\"es_MX\" \/>\n<meta property=\"og:type\" content=\"article\" \/>\n<meta property=\"og:title\" content=\"ACTINE RENOV\" \/>\n<meta property=\"og:description\" content=\"Actine Renov, suero concentrado renovador antiacn\u00e9 para adultos y adolescentes de piel grasa con tendencia acneica, que busquen tratar y prevenir brotes de acn\u00e9 y puntos negros\u200b, as\u00ed como mejorar la textura irregular\u200b y marcas de acn\u00e9.\" \/>\n<meta property=\"og:url\" content=\"https:\/\/www.darrow-latam.com\/cl\/producto\/actine-renov\/\" \/>\n<meta property=\"og:site_name\" content=\"Darrow Chile\" \/>\n<meta property=\"article:modified_time\" content=\"2025-02-27T21:17:15+00:00\" \/>\n<meta property=\"og:image\" content=\"https:\/\/www.darrow-latam.com\/cl\/wp-content\/uploads\/sites\/10\/2025\/02\/Actine_renov_30g_packshot_frontal_latam_1024x1024.jpg\" \/>\n\t<meta property=\"og:image:width\" content=\"1024\" \/>\n\t<meta property=\"og:image:height\" content=\"1024\" \/>\n\t<meta property=\"og:image:type\" content=\"image\/jpeg\" \/>\n<meta name=\"twitter:card\" content=\"summary_large_image\" \/>\n<meta name=\"twitter:label1\" content=\"Tiempo de lectura\" \/>\n\t<meta name=\"twitter:data1\" content=\"2 minutos\" \/>\n<script type=\"application\/ld+json\" class=\"yoast-schema-graph\">{\"@context\":\"https:\/\/schema.org\",\"@graph\":[{\"@type\":\"WebPage\",\"@id\":\"https:\/\/www.darrow-latam.com\/cl\/producto\/actine-renov\/\",\"url\":\"https:\/\/www.darrow-latam.com\/cl\/producto\/actine-renov\/\",\"name\":\"ACTINE RENOV - Darrow Chile\",\"isPartOf\":{\"@id\":\"https:\/\/www.darrow-latam.com\/cl\/#website\"},\"primaryImageOfPage\":{\"@id\":\"https:\/\/www.darrow-latam.com\/cl\/producto\/actine-renov\/#primaryimage\"},\"image\":{\"@id\":\"https:\/\/www.darrow-latam.com\/cl\/producto\/actine-renov\/#primaryimage\"},\"thumbnailUrl\":\"https:\/\/www.darrow-latam.com\/cl\/wp-content\/uploads\/sites\/10\/2025\/02\/Actine_renov_30g_packshot_frontal_latam_1024x1024.jpg\",\"datePublished\":\"2025-02-19T17:56:10+00:00\",\"dateModified\":\"2025-02-27T21:17:15+00:00\",\"breadcrumb\":{\"@id\":\"https:\/\/www.darrow-latam.com\/cl\/producto\/actine-renov\/#breadcrumb\"},\"inLanguage\":\"es\",\"potentialAction\":[{\"@type\":\"ReadAction\",\"target\":[\"https:\/\/www.darrow-latam.com\/cl\/producto\/actine-renov\/\"]}]},{\"@type\":\"ImageObject\",\"inLanguage\":\"es\",\"@id\":\"https:\/\/www.darrow-latam.com\/cl\/producto\/actine-renov\/#primaryimage\",\"url\":\"https:\/\/www.darrow-latam.com\/cl\/wp-content\/uploads\/sites\/10\/2025\/02\/Actine_renov_30g_packshot_frontal_latam_1024x1024.jpg\",\"contentUrl\":\"https:\/\/www.darrow-latam.com\/cl\/wp-content\/uploads\/sites\/10\/2025\/02\/Actine_renov_30g_packshot_frontal_latam_1024x1024.jpg\",\"width\":1024,\"height\":1024},{\"@type\":\"BreadcrumbList\",\"@id\":\"https:\/\/www.darrow-latam.com\/cl\/producto\/actine-renov\/#breadcrumb\",\"itemListElement\":[{\"@type\":\"ListItem\",\"position\":1,\"name\":\"Portada\",\"item\":\"https:\/\/www.darrow-latam.com\/cl\/\"},{\"@type\":\"ListItem\",\"position\":2,\"name\":\"Productos\",\"item\":\"https:\/\/www.darrow-latam.com\/cl\/shop\/\"},{\"@type\":\"ListItem\",\"position\":3,\"name\":\"ACTINE RENOV\"}]},{\"@type\":\"WebSite\",\"@id\":\"https:\/\/www.darrow-latam.com\/cl\/#website\",\"url\":\"https:\/\/www.darrow-latam.com\/cl\/\",\"name\":\"Darrow M\u00e9xico\",\"description\":\"Cuidados dermatol\u00f3gicos\",\"publisher\":{\"@id\":\"https:\/\/www.darrow-latam.com\/cl\/#organization\"},\"potentialAction\":[{\"@type\":\"SearchAction\",\"target\":{\"@type\":\"EntryPoint\",\"urlTemplate\":\"https:\/\/www.darrow-latam.com\/cl\/?s={search_term_string}\"},\"query-input\":{\"@type\":\"PropertyValueSpecification\",\"valueRequired\":true,\"valueName\":\"search_term_string\"}}],\"inLanguage\":\"es\"},{\"@type\":\"Organization\",\"@id\":\"https:\/\/www.darrow-latam.com\/cl\/#organization\",\"name\":\"Darrow M\u00e9xico\",\"url\":\"https:\/\/www.darrow-latam.com\/cl\/\",\"logo\":{\"@type\":\"ImageObject\",\"inLanguage\":\"es\",\"@id\":\"https:\/\/www.darrow-latam.com\/cl\/#\/schema\/logo\/image\/\",\"url\":\"https:\/\/www.darrow-latam.com\/cl\/wp-content\/uploads\/sites\/10\/2024\/07\/logo_darrow_w34@2x.png\",\"contentUrl\":\"https:\/\/www.darrow-latam.com\/cl\/wp-content\/uploads\/sites\/10\/2024\/07\/logo_darrow_w34@2x.png\",\"width\":380,\"height\":378,\"caption\":\"Darrow M\u00e9xico\"},\"image\":{\"@id\":\"https:\/\/www.darrow-latam.com\/cl\/#\/schema\/logo\/image\/\"}}]}<\/script>\n","yoast_head_json":{"title":"ACTINE RENOV - Darrow Chile","robots":{"index":"index","follow":"follow","max-snippet":"max-snippet:-1","max-image-preview":"max-image-preview:large","max-video-preview":"max-video-preview:-1"},"canonical":"https:\/\/www.darrow-latam.com\/cl\/producto\/actine-renov\/","og_locale":"es_MX","og_type":"article","og_title":"ACTINE RENOV","og_description":"Actine Renov, suero concentrado renovador antiacn\u00e9 para adultos y adolescentes de piel grasa con tendencia acneica, que busquen tratar y prevenir brotes de acn\u00e9 y puntos negros\u200b, as\u00ed como mejorar la textura irregular\u200b y marcas de acn\u00e9.","og_url":"https:\/\/www.darrow-latam.com\/cl\/producto\/actine-renov\/","og_site_name":"Darrow Chile","article_modified_time":"2025-02-27T21:17:15+00:00","og_image":[{"width":1024,"height":1024,"url":"https:\/\/www.darrow-latam.com\/cl\/wp-content\/uploads\/sites\/10\/2025\/02\/Actine_renov_30g_packshot_frontal_latam_1024x1024.jpg","type":"image\/jpeg"}],"twitter_card":"summary_large_image","twitter_misc":{"Tiempo de lectura":"2 minutos"},"schema":{"@context":"https:\/\/schema.org","@graph":[{"@type":"WebPage","@id":"https:\/\/www.darrow-latam.com\/cl\/producto\/actine-renov\/","url":"https:\/\/www.darrow-latam.com\/cl\/producto\/actine-renov\/","name":"ACTINE RENOV - Darrow Chile","isPartOf":{"@id":"https:\/\/www.darrow-latam.com\/cl\/#website"},"primaryImageOfPage":{"@id":"https:\/\/www.darrow-latam.com\/cl\/producto\/actine-renov\/#primaryimage"},"image":{"@id":"https:\/\/www.darrow-latam.com\/cl\/producto\/actine-renov\/#primaryimage"},"thumbnailUrl":"https:\/\/www.darrow-latam.com\/cl\/wp-content\/uploads\/sites\/10\/2025\/02\/Actine_renov_30g_packshot_frontal_latam_1024x1024.jpg","datePublished":"2025-02-19T17:56:10+00:00","dateModified":"2025-02-27T21:17:15+00:00","breadcrumb":{"@id":"https:\/\/www.darrow-latam.com\/cl\/producto\/actine-renov\/#breadcrumb"},"inLanguage":"es","potentialAction":[{"@type":"ReadAction","target":["https:\/\/www.darrow-latam.com\/cl\/producto\/actine-renov\/"]}]},{"@type":"ImageObject","inLanguage":"es","@id":"https:\/\/www.darrow-latam.com\/cl\/producto\/actine-renov\/#primaryimage","url":"https:\/\/www.darrow-latam.com\/cl\/wp-content\/uploads\/sites\/10\/2025\/02\/Actine_renov_30g_packshot_frontal_latam_1024x1024.jpg","contentUrl":"https:\/\/www.darrow-latam.com\/cl\/wp-content\/uploads\/sites\/10\/2025\/02\/Actine_renov_30g_packshot_frontal_latam_1024x1024.jpg","width":1024,"height":1024},{"@type":"BreadcrumbList","@id":"https:\/\/www.darrow-latam.com\/cl\/producto\/actine-renov\/#breadcrumb","itemListElement":[{"@type":"ListItem","position":1,"name":"Portada","item":"https:\/\/www.darrow-latam.com\/cl\/"},{"@type":"ListItem","position":2,"name":"Productos","item":"https:\/\/www.darrow-latam.com\/cl\/shop\/"},{"@type":"ListItem","position":3,"name":"ACTINE RENOV"}]},{"@type":"WebSite","@id":"https:\/\/www.darrow-latam.com\/cl\/#website","url":"https:\/\/www.darrow-latam.com\/cl\/","name":"Darrow M\u00e9xico","description":"Cuidados dermatol\u00f3gicos","publisher":{"@id":"https:\/\/www.darrow-latam.com\/cl\/#organization"},"potentialAction":[{"@type":"SearchAction","target":{"@type":"EntryPoint","urlTemplate":"https:\/\/www.darrow-latam.com\/cl\/?s={search_term_string}"},"query-input":{"@type":"PropertyValueSpecification","valueRequired":true,"valueName":"search_term_string"}}],"inLanguage":"es"},{"@type":"Organization","@id":"https:\/\/www.darrow-latam.com\/cl\/#organization","name":"Darrow M\u00e9xico","url":"https:\/\/www.darrow-latam.com\/cl\/","logo":{"@type":"ImageObject","inLanguage":"es","@id":"https:\/\/www.darrow-latam.com\/cl\/#\/schema\/logo\/image\/","url":"https:\/\/www.darrow-latam.com\/cl\/wp-content\/uploads\/sites\/10\/2024\/07\/logo_darrow_w34@2x.png","contentUrl":"https:\/\/www.darrow-latam.com\/cl\/wp-content\/uploads\/sites\/10\/2024\/07\/logo_darrow_w34@2x.png","width":380,"height":378,"caption":"Darrow M\u00e9xico"},"image":{"@id":"https:\/\/www.darrow-latam.com\/cl\/#\/schema\/logo\/image\/"}}]}},"_links":{"self":[{"href":"https:\/\/www.darrow-latam.com\/cl\/wp-json\/wp\/v2\/product\/6822","targetHints":{"allow":["GET"]}}],"collection":[{"href":"https:\/\/www.darrow-latam.com\/cl\/wp-json\/wp\/v2\/product"}],"about":[{"href":"https:\/\/www.darrow-latam.com\/cl\/wp-json\/wp\/v2\/types\/product"}],"replies":[{"embeddable":true,"href":"https:\/\/www.darrow-latam.com\/cl\/wp-json\/wp\/v2\/comments?post=6822"}],"version-history":[{"count":1,"href":"https:\/\/www.darrow-latam.com\/cl\/wp-json\/wp\/v2\/product\/6822\/revisions"}],"predecessor-version":[{"id":6823,"href":"https:\/\/www.darrow-latam.com\/cl\/wp-json\/wp\/v2\/product\/6822\/revisions\/6823"}],"wp:featuredmedia":[{"embeddable":true,"href":"https:\/\/www.darrow-latam.com\/cl\/wp-json\/wp\/v2\/media\/6854"}],"wp:attachment":[{"href":"https:\/\/www.darrow-latam.com\/cl\/wp-json\/wp\/v2\/media?parent=6822"}],"wp:term":[{"taxonomy":"product_brand","embeddable":true,"href":"https:\/\/www.darrow-latam.com\/cl\/wp-json\/wp\/v2\/product_brand?post=6822"},{"taxonomy":"product_cat","embeddable":true,"href":"https:\/\/www.darrow-latam.com\/cl\/wp-json\/wp\/v2\/product_cat?post=6822"},{"taxonomy":"product_tag","embeddable":true,"href":"https:\/\/www.darrow-latam.com\/cl\/wp-json\/wp\/v2\/product_tag?post=6822"}],"curies":[{"name":"wp","href":"https:\/\/api.w.org\/{rel}","templated":true}]}}