{"id":6829,"date":"2025-02-19T12:30:06","date_gmt":"2025-02-19T18:30:06","guid":{"rendered":"https:\/\/www.darrow-latam.com\/cl\/?post_type=product&#038;p=6829"},"modified":"2025-11-13T12:38:51","modified_gmt":"2025-11-13T18:38:51","slug":"actine-gel-limpiador-3","status":"publish","type":"product","link":"https:\/\/www.darrow-latam.com\/cl\/producto\/actine-gel-limpiador-3\/","title":{"rendered":"ACTINE GEL LIMPIADOR"},"content":{"rendered":"<p><strong>Actine Gel es un limpiador dermatol\u00f3gico para pieles grasas con tendencia acneica que limpia profundamente eliminando impurezas y exceso de sebo sin resecar entregando energia y frescura a tu piel.<\/strong> Desarrollado con dermatologos, y formulado con \u00c1cido Salic\u00edlico y Vitamina C estabilizada, controla el exceso de grasa y brillo en un 90%*, proporciona una sensaci\u00f3n inmediata de frescura, desobstruye los poros reduciendo un 82% los brotes, puntos negros y espinillas a la vez que disminuye las marcas y manchas post-acn\u00e9.<br \/>\n<strong>| 83% de Ingredientes Naturales | Vegano | Cruelty Free | 0% Sulfatos y parabenos |<\/strong><\/p>\n<p>Con m\u00e1s de 50 a\u00f1os de expertise dermatol\u00f3gico, llega Darrow a Chile el primer laboratorio dermatol\u00f3gico de las pieles latinas. Exceso de grasa, climas extremos, alta exposici\u00f3n a rayos UV, contaminaci\u00f3n, estr\u00e9s hacen que las pieles latinas requieran cuidados especificos. Decididos a mejorar la salud y la belleza de la piel a trav\u00e9s de productos dermatol\u00f3gicos, <strong>nuestros cuidados contienen ingredientes activos dermo-energizantes reconocidos con eficacia comprobada desde el 1er uso.<\/strong> Nuestras f\u00f3rmulas ligeras y refrescantes est\u00e1n totalmente desarrolladas con dermat\u00f3logos para las necesidades de la piel de los latinos devolviendole su energia y vitalidad.<br \/>\nResultado: \u00a1una piel sana, luminosa y energizada!<\/p>\n","protected":false},"excerpt":{"rendered":"<p>Gel limpiador dermatol\u00f3gico para pieles grasas con tendencia acneica. Elimina impurezas, grasa y brillo, desobstruye poros, combate brotes y espinillas, entregando una limpieza profunda que energiza y refresca la piel. Booster anti-acne &amp; anti-brillo.<\/p>\n","protected":false},"featured_media":1622,"comment_status":"closed","ping_status":"closed","template":"","meta":{"_acf_changed":false,"site-sidebar-layout":"default","site-content-layout":"","ast-site-content-layout":"default","site-content-style":"default","site-sidebar-style":"default","ast-global-header-display":"","ast-banner-title-visibility":"","ast-main-header-display":"","ast-hfb-above-header-display":"","ast-hfb-below-header-display":"","ast-hfb-mobile-header-display":"","site-post-title":"","ast-breadcrumbs-content":"","ast-featured-img":"","footer-sml-layout":"","theme-transparent-header-meta":"default","adv-header-id-meta":"","stick-header-meta":"","header-above-stick-meta":"","header-main-stick-meta":"","header-below-stick-meta":"","astra-migrate-meta-layouts":"set","ast-page-background-enabled":"default","ast-page-background-meta":{"desktop":{"background-color":"var(--ast-global-color-4)","background-image":"","background-repeat":"repeat","background-position":"center center","background-size":"auto","background-attachment":"scroll","background-type":"","background-media":"","overlay-type":"","overlay-color":"","overlay-opacity":"","overlay-gradient":""},"tablet":{"background-color":"","background-image":"","background-repeat":"repeat","background-position":"center center","background-size":"auto","background-attachment":"scroll","background-type":"","background-media":"","overlay-type":"","overlay-color":"","overlay-opacity":"","overlay-gradient":""},"mobile":{"background-color":"","background-image":"","background-repeat":"repeat","background-position":"center center","background-size":"auto","background-attachment":"scroll","background-type":"","background-media":"","overlay-type":"","overlay-color":"","overlay-opacity":"","overlay-gradient":""}},"ast-content-background-meta":{"desktop":{"background-color":"var(--ast-global-color-5)","background-image":"","background-repeat":"repeat","background-position":"center center","background-size":"auto","background-attachment":"scroll","background-type":"","background-media":"","overlay-type":"","overlay-color":"","overlay-opacity":"","overlay-gradient":""},"tablet":{"background-color":"var(--ast-global-color-5)","background-image":"","background-repeat":"repeat","background-position":"center center","background-size":"auto","background-attachment":"scroll","background-type":"","background-media":"","overlay-type":"","overlay-color":"","overlay-opacity":"","overlay-gradient":""},"mobile":{"background-color":"var(--ast-global-color-5)","background-image":"","background-repeat":"repeat","background-position":"center center","background-size":"auto","background-attachment":"scroll","background-type":"","background-media":"","overlay-type":"","overlay-color":"","overlay-opacity":"","overlay-gradient":""}}},"product_brand":[],"product_cat":[28,15],"product_tag":[],"class_list":{"0":"post-6829","1":"product","2":"type-product","3":"status-publish","4":"has-post-thumbnail","6":"product_cat-gel-limpiador","7":"product_cat-piel-grasa","8":"desktop-align-left","9":"tablet-align-left","10":"mobile-align-left","11":"ast-product-gallery-layout-vertical-slider","12":"ast-product-tabs-layout-vertical","14":"first","15":"instock","16":"shipping-taxable","17":"product-type-simple"},"acf":[],"yoast_head":"<!-- This site is optimized with the Yoast SEO Premium plugin v23.6 (Yoast SEO v26.0) - https:\/\/yoast.com\/wordpress\/plugins\/seo\/ -->\n<title>ACTINE GEL LIMPIADOR - Darrow Chile<\/title>\n<meta name=\"robots\" content=\"index, follow, max-snippet:-1, max-image-preview:large, max-video-preview:-1\" \/>\n<link rel=\"canonical\" href=\"https:\/\/www.darrow-latam.com\/cl\/producto\/actine-gel-limpiador-3\/\" \/>\n<meta property=\"og:locale\" content=\"es_MX\" \/>\n<meta property=\"og:type\" content=\"article\" \/>\n<meta property=\"og:title\" content=\"ACTINE GEL LIMPIADOR\" \/>\n<meta property=\"og:description\" content=\"Gel limpiador dermatol\u00f3gico para pieles grasas con tendencia acneica. Elimina impurezas, grasa y brillo, desobstruye poros, combate brotes y espinillas, entregando una limpieza profunda que energiza y refresca la piel. Booster anti-acne &amp; anti-brillo.\" \/>\n<meta property=\"og:url\" content=\"https:\/\/www.darrow-latam.com\/cl\/producto\/actine-gel-limpiador-3\/\" \/>\n<meta property=\"og:site_name\" content=\"Darrow Chile\" \/>\n<meta property=\"article:modified_time\" content=\"2025-11-13T18:38:51+00:00\" \/>\n<meta property=\"og:image\" content=\"https:\/\/www.darrow-latam.com\/cl\/wp-content\/uploads\/sites\/10\/2024\/06\/actine_400ml_fte.jpg\" \/>\n\t<meta property=\"og:image:width\" content=\"1024\" \/>\n\t<meta property=\"og:image:height\" content=\"1024\" \/>\n\t<meta property=\"og:image:type\" content=\"image\/jpeg\" \/>\n<meta name=\"twitter:card\" content=\"summary_large_image\" \/>\n<meta name=\"twitter:label1\" content=\"Tiempo de lectura\" \/>\n\t<meta name=\"twitter:data1\" content=\"2 minutos\" \/>\n<script type=\"application\/ld+json\" class=\"yoast-schema-graph\">{\"@context\":\"https:\/\/schema.org\",\"@graph\":[{\"@type\":\"WebPage\",\"@id\":\"https:\/\/www.darrow-latam.com\/cl\/producto\/actine-gel-limpiador-3\/\",\"url\":\"https:\/\/www.darrow-latam.com\/cl\/producto\/actine-gel-limpiador-3\/\",\"name\":\"ACTINE GEL LIMPIADOR - Darrow Chile\",\"isPartOf\":{\"@id\":\"https:\/\/www.darrow-latam.com\/cl\/#website\"},\"primaryImageOfPage\":{\"@id\":\"https:\/\/www.darrow-latam.com\/cl\/producto\/actine-gel-limpiador-3\/#primaryimage\"},\"image\":{\"@id\":\"https:\/\/www.darrow-latam.com\/cl\/producto\/actine-gel-limpiador-3\/#primaryimage\"},\"thumbnailUrl\":\"https:\/\/www.darrow-latam.com\/cl\/wp-content\/uploads\/sites\/10\/2024\/06\/actine_400ml_fte.jpg\",\"datePublished\":\"2025-02-19T18:30:06+00:00\",\"dateModified\":\"2025-11-13T18:38:51+00:00\",\"breadcrumb\":{\"@id\":\"https:\/\/www.darrow-latam.com\/cl\/producto\/actine-gel-limpiador-3\/#breadcrumb\"},\"inLanguage\":\"es\",\"potentialAction\":[{\"@type\":\"ReadAction\",\"target\":[\"https:\/\/www.darrow-latam.com\/cl\/producto\/actine-gel-limpiador-3\/\"]}]},{\"@type\":\"ImageObject\",\"inLanguage\":\"es\",\"@id\":\"https:\/\/www.darrow-latam.com\/cl\/producto\/actine-gel-limpiador-3\/#primaryimage\",\"url\":\"https:\/\/www.darrow-latam.com\/cl\/wp-content\/uploads\/sites\/10\/2024\/06\/actine_400ml_fte.jpg\",\"contentUrl\":\"https:\/\/www.darrow-latam.com\/cl\/wp-content\/uploads\/sites\/10\/2024\/06\/actine_400ml_fte.jpg\",\"width\":1024,\"height\":1024},{\"@type\":\"BreadcrumbList\",\"@id\":\"https:\/\/www.darrow-latam.com\/cl\/producto\/actine-gel-limpiador-3\/#breadcrumb\",\"itemListElement\":[{\"@type\":\"ListItem\",\"position\":1,\"name\":\"Portada\",\"item\":\"https:\/\/www.darrow-latam.com\/cl\/\"},{\"@type\":\"ListItem\",\"position\":2,\"name\":\"Productos\",\"item\":\"https:\/\/www.darrow-latam.com\/cl\/shop\/\"},{\"@type\":\"ListItem\",\"position\":3,\"name\":\"ACTINE GEL LIMPIADOR\"}]},{\"@type\":\"WebSite\",\"@id\":\"https:\/\/www.darrow-latam.com\/cl\/#website\",\"url\":\"https:\/\/www.darrow-latam.com\/cl\/\",\"name\":\"Darrow M\u00e9xico\",\"description\":\"Cuidados dermatol\u00f3gicos\",\"publisher\":{\"@id\":\"https:\/\/www.darrow-latam.com\/cl\/#organization\"},\"potentialAction\":[{\"@type\":\"SearchAction\",\"target\":{\"@type\":\"EntryPoint\",\"urlTemplate\":\"https:\/\/www.darrow-latam.com\/cl\/?s={search_term_string}\"},\"query-input\":{\"@type\":\"PropertyValueSpecification\",\"valueRequired\":true,\"valueName\":\"search_term_string\"}}],\"inLanguage\":\"es\"},{\"@type\":\"Organization\",\"@id\":\"https:\/\/www.darrow-latam.com\/cl\/#organization\",\"name\":\"Darrow M\u00e9xico\",\"url\":\"https:\/\/www.darrow-latam.com\/cl\/\",\"logo\":{\"@type\":\"ImageObject\",\"inLanguage\":\"es\",\"@id\":\"https:\/\/www.darrow-latam.com\/cl\/#\/schema\/logo\/image\/\",\"url\":\"https:\/\/www.darrow-latam.com\/cl\/wp-content\/uploads\/sites\/10\/2024\/07\/logo_darrow_w34@2x.png\",\"contentUrl\":\"https:\/\/www.darrow-latam.com\/cl\/wp-content\/uploads\/sites\/10\/2024\/07\/logo_darrow_w34@2x.png\",\"width\":380,\"height\":378,\"caption\":\"Darrow M\u00e9xico\"},\"image\":{\"@id\":\"https:\/\/www.darrow-latam.com\/cl\/#\/schema\/logo\/image\/\"}}]}<\/script>\n","yoast_head_json":{"title":"ACTINE GEL LIMPIADOR - Darrow Chile","robots":{"index":"index","follow":"follow","max-snippet":"max-snippet:-1","max-image-preview":"max-image-preview:large","max-video-preview":"max-video-preview:-1"},"canonical":"https:\/\/www.darrow-latam.com\/cl\/producto\/actine-gel-limpiador-3\/","og_locale":"es_MX","og_type":"article","og_title":"ACTINE GEL LIMPIADOR","og_description":"Gel limpiador dermatol\u00f3gico para pieles grasas con tendencia acneica. Elimina impurezas, grasa y brillo, desobstruye poros, combate brotes y espinillas, entregando una limpieza profunda que energiza y refresca la piel. Booster anti-acne &amp; anti-brillo.","og_url":"https:\/\/www.darrow-latam.com\/cl\/producto\/actine-gel-limpiador-3\/","og_site_name":"Darrow Chile","article_modified_time":"2025-11-13T18:38:51+00:00","og_image":[{"width":1024,"height":1024,"url":"https:\/\/www.darrow-latam.com\/cl\/wp-content\/uploads\/sites\/10\/2024\/06\/actine_400ml_fte.jpg","type":"image\/jpeg"}],"twitter_card":"summary_large_image","twitter_misc":{"Tiempo de lectura":"2 minutos"},"schema":{"@context":"https:\/\/schema.org","@graph":[{"@type":"WebPage","@id":"https:\/\/www.darrow-latam.com\/cl\/producto\/actine-gel-limpiador-3\/","url":"https:\/\/www.darrow-latam.com\/cl\/producto\/actine-gel-limpiador-3\/","name":"ACTINE GEL LIMPIADOR - Darrow Chile","isPartOf":{"@id":"https:\/\/www.darrow-latam.com\/cl\/#website"},"primaryImageOfPage":{"@id":"https:\/\/www.darrow-latam.com\/cl\/producto\/actine-gel-limpiador-3\/#primaryimage"},"image":{"@id":"https:\/\/www.darrow-latam.com\/cl\/producto\/actine-gel-limpiador-3\/#primaryimage"},"thumbnailUrl":"https:\/\/www.darrow-latam.com\/cl\/wp-content\/uploads\/sites\/10\/2024\/06\/actine_400ml_fte.jpg","datePublished":"2025-02-19T18:30:06+00:00","dateModified":"2025-11-13T18:38:51+00:00","breadcrumb":{"@id":"https:\/\/www.darrow-latam.com\/cl\/producto\/actine-gel-limpiador-3\/#breadcrumb"},"inLanguage":"es","potentialAction":[{"@type":"ReadAction","target":["https:\/\/www.darrow-latam.com\/cl\/producto\/actine-gel-limpiador-3\/"]}]},{"@type":"ImageObject","inLanguage":"es","@id":"https:\/\/www.darrow-latam.com\/cl\/producto\/actine-gel-limpiador-3\/#primaryimage","url":"https:\/\/www.darrow-latam.com\/cl\/wp-content\/uploads\/sites\/10\/2024\/06\/actine_400ml_fte.jpg","contentUrl":"https:\/\/www.darrow-latam.com\/cl\/wp-content\/uploads\/sites\/10\/2024\/06\/actine_400ml_fte.jpg","width":1024,"height":1024},{"@type":"BreadcrumbList","@id":"https:\/\/www.darrow-latam.com\/cl\/producto\/actine-gel-limpiador-3\/#breadcrumb","itemListElement":[{"@type":"ListItem","position":1,"name":"Portada","item":"https:\/\/www.darrow-latam.com\/cl\/"},{"@type":"ListItem","position":2,"name":"Productos","item":"https:\/\/www.darrow-latam.com\/cl\/shop\/"},{"@type":"ListItem","position":3,"name":"ACTINE GEL LIMPIADOR"}]},{"@type":"WebSite","@id":"https:\/\/www.darrow-latam.com\/cl\/#website","url":"https:\/\/www.darrow-latam.com\/cl\/","name":"Darrow M\u00e9xico","description":"Cuidados dermatol\u00f3gicos","publisher":{"@id":"https:\/\/www.darrow-latam.com\/cl\/#organization"},"potentialAction":[{"@type":"SearchAction","target":{"@type":"EntryPoint","urlTemplate":"https:\/\/www.darrow-latam.com\/cl\/?s={search_term_string}"},"query-input":{"@type":"PropertyValueSpecification","valueRequired":true,"valueName":"search_term_string"}}],"inLanguage":"es"},{"@type":"Organization","@id":"https:\/\/www.darrow-latam.com\/cl\/#organization","name":"Darrow M\u00e9xico","url":"https:\/\/www.darrow-latam.com\/cl\/","logo":{"@type":"ImageObject","inLanguage":"es","@id":"https:\/\/www.darrow-latam.com\/cl\/#\/schema\/logo\/image\/","url":"https:\/\/www.darrow-latam.com\/cl\/wp-content\/uploads\/sites\/10\/2024\/07\/logo_darrow_w34@2x.png","contentUrl":"https:\/\/www.darrow-latam.com\/cl\/wp-content\/uploads\/sites\/10\/2024\/07\/logo_darrow_w34@2x.png","width":380,"height":378,"caption":"Darrow M\u00e9xico"},"image":{"@id":"https:\/\/www.darrow-latam.com\/cl\/#\/schema\/logo\/image\/"}}]}},"_links":{"self":[{"href":"https:\/\/www.darrow-latam.com\/cl\/wp-json\/wp\/v2\/product\/6829","targetHints":{"allow":["GET"]}}],"collection":[{"href":"https:\/\/www.darrow-latam.com\/cl\/wp-json\/wp\/v2\/product"}],"about":[{"href":"https:\/\/www.darrow-latam.com\/cl\/wp-json\/wp\/v2\/types\/product"}],"replies":[{"embeddable":true,"href":"https:\/\/www.darrow-latam.com\/cl\/wp-json\/wp\/v2\/comments?post=6829"}],"version-history":[{"count":1,"href":"https:\/\/www.darrow-latam.com\/cl\/wp-json\/wp\/v2\/product\/6829\/revisions"}],"predecessor-version":[{"id":6830,"href":"https:\/\/www.darrow-latam.com\/cl\/wp-json\/wp\/v2\/product\/6829\/revisions\/6830"}],"wp:featuredmedia":[{"embeddable":true,"href":"https:\/\/www.darrow-latam.com\/cl\/wp-json\/wp\/v2\/media\/1622"}],"wp:attachment":[{"href":"https:\/\/www.darrow-latam.com\/cl\/wp-json\/wp\/v2\/media?parent=6829"}],"wp:term":[{"taxonomy":"product_brand","embeddable":true,"href":"https:\/\/www.darrow-latam.com\/cl\/wp-json\/wp\/v2\/product_brand?post=6829"},{"taxonomy":"product_cat","embeddable":true,"href":"https:\/\/www.darrow-latam.com\/cl\/wp-json\/wp\/v2\/product_cat?post=6829"},{"taxonomy":"product_tag","embeddable":true,"href":"https:\/\/www.darrow-latam.com\/cl\/wp-json\/wp\/v2\/product_tag?post=6829"}],"curies":[{"name":"wp","href":"https:\/\/api.w.org\/{rel}","templated":true}]}}