{"id":6408,"date":"2024-09-17T21:26:23","date_gmt":"2024-09-18T03:26:23","guid":{"rendered":"https:\/\/www.darrow-latam.com\/co\/?post_type=product&#038;p=6408"},"modified":"2025-10-01T11:16:08","modified_gmt":"2025-10-01T17:16:08","slug":"actine-oil-control-gel-400g","status":"publish","type":"product","link":"https:\/\/www.darrow-latam.com\/co\/producto\/actine-oil-control-gel-400g\/","title":{"rendered":"ACTINE OIL CONTROL GEL 400G"},"content":{"rendered":"<p>Actine es la gama dermatol\u00f3gica especialista de las pieles latinas muy grasas y con imperfecciones.<\/p>\n<p>Darrow Actine Oil Control Gel Limpiador promueve una piel matificada y libre de grasa hasta por 12 horas, tiene una acci\u00f3n renovadora y est\u00e1 libre de efectos rebote. Su f\u00f3rmula eficaz aporta tambi\u00e9n hidrataci\u00f3n al rostro.<\/p>\n<p>Comprueba los beneficios del NUEVO Darrow Actine Oil Control Gel Limpiador con \u00c1cido glic\u00f3lico y Vitamina B5.<\/p>\n<p>Limpieza y frescura inmediata en el rostro, aporta sensaci\u00f3n de piel purificada.<\/p>\n","protected":false},"excerpt":{"rendered":"<p><span data-sheets-value=\"{&quot;1&quot;:2,&quot;2&quot;:&quot;Darrow Laboratorio se preocupa por ofrecer a los consumidores productos desarrollados con dermat\u00f3logos latinoamericanos de eficacia comprobada y adaptados a las pieles latinas. Presente en el mercado brasile\u00f1o desde hace m\u00e1s de 50 a\u00f1os, cuenta con una experiencia reconocida en el segmento de la higiene y cuidado personal.&quot;}\" data-sheets-userformat=\"{&quot;2&quot;:14783,&quot;3&quot;:{&quot;1&quot;:0,&quot;3&quot;:1},&quot;4&quot;:{&quot;1&quot;:2,&quot;2&quot;:16239276},&quot;5&quot;:{&quot;1&quot;:[{&quot;1&quot;:2,&quot;2&quot;:0,&quot;5&quot;:{&quot;1&quot;:2,&quot;2&quot;:0}},{&quot;1&quot;:0,&quot;2&quot;:0,&quot;3&quot;:3},{&quot;1&quot;:1,&quot;2&quot;:0,&quot;4&quot;:1}]},&quot;6&quot;:{&quot;1&quot;:[{&quot;1&quot;:2,&quot;2&quot;:0,&quot;5&quot;:{&quot;1&quot;:2,&quot;2&quot;:0}},{&quot;1&quot;:0,&quot;2&quot;:0,&quot;3&quot;:3},{&quot;1&quot;:1,&quot;2&quot;:0,&quot;4&quot;:1}]},&quot;7&quot;:{&quot;1&quot;:[{&quot;1&quot;:2,&quot;2&quot;:0,&quot;5&quot;:{&quot;1&quot;:2,&quot;2&quot;:0}},{&quot;1&quot;:0,&quot;2&quot;:0,&quot;3&quot;:3},{&quot;1&quot;:1,&quot;2&quot;:0,&quot;4&quot;:1}]},&quot;8&quot;:{&quot;1&quot;:[{&quot;1&quot;:2,&quot;2&quot;:0,&quot;5&quot;:{&quot;1&quot;:2,&quot;2&quot;:0}},{&quot;1&quot;:0,&quot;2&quot;:0,&quot;3&quot;:3},{&quot;1&quot;:1,&quot;2&quot;:0,&quot;4&quot;:1}]},&quot;10&quot;:0,&quot;11&quot;:4,&quot;14&quot;:{&quot;1&quot;:3,&quot;3&quot;:1},&quot;15&quot;:&quot;Calibri&quot;,&quot;16&quot;:11}\">Darrow Laboratorio se preocupa por ofrecer a los consumidores productos desarrollados con dermat\u00f3logos latinoamericanos de eficacia comprobada y adaptados a las pieles latinas. Presente en el mercado brasile\u00f1o desde hace m\u00e1s de 50 a\u00f1os, cuenta con una experiencia reconocida en el segmento de la higiene y cuidado personal.<\/span><\/p>\n","protected":false},"featured_media":1603,"comment_status":"closed","ping_status":"closed","template":"","meta":{"_acf_changed":false,"site-sidebar-layout":"default","site-content-layout":"","ast-site-content-layout":"default","site-content-style":"default","site-sidebar-style":"default","ast-global-header-display":"","ast-banner-title-visibility":"","ast-main-header-display":"","ast-hfb-above-header-display":"","ast-hfb-below-header-display":"","ast-hfb-mobile-header-display":"","site-post-title":"","ast-breadcrumbs-content":"","ast-featured-img":"","footer-sml-layout":"","theme-transparent-header-meta":"default","adv-header-id-meta":"","stick-header-meta":"","header-above-stick-meta":"","header-main-stick-meta":"","header-below-stick-meta":"","astra-migrate-meta-layouts":"set","ast-page-background-enabled":"default","ast-page-background-meta":{"desktop":{"background-color":"var(--ast-global-color-4)","background-image":"","background-repeat":"repeat","background-position":"center center","background-size":"auto","background-attachment":"scroll","background-type":"","background-media":"","overlay-type":"","overlay-color":"","overlay-opacity":"","overlay-gradient":""},"tablet":{"background-color":"","background-image":"","background-repeat":"repeat","background-position":"center center","background-size":"auto","background-attachment":"scroll","background-type":"","background-media":"","overlay-type":"","overlay-color":"","overlay-opacity":"","overlay-gradient":""},"mobile":{"background-color":"","background-image":"","background-repeat":"repeat","background-position":"center center","background-size":"auto","background-attachment":"scroll","background-type":"","background-media":"","overlay-type":"","overlay-color":"","overlay-opacity":"","overlay-gradient":""}},"ast-content-background-meta":{"desktop":{"background-color":"var(--ast-global-color-5)","background-image":"","background-repeat":"repeat","background-position":"center center","background-size":"auto","background-attachment":"scroll","background-type":"","background-media":"","overlay-type":"","overlay-color":"","overlay-opacity":"","overlay-gradient":""},"tablet":{"background-color":"var(--ast-global-color-5)","background-image":"","background-repeat":"repeat","background-position":"center center","background-size":"auto","background-attachment":"scroll","background-type":"","background-media":"","overlay-type":"","overlay-color":"","overlay-opacity":"","overlay-gradient":""},"mobile":{"background-color":"var(--ast-global-color-5)","background-image":"","background-repeat":"repeat","background-position":"center center","background-size":"auto","background-attachment":"scroll","background-type":"","background-media":"","overlay-type":"","overlay-color":"","overlay-opacity":"","overlay-gradient":""}}},"product_brand":[],"product_cat":[15,28],"product_tag":[],"class_list":{"0":"post-6408","1":"product","2":"type-product","3":"status-publish","4":"has-post-thumbnail","6":"product_cat-piel-grasa","7":"product_cat-gel-limpiador","8":"desktop-align-left","9":"tablet-align-left","10":"mobile-align-left","11":"ast-product-gallery-layout-vertical-slider","12":"ast-product-tabs-layout-vertical","14":"first","15":"instock","16":"shipping-taxable","17":"product-type-simple"},"acf":[],"yoast_head":"<!-- This site is optimized with the Yoast SEO Premium plugin v23.6 (Yoast SEO v26.0) - https:\/\/yoast.com\/wordpress\/plugins\/seo\/ -->\n<title>Actine | Gel limpiador facial oil control, 400ml - Darrow<\/title>\n<meta name=\"description\" content=\"Eleva tu rutina de cuidado facial con la garant\u00eda de una piel purificada y radiante. Prueba Darrow Actine Oil Control Gel\" \/>\n<meta name=\"robots\" content=\"index, follow, max-snippet:-1, max-image-preview:large, max-video-preview:-1\" \/>\n<link rel=\"canonical\" href=\"https:\/\/www.darrow-latam.com\/co\/producto\/actine-oil-control-gel-400g\/\" \/>\n<meta property=\"og:locale\" content=\"es_ES\" \/>\n<meta property=\"og:type\" content=\"article\" \/>\n<meta property=\"og:title\" content=\"ACTINE OIL CONTROL GEL 400G\" \/>\n<meta property=\"og:description\" content=\"Eleva tu rutina de cuidado facial con la garant\u00eda de una piel purificada y radiante. Prueba Darrow Actine Oil Control Gel\" \/>\n<meta property=\"og:url\" content=\"https:\/\/www.darrow-latam.com\/co\/producto\/actine-oil-control-gel-400g\/\" \/>\n<meta property=\"og:site_name\" content=\"Darrow Colombia\" \/>\n<meta property=\"article:modified_time\" content=\"2025-10-01T17:16:08+00:00\" \/>\n<meta property=\"og:image\" content=\"https:\/\/www.darrow-latam.com\/co\/wp-content\/uploads\/sites\/12\/2024\/06\/Diseno-sin-titulo-Photoroom.png\" \/>\n\t<meta property=\"og:image:width\" content=\"1024\" \/>\n\t<meta property=\"og:image:height\" content=\"1024\" \/>\n\t<meta property=\"og:image:type\" content=\"image\/png\" \/>\n<meta name=\"twitter:card\" content=\"summary_large_image\" \/>\n<meta name=\"twitter:label1\" content=\"Tiempo de lectura\" \/>\n\t<meta name=\"twitter:data1\" content=\"1 minuto\" \/>\n<script type=\"application\/ld+json\" class=\"yoast-schema-graph\">{\"@context\":\"https:\/\/schema.org\",\"@graph\":[{\"@type\":\"WebPage\",\"@id\":\"https:\/\/www.darrow-latam.com\/co\/producto\/actine-oil-control-gel-400g\/\",\"url\":\"https:\/\/www.darrow-latam.com\/co\/producto\/actine-oil-control-gel-400g\/\",\"name\":\"Actine | Gel limpiador facial oil control, 400ml - Darrow\",\"isPartOf\":{\"@id\":\"https:\/\/www.darrow-latam.com\/co\/#website\"},\"primaryImageOfPage\":{\"@id\":\"https:\/\/www.darrow-latam.com\/co\/producto\/actine-oil-control-gel-400g\/#primaryimage\"},\"image\":{\"@id\":\"https:\/\/www.darrow-latam.com\/co\/producto\/actine-oil-control-gel-400g\/#primaryimage\"},\"thumbnailUrl\":\"https:\/\/www.darrow-latam.com\/co\/wp-content\/uploads\/sites\/12\/2024\/06\/Diseno-sin-titulo-Photoroom.png\",\"datePublished\":\"2024-09-18T03:26:23+00:00\",\"dateModified\":\"2025-10-01T17:16:08+00:00\",\"description\":\"Eleva tu rutina de cuidado facial con la garant\u00eda de una piel purificada y radiante. Prueba Darrow Actine Oil Control Gel\",\"breadcrumb\":{\"@id\":\"https:\/\/www.darrow-latam.com\/co\/producto\/actine-oil-control-gel-400g\/#breadcrumb\"},\"inLanguage\":\"es-CO\",\"potentialAction\":[{\"@type\":\"ReadAction\",\"target\":[\"https:\/\/www.darrow-latam.com\/co\/producto\/actine-oil-control-gel-400g\/\"]}]},{\"@type\":\"ImageObject\",\"inLanguage\":\"es-CO\",\"@id\":\"https:\/\/www.darrow-latam.com\/co\/producto\/actine-oil-control-gel-400g\/#primaryimage\",\"url\":\"https:\/\/www.darrow-latam.com\/co\/wp-content\/uploads\/sites\/12\/2024\/06\/Diseno-sin-titulo-Photoroom.png\",\"contentUrl\":\"https:\/\/www.darrow-latam.com\/co\/wp-content\/uploads\/sites\/12\/2024\/06\/Diseno-sin-titulo-Photoroom.png\",\"width\":1024,\"height\":1024},{\"@type\":\"BreadcrumbList\",\"@id\":\"https:\/\/www.darrow-latam.com\/co\/producto\/actine-oil-control-gel-400g\/#breadcrumb\",\"itemListElement\":[{\"@type\":\"ListItem\",\"position\":1,\"name\":\"Portada\",\"item\":\"https:\/\/www.darrow-latam.com\/co\/\"},{\"@type\":\"ListItem\",\"position\":2,\"name\":\"Productos\",\"item\":\"https:\/\/www.darrow-latam.com\/co\/shop\/\"},{\"@type\":\"ListItem\",\"position\":3,\"name\":\"ACTINE OIL CONTROL GEL 400G\"}]},{\"@type\":\"WebSite\",\"@id\":\"https:\/\/www.darrow-latam.com\/co\/#website\",\"url\":\"https:\/\/www.darrow-latam.com\/co\/\",\"name\":\"Darrow M\u00e9xico\",\"description\":\"Cuidados dermatol\u00f3gicos\",\"publisher\":{\"@id\":\"https:\/\/www.darrow-latam.com\/co\/#organization\"},\"potentialAction\":[{\"@type\":\"SearchAction\",\"target\":{\"@type\":\"EntryPoint\",\"urlTemplate\":\"https:\/\/www.darrow-latam.com\/co\/?s={search_term_string}\"},\"query-input\":{\"@type\":\"PropertyValueSpecification\",\"valueRequired\":true,\"valueName\":\"search_term_string\"}}],\"inLanguage\":\"es-CO\"},{\"@type\":\"Organization\",\"@id\":\"https:\/\/www.darrow-latam.com\/co\/#organization\",\"name\":\"Darrow M\u00e9xico\",\"url\":\"https:\/\/www.darrow-latam.com\/co\/\",\"logo\":{\"@type\":\"ImageObject\",\"inLanguage\":\"es-CO\",\"@id\":\"https:\/\/www.darrow-latam.com\/co\/#\/schema\/logo\/image\/\",\"url\":\"https:\/\/www.darrow-latam.com\/co\/wp-content\/uploads\/sites\/12\/2024\/07\/logo_darrow_w34@2x.png\",\"contentUrl\":\"https:\/\/www.darrow-latam.com\/co\/wp-content\/uploads\/sites\/12\/2024\/07\/logo_darrow_w34@2x.png\",\"width\":380,\"height\":378,\"caption\":\"Darrow M\u00e9xico\"},\"image\":{\"@id\":\"https:\/\/www.darrow-latam.com\/co\/#\/schema\/logo\/image\/\"}}]}<\/script>\n","yoast_head_json":{"title":"Actine | Gel limpiador facial oil control, 400ml - Darrow","description":"Eleva tu rutina de cuidado facial con la garant\u00eda de una piel purificada y radiante. Prueba Darrow Actine Oil Control Gel","robots":{"index":"index","follow":"follow","max-snippet":"max-snippet:-1","max-image-preview":"max-image-preview:large","max-video-preview":"max-video-preview:-1"},"canonical":"https:\/\/www.darrow-latam.com\/co\/producto\/actine-oil-control-gel-400g\/","og_locale":"es_ES","og_type":"article","og_title":"ACTINE OIL CONTROL GEL 400G","og_description":"Eleva tu rutina de cuidado facial con la garant\u00eda de una piel purificada y radiante. Prueba Darrow Actine Oil Control Gel","og_url":"https:\/\/www.darrow-latam.com\/co\/producto\/actine-oil-control-gel-400g\/","og_site_name":"Darrow Colombia","article_modified_time":"2025-10-01T17:16:08+00:00","og_image":[{"width":1024,"height":1024,"url":"https:\/\/www.darrow-latam.com\/co\/wp-content\/uploads\/sites\/12\/2024\/06\/Diseno-sin-titulo-Photoroom.png","type":"image\/png"}],"twitter_card":"summary_large_image","twitter_misc":{"Tiempo de lectura":"1 minuto"},"schema":{"@context":"https:\/\/schema.org","@graph":[{"@type":"WebPage","@id":"https:\/\/www.darrow-latam.com\/co\/producto\/actine-oil-control-gel-400g\/","url":"https:\/\/www.darrow-latam.com\/co\/producto\/actine-oil-control-gel-400g\/","name":"Actine | Gel limpiador facial oil control, 400ml - Darrow","isPartOf":{"@id":"https:\/\/www.darrow-latam.com\/co\/#website"},"primaryImageOfPage":{"@id":"https:\/\/www.darrow-latam.com\/co\/producto\/actine-oil-control-gel-400g\/#primaryimage"},"image":{"@id":"https:\/\/www.darrow-latam.com\/co\/producto\/actine-oil-control-gel-400g\/#primaryimage"},"thumbnailUrl":"https:\/\/www.darrow-latam.com\/co\/wp-content\/uploads\/sites\/12\/2024\/06\/Diseno-sin-titulo-Photoroom.png","datePublished":"2024-09-18T03:26:23+00:00","dateModified":"2025-10-01T17:16:08+00:00","description":"Eleva tu rutina de cuidado facial con la garant\u00eda de una piel purificada y radiante. Prueba Darrow Actine Oil Control Gel","breadcrumb":{"@id":"https:\/\/www.darrow-latam.com\/co\/producto\/actine-oil-control-gel-400g\/#breadcrumb"},"inLanguage":"es-CO","potentialAction":[{"@type":"ReadAction","target":["https:\/\/www.darrow-latam.com\/co\/producto\/actine-oil-control-gel-400g\/"]}]},{"@type":"ImageObject","inLanguage":"es-CO","@id":"https:\/\/www.darrow-latam.com\/co\/producto\/actine-oil-control-gel-400g\/#primaryimage","url":"https:\/\/www.darrow-latam.com\/co\/wp-content\/uploads\/sites\/12\/2024\/06\/Diseno-sin-titulo-Photoroom.png","contentUrl":"https:\/\/www.darrow-latam.com\/co\/wp-content\/uploads\/sites\/12\/2024\/06\/Diseno-sin-titulo-Photoroom.png","width":1024,"height":1024},{"@type":"BreadcrumbList","@id":"https:\/\/www.darrow-latam.com\/co\/producto\/actine-oil-control-gel-400g\/#breadcrumb","itemListElement":[{"@type":"ListItem","position":1,"name":"Portada","item":"https:\/\/www.darrow-latam.com\/co\/"},{"@type":"ListItem","position":2,"name":"Productos","item":"https:\/\/www.darrow-latam.com\/co\/shop\/"},{"@type":"ListItem","position":3,"name":"ACTINE OIL CONTROL GEL 400G"}]},{"@type":"WebSite","@id":"https:\/\/www.darrow-latam.com\/co\/#website","url":"https:\/\/www.darrow-latam.com\/co\/","name":"Darrow M\u00e9xico","description":"Cuidados dermatol\u00f3gicos","publisher":{"@id":"https:\/\/www.darrow-latam.com\/co\/#organization"},"potentialAction":[{"@type":"SearchAction","target":{"@type":"EntryPoint","urlTemplate":"https:\/\/www.darrow-latam.com\/co\/?s={search_term_string}"},"query-input":{"@type":"PropertyValueSpecification","valueRequired":true,"valueName":"search_term_string"}}],"inLanguage":"es-CO"},{"@type":"Organization","@id":"https:\/\/www.darrow-latam.com\/co\/#organization","name":"Darrow M\u00e9xico","url":"https:\/\/www.darrow-latam.com\/co\/","logo":{"@type":"ImageObject","inLanguage":"es-CO","@id":"https:\/\/www.darrow-latam.com\/co\/#\/schema\/logo\/image\/","url":"https:\/\/www.darrow-latam.com\/co\/wp-content\/uploads\/sites\/12\/2024\/07\/logo_darrow_w34@2x.png","contentUrl":"https:\/\/www.darrow-latam.com\/co\/wp-content\/uploads\/sites\/12\/2024\/07\/logo_darrow_w34@2x.png","width":380,"height":378,"caption":"Darrow M\u00e9xico"},"image":{"@id":"https:\/\/www.darrow-latam.com\/co\/#\/schema\/logo\/image\/"}}]}},"_links":{"self":[{"href":"https:\/\/www.darrow-latam.com\/co\/wp-json\/wp\/v2\/product\/6408","targetHints":{"allow":["GET"]}}],"collection":[{"href":"https:\/\/www.darrow-latam.com\/co\/wp-json\/wp\/v2\/product"}],"about":[{"href":"https:\/\/www.darrow-latam.com\/co\/wp-json\/wp\/v2\/types\/product"}],"replies":[{"embeddable":true,"href":"https:\/\/www.darrow-latam.com\/co\/wp-json\/wp\/v2\/comments?post=6408"}],"version-history":[{"count":3,"href":"https:\/\/www.darrow-latam.com\/co\/wp-json\/wp\/v2\/product\/6408\/revisions"}],"predecessor-version":[{"id":6951,"href":"https:\/\/www.darrow-latam.com\/co\/wp-json\/wp\/v2\/product\/6408\/revisions\/6951"}],"wp:featuredmedia":[{"embeddable":true,"href":"https:\/\/www.darrow-latam.com\/co\/wp-json\/wp\/v2\/media\/1603"}],"wp:attachment":[{"href":"https:\/\/www.darrow-latam.com\/co\/wp-json\/wp\/v2\/media?parent=6408"}],"wp:term":[{"taxonomy":"product_brand","embeddable":true,"href":"https:\/\/www.darrow-latam.com\/co\/wp-json\/wp\/v2\/product_brand?post=6408"},{"taxonomy":"product_cat","embeddable":true,"href":"https:\/\/www.darrow-latam.com\/co\/wp-json\/wp\/v2\/product_cat?post=6408"},{"taxonomy":"product_tag","embeddable":true,"href":"https:\/\/www.darrow-latam.com\/co\/wp-json\/wp\/v2\/product_tag?post=6408"}],"curies":[{"name":"wp","href":"https:\/\/api.w.org\/{rel}","templated":true}]}}