{"id":6436,"date":"2024-09-17T23:06:57","date_gmt":"2024-09-18T05:06:57","guid":{"rendered":"https:\/\/www.darrow-latam.com\/co\/?post_type=product&#038;p=6436"},"modified":"2025-10-01T11:42:17","modified_gmt":"2025-10-01T17:42:17","slug":"nutriforce-med-390g","status":"publish","type":"product","link":"https:\/\/www.darrow-latam.com\/co\/producto\/nutriforce-med-390g\/","title":{"rendered":"NUTRIFORCE MED 390G"},"content":{"rendered":"<p>Nutriforce es la gama dermatol\u00f3gica especialista en la hidrataci\u00f3n de las pieles latinas secas y muy secas.<\/p>\n<p>Darrow Nutriforce Med posee, en su f\u00f3rmula exclusiva, un complejo nutrihidratante (\u00e1cidos grasos + glicerina) que repara y fortalece de forma duradera la barrera protectora de la piel, y un complejo restaurador-calmante (cera alba + enoxolona) que calma la piel inmediatamente.<\/p>\n<p>Con una eficacia comprobada cient\u00edficamente Nutriforce MED es hipoalerg\u00e9nico y sin fragancia. Lo pueden usar los adultos y los ni\u00f1os desde los 3 meses de edad, no arde ni deja olor en la piel.<\/p>\n","protected":false},"excerpt":{"rendered":"<p>Darrow Laboratorio se preocupa por ofrecer a los consumidores productos desarrollados con dermat\u00f3logos latinoamericanos de eficacia comprobada y adaptados a las pieles latinas. Presente en el mercado brasile\u00f1o desde hace m\u00e1s de 50 a\u00f1os, cuenta con una experiencia reconocida en el segmento de la higiene y cuidado personal.<\/p>\n","protected":false},"featured_media":1641,"comment_status":"closed","ping_status":"closed","template":"","meta":{"_acf_changed":false,"site-sidebar-layout":"default","site-content-layout":"","ast-site-content-layout":"default","site-content-style":"default","site-sidebar-style":"default","ast-global-header-display":"","ast-banner-title-visibility":"","ast-main-header-display":"","ast-hfb-above-header-display":"","ast-hfb-below-header-display":"","ast-hfb-mobile-header-display":"","site-post-title":"","ast-breadcrumbs-content":"","ast-featured-img":"","footer-sml-layout":"","theme-transparent-header-meta":"default","adv-header-id-meta":"","stick-header-meta":"","header-above-stick-meta":"","header-main-stick-meta":"","header-below-stick-meta":"","astra-migrate-meta-layouts":"set","ast-page-background-enabled":"default","ast-page-background-meta":{"desktop":{"background-color":"var(--ast-global-color-4)","background-image":"","background-repeat":"repeat","background-position":"center center","background-size":"auto","background-attachment":"scroll","background-type":"","background-media":"","overlay-type":"","overlay-color":"","overlay-opacity":"","overlay-gradient":""},"tablet":{"background-color":"","background-image":"","background-repeat":"repeat","background-position":"center center","background-size":"auto","background-attachment":"scroll","background-type":"","background-media":"","overlay-type":"","overlay-color":"","overlay-opacity":"","overlay-gradient":""},"mobile":{"background-color":"","background-image":"","background-repeat":"repeat","background-position":"center center","background-size":"auto","background-attachment":"scroll","background-type":"","background-media":"","overlay-type":"","overlay-color":"","overlay-opacity":"","overlay-gradient":""}},"ast-content-background-meta":{"desktop":{"background-color":"var(--ast-global-color-5)","background-image":"","background-repeat":"repeat","background-position":"center center","background-size":"auto","background-attachment":"scroll","background-type":"","background-media":"","overlay-type":"","overlay-color":"","overlay-opacity":"","overlay-gradient":""},"tablet":{"background-color":"var(--ast-global-color-5)","background-image":"","background-repeat":"repeat","background-position":"center center","background-size":"auto","background-attachment":"scroll","background-type":"","background-media":"","overlay-type":"","overlay-color":"","overlay-opacity":"","overlay-gradient":""},"mobile":{"background-color":"var(--ast-global-color-5)","background-image":"","background-repeat":"repeat","background-position":"center center","background-size":"auto","background-attachment":"scroll","background-type":"","background-media":"","overlay-type":"","overlay-color":"","overlay-opacity":"","overlay-gradient":""}}},"product_brand":[],"product_cat":[46,31],"product_tag":[],"class_list":{"0":"post-6436","1":"product","2":"type-product","3":"status-publish","4":"has-post-thumbnail","6":"product_cat-crema","7":"product_cat-piel-seca","8":"desktop-align-left","9":"tablet-align-left","10":"mobile-align-left","11":"ast-product-gallery-layout-vertical-slider","12":"ast-product-tabs-layout-vertical","14":"first","15":"instock","16":"featured","17":"shipping-taxable","18":"product-type-simple"},"acf":[],"yoast_head":"<!-- This site is optimized with the Yoast SEO Premium plugin v23.6 (Yoast SEO v26.0) - https:\/\/yoast.com\/wordpress\/plugins\/seo\/ -->\n<title>Nutriforce med | Crema corporal para piel seca, 390g - Darrow<\/title>\n<meta name=\"description\" content=\"Crema hidratente corporal hipoalerg\u00e9nica y sin fragancia para adultos y ni\u00f1os. Ayuda a calmar de inmediato la comez\u00f3n, proporcionando una hidrataci\u00f3n intensa y duradera.\" \/>\n<meta name=\"robots\" content=\"index, follow, max-snippet:-1, max-image-preview:large, max-video-preview:-1\" \/>\n<link rel=\"canonical\" href=\"https:\/\/www.darrow-latam.com\/co\/producto\/nutriforce-med-390g\/\" \/>\n<meta property=\"og:locale\" content=\"es_ES\" \/>\n<meta property=\"og:type\" content=\"article\" \/>\n<meta property=\"og:title\" content=\"NUTRIFORCE MED 390G\" \/>\n<meta property=\"og:description\" content=\"Crema hidratente corporal hipoalerg\u00e9nica y sin fragancia para adultos y ni\u00f1os. Ayuda a calmar de inmediato la comez\u00f3n, proporcionando una hidrataci\u00f3n intensa y duradera.\" \/>\n<meta property=\"og:url\" content=\"https:\/\/www.darrow-latam.com\/co\/producto\/nutriforce-med-390g\/\" \/>\n<meta property=\"og:site_name\" content=\"Darrow Colombia\" \/>\n<meta property=\"article:modified_time\" content=\"2025-10-01T17:42:17+00:00\" \/>\n<meta property=\"og:image\" content=\"https:\/\/www.darrow-latam.com\/co\/wp-content\/uploads\/sites\/12\/2024\/06\/nutriforce_fte.jpg\" \/>\n\t<meta property=\"og:image:width\" content=\"1024\" \/>\n\t<meta property=\"og:image:height\" content=\"1024\" \/>\n\t<meta property=\"og:image:type\" content=\"image\/jpeg\" \/>\n<meta name=\"twitter:card\" content=\"summary_large_image\" \/>\n<meta name=\"twitter:label1\" content=\"Tiempo de lectura\" \/>\n\t<meta name=\"twitter:data1\" content=\"1 minuto\" \/>\n<script type=\"application\/ld+json\" class=\"yoast-schema-graph\">{\"@context\":\"https:\/\/schema.org\",\"@graph\":[{\"@type\":\"WebPage\",\"@id\":\"https:\/\/www.darrow-latam.com\/co\/producto\/nutriforce-med-390g\/\",\"url\":\"https:\/\/www.darrow-latam.com\/co\/producto\/nutriforce-med-390g\/\",\"name\":\"Nutriforce med | Crema corporal para piel seca, 390g - Darrow\",\"isPartOf\":{\"@id\":\"https:\/\/www.darrow-latam.com\/co\/#website\"},\"primaryImageOfPage\":{\"@id\":\"https:\/\/www.darrow-latam.com\/co\/producto\/nutriforce-med-390g\/#primaryimage\"},\"image\":{\"@id\":\"https:\/\/www.darrow-latam.com\/co\/producto\/nutriforce-med-390g\/#primaryimage\"},\"thumbnailUrl\":\"https:\/\/www.darrow-latam.com\/co\/wp-content\/uploads\/sites\/12\/2024\/06\/nutriforce_fte.jpg\",\"datePublished\":\"2024-09-18T05:06:57+00:00\",\"dateModified\":\"2025-10-01T17:42:17+00:00\",\"description\":\"Crema hidratente corporal hipoalerg\u00e9nica y sin fragancia para adultos y ni\u00f1os. Ayuda a calmar de inmediato la comez\u00f3n, proporcionando una hidrataci\u00f3n intensa y duradera.\",\"breadcrumb\":{\"@id\":\"https:\/\/www.darrow-latam.com\/co\/producto\/nutriforce-med-390g\/#breadcrumb\"},\"inLanguage\":\"es-CO\",\"potentialAction\":[{\"@type\":\"ReadAction\",\"target\":[\"https:\/\/www.darrow-latam.com\/co\/producto\/nutriforce-med-390g\/\"]}]},{\"@type\":\"ImageObject\",\"inLanguage\":\"es-CO\",\"@id\":\"https:\/\/www.darrow-latam.com\/co\/producto\/nutriforce-med-390g\/#primaryimage\",\"url\":\"https:\/\/www.darrow-latam.com\/co\/wp-content\/uploads\/sites\/12\/2024\/06\/nutriforce_fte.jpg\",\"contentUrl\":\"https:\/\/www.darrow-latam.com\/co\/wp-content\/uploads\/sites\/12\/2024\/06\/nutriforce_fte.jpg\",\"width\":1024,\"height\":1024},{\"@type\":\"BreadcrumbList\",\"@id\":\"https:\/\/www.darrow-latam.com\/co\/producto\/nutriforce-med-390g\/#breadcrumb\",\"itemListElement\":[{\"@type\":\"ListItem\",\"position\":1,\"name\":\"Portada\",\"item\":\"https:\/\/www.darrow-latam.com\/co\/\"},{\"@type\":\"ListItem\",\"position\":2,\"name\":\"Productos\",\"item\":\"https:\/\/www.darrow-latam.com\/co\/shop\/\"},{\"@type\":\"ListItem\",\"position\":3,\"name\":\"NUTRIFORCE MED 390G\"}]},{\"@type\":\"WebSite\",\"@id\":\"https:\/\/www.darrow-latam.com\/co\/#website\",\"url\":\"https:\/\/www.darrow-latam.com\/co\/\",\"name\":\"Darrow M\u00e9xico\",\"description\":\"Cuidados dermatol\u00f3gicos\",\"publisher\":{\"@id\":\"https:\/\/www.darrow-latam.com\/co\/#organization\"},\"potentialAction\":[{\"@type\":\"SearchAction\",\"target\":{\"@type\":\"EntryPoint\",\"urlTemplate\":\"https:\/\/www.darrow-latam.com\/co\/?s={search_term_string}\"},\"query-input\":{\"@type\":\"PropertyValueSpecification\",\"valueRequired\":true,\"valueName\":\"search_term_string\"}}],\"inLanguage\":\"es-CO\"},{\"@type\":\"Organization\",\"@id\":\"https:\/\/www.darrow-latam.com\/co\/#organization\",\"name\":\"Darrow M\u00e9xico\",\"url\":\"https:\/\/www.darrow-latam.com\/co\/\",\"logo\":{\"@type\":\"ImageObject\",\"inLanguage\":\"es-CO\",\"@id\":\"https:\/\/www.darrow-latam.com\/co\/#\/schema\/logo\/image\/\",\"url\":\"https:\/\/www.darrow-latam.com\/co\/wp-content\/uploads\/sites\/12\/2024\/07\/logo_darrow_w34@2x.png\",\"contentUrl\":\"https:\/\/www.darrow-latam.com\/co\/wp-content\/uploads\/sites\/12\/2024\/07\/logo_darrow_w34@2x.png\",\"width\":380,\"height\":378,\"caption\":\"Darrow M\u00e9xico\"},\"image\":{\"@id\":\"https:\/\/www.darrow-latam.com\/co\/#\/schema\/logo\/image\/\"}}]}<\/script>\n","yoast_head_json":{"title":"Nutriforce med | Crema corporal para piel seca, 390g - Darrow","description":"Crema hidratente corporal hipoalerg\u00e9nica y sin fragancia para adultos y ni\u00f1os. Ayuda a calmar de inmediato la comez\u00f3n, proporcionando una hidrataci\u00f3n intensa y duradera.","robots":{"index":"index","follow":"follow","max-snippet":"max-snippet:-1","max-image-preview":"max-image-preview:large","max-video-preview":"max-video-preview:-1"},"canonical":"https:\/\/www.darrow-latam.com\/co\/producto\/nutriforce-med-390g\/","og_locale":"es_ES","og_type":"article","og_title":"NUTRIFORCE MED 390G","og_description":"Crema hidratente corporal hipoalerg\u00e9nica y sin fragancia para adultos y ni\u00f1os. Ayuda a calmar de inmediato la comez\u00f3n, proporcionando una hidrataci\u00f3n intensa y duradera.","og_url":"https:\/\/www.darrow-latam.com\/co\/producto\/nutriforce-med-390g\/","og_site_name":"Darrow Colombia","article_modified_time":"2025-10-01T17:42:17+00:00","og_image":[{"width":1024,"height":1024,"url":"https:\/\/www.darrow-latam.com\/co\/wp-content\/uploads\/sites\/12\/2024\/06\/nutriforce_fte.jpg","type":"image\/jpeg"}],"twitter_card":"summary_large_image","twitter_misc":{"Tiempo de lectura":"1 minuto"},"schema":{"@context":"https:\/\/schema.org","@graph":[{"@type":"WebPage","@id":"https:\/\/www.darrow-latam.com\/co\/producto\/nutriforce-med-390g\/","url":"https:\/\/www.darrow-latam.com\/co\/producto\/nutriforce-med-390g\/","name":"Nutriforce med | Crema corporal para piel seca, 390g - Darrow","isPartOf":{"@id":"https:\/\/www.darrow-latam.com\/co\/#website"},"primaryImageOfPage":{"@id":"https:\/\/www.darrow-latam.com\/co\/producto\/nutriforce-med-390g\/#primaryimage"},"image":{"@id":"https:\/\/www.darrow-latam.com\/co\/producto\/nutriforce-med-390g\/#primaryimage"},"thumbnailUrl":"https:\/\/www.darrow-latam.com\/co\/wp-content\/uploads\/sites\/12\/2024\/06\/nutriforce_fte.jpg","datePublished":"2024-09-18T05:06:57+00:00","dateModified":"2025-10-01T17:42:17+00:00","description":"Crema hidratente corporal hipoalerg\u00e9nica y sin fragancia para adultos y ni\u00f1os. Ayuda a calmar de inmediato la comez\u00f3n, proporcionando una hidrataci\u00f3n intensa y duradera.","breadcrumb":{"@id":"https:\/\/www.darrow-latam.com\/co\/producto\/nutriforce-med-390g\/#breadcrumb"},"inLanguage":"es-CO","potentialAction":[{"@type":"ReadAction","target":["https:\/\/www.darrow-latam.com\/co\/producto\/nutriforce-med-390g\/"]}]},{"@type":"ImageObject","inLanguage":"es-CO","@id":"https:\/\/www.darrow-latam.com\/co\/producto\/nutriforce-med-390g\/#primaryimage","url":"https:\/\/www.darrow-latam.com\/co\/wp-content\/uploads\/sites\/12\/2024\/06\/nutriforce_fte.jpg","contentUrl":"https:\/\/www.darrow-latam.com\/co\/wp-content\/uploads\/sites\/12\/2024\/06\/nutriforce_fte.jpg","width":1024,"height":1024},{"@type":"BreadcrumbList","@id":"https:\/\/www.darrow-latam.com\/co\/producto\/nutriforce-med-390g\/#breadcrumb","itemListElement":[{"@type":"ListItem","position":1,"name":"Portada","item":"https:\/\/www.darrow-latam.com\/co\/"},{"@type":"ListItem","position":2,"name":"Productos","item":"https:\/\/www.darrow-latam.com\/co\/shop\/"},{"@type":"ListItem","position":3,"name":"NUTRIFORCE MED 390G"}]},{"@type":"WebSite","@id":"https:\/\/www.darrow-latam.com\/co\/#website","url":"https:\/\/www.darrow-latam.com\/co\/","name":"Darrow M\u00e9xico","description":"Cuidados dermatol\u00f3gicos","publisher":{"@id":"https:\/\/www.darrow-latam.com\/co\/#organization"},"potentialAction":[{"@type":"SearchAction","target":{"@type":"EntryPoint","urlTemplate":"https:\/\/www.darrow-latam.com\/co\/?s={search_term_string}"},"query-input":{"@type":"PropertyValueSpecification","valueRequired":true,"valueName":"search_term_string"}}],"inLanguage":"es-CO"},{"@type":"Organization","@id":"https:\/\/www.darrow-latam.com\/co\/#organization","name":"Darrow M\u00e9xico","url":"https:\/\/www.darrow-latam.com\/co\/","logo":{"@type":"ImageObject","inLanguage":"es-CO","@id":"https:\/\/www.darrow-latam.com\/co\/#\/schema\/logo\/image\/","url":"https:\/\/www.darrow-latam.com\/co\/wp-content\/uploads\/sites\/12\/2024\/07\/logo_darrow_w34@2x.png","contentUrl":"https:\/\/www.darrow-latam.com\/co\/wp-content\/uploads\/sites\/12\/2024\/07\/logo_darrow_w34@2x.png","width":380,"height":378,"caption":"Darrow M\u00e9xico"},"image":{"@id":"https:\/\/www.darrow-latam.com\/co\/#\/schema\/logo\/image\/"}}]}},"_links":{"self":[{"href":"https:\/\/www.darrow-latam.com\/co\/wp-json\/wp\/v2\/product\/6436","targetHints":{"allow":["GET"]}}],"collection":[{"href":"https:\/\/www.darrow-latam.com\/co\/wp-json\/wp\/v2\/product"}],"about":[{"href":"https:\/\/www.darrow-latam.com\/co\/wp-json\/wp\/v2\/types\/product"}],"replies":[{"embeddable":true,"href":"https:\/\/www.darrow-latam.com\/co\/wp-json\/wp\/v2\/comments?post=6436"}],"version-history":[{"count":4,"href":"https:\/\/www.darrow-latam.com\/co\/wp-json\/wp\/v2\/product\/6436\/revisions"}],"predecessor-version":[{"id":6963,"href":"https:\/\/www.darrow-latam.com\/co\/wp-json\/wp\/v2\/product\/6436\/revisions\/6963"}],"wp:featuredmedia":[{"embeddable":true,"href":"https:\/\/www.darrow-latam.com\/co\/wp-json\/wp\/v2\/media\/1641"}],"wp:attachment":[{"href":"https:\/\/www.darrow-latam.com\/co\/wp-json\/wp\/v2\/media?parent=6436"}],"wp:term":[{"taxonomy":"product_brand","embeddable":true,"href":"https:\/\/www.darrow-latam.com\/co\/wp-json\/wp\/v2\/product_brand?post=6436"},{"taxonomy":"product_cat","embeddable":true,"href":"https:\/\/www.darrow-latam.com\/co\/wp-json\/wp\/v2\/product_cat?post=6436"},{"taxonomy":"product_tag","embeddable":true,"href":"https:\/\/www.darrow-latam.com\/co\/wp-json\/wp\/v2\/product_tag?post=6436"}],"curies":[{"name":"wp","href":"https:\/\/api.w.org\/{rel}","templated":true}]}}