{"id":238,"date":"2024-06-28T19:57:20","date_gmt":"2024-06-29T01:57:20","guid":{"rendered":"https:\/\/www.darrow-latam.com\/do\/?post_type=product&#038;p=238"},"modified":"2024-10-30T11:34:51","modified_gmt":"2024-10-30T17:34:51","slug":"actine-oil-control-barra-70g","status":"publish","type":"product","link":"https:\/\/www.darrow-latam.com\/do\/producto\/actine-oil-control-barra-70g\/","title":{"rendered":"ACTINE OIL CONTROL BARRA 70G"},"content":{"rendered":"<p>Actine es la gama dermatol\u00f3gica especialista de las pieles latinas muy grasas<\/p>\n<p>Darrow Actine Oil Control Barra limpiadora ayuda a reducir la producci\u00f3n de grasa en la piel. Su f\u00f3rmula eficaz controla la oleosidad durante 9horas.<\/p>\n<p>Comprueba los beneficios de Darrow Actine Oil Control Barra Limpiadora con \u00c1cido salic\u00edlico y Zinc.<\/p>\n<p>Gracias a la sinergia de sus ingredientes activos proporciona una limpieza suave y refrescante, elimina las impurezas sin dejar la piel tirante.<\/p>\n<div id=\"gtx-trans\" style=\"position: absolute; left: 87px; top: 424.613px;\">\n<div class=\"gtx-trans-icon\"><\/div>\n<\/div>\n","protected":false},"excerpt":{"rendered":"<p>Darrow Laboratorio se preocupa por ofrecer a los consumidores productos desarrollados con dermat\u00f3logos latinoamericanos de eficacia comprobada y adaptados a las pieles latinas. Presente en el mercado brasile\u00f1o desde hace m\u00e1s de 50 a\u00f1os, cuenta con una experiencia reconocida en el segmento de la higiene y cuidado personal.<\/p>\n","protected":false},"featured_media":1625,"comment_status":"open","ping_status":"closed","template":"","meta":{"_acf_changed":false,"site-sidebar-layout":"default","site-content-layout":"","ast-site-content-layout":"default","site-content-style":"default","site-sidebar-style":"default","ast-global-header-display":"","ast-banner-title-visibility":"","ast-main-header-display":"","ast-hfb-above-header-display":"","ast-hfb-below-header-display":"","ast-hfb-mobile-header-display":"","site-post-title":"","ast-breadcrumbs-content":"","ast-featured-img":"","footer-sml-layout":"","theme-transparent-header-meta":"default","adv-header-id-meta":"","stick-header-meta":"default","header-above-stick-meta":"","header-main-stick-meta":"","header-below-stick-meta":"","astra-migrate-meta-layouts":"set","ast-page-background-enabled":"default","ast-page-background-meta":{"desktop":{"background-color":"var(--ast-global-color-4)","background-image":"","background-repeat":"repeat","background-position":"center center","background-size":"auto","background-attachment":"scroll","background-type":"","background-media":"","overlay-type":"","overlay-color":"","overlay-opacity":"","overlay-gradient":""},"tablet":{"background-color":"","background-image":"","background-repeat":"repeat","background-position":"center center","background-size":"auto","background-attachment":"scroll","background-type":"","background-media":"","overlay-type":"","overlay-color":"","overlay-opacity":"","overlay-gradient":""},"mobile":{"background-color":"","background-image":"","background-repeat":"repeat","background-position":"center center","background-size":"auto","background-attachment":"scroll","background-type":"","background-media":"","overlay-type":"","overlay-color":"","overlay-opacity":"","overlay-gradient":""}},"ast-content-background-meta":{"desktop":{"background-color":"var(--ast-global-color-5)","background-image":"","background-repeat":"repeat","background-position":"center center","background-size":"auto","background-attachment":"scroll","background-type":"","background-media":"","overlay-type":"","overlay-color":"","overlay-opacity":"","overlay-gradient":""},"tablet":{"background-color":"var(--ast-global-color-5)","background-image":"","background-repeat":"repeat","background-position":"center center","background-size":"auto","background-attachment":"scroll","background-type":"","background-media":"","overlay-type":"","overlay-color":"","overlay-opacity":"","overlay-gradient":""},"mobile":{"background-color":"var(--ast-global-color-5)","background-image":"","background-repeat":"repeat","background-position":"center center","background-size":"auto","background-attachment":"scroll","background-type":"","background-media":"","overlay-type":"","overlay-color":"","overlay-opacity":"","overlay-gradient":""}}},"product_brand":[],"product_cat":[15,30],"product_tag":[],"class_list":{"0":"post-238","1":"product","2":"type-product","3":"status-publish","4":"has-post-thumbnail","6":"product_cat-piel-grasa","7":"product_cat-barra","8":"desktop-align-left","9":"tablet-align-left","10":"mobile-align-left","11":"ast-product-gallery-layout-vertical-slider","12":"ast-product-tabs-layout-vertical","14":"first","15":"instock","16":"shipping-taxable","17":"product-type-simple"},"acf":[],"yoast_head":"<!-- This site is optimized with the Yoast SEO Premium plugin v23.6 (Yoast SEO v26.0) - https:\/\/yoast.com\/wordpress\/plugins\/seo\/ -->\n<title>Actine | Jab\u00f3n en barra oil control - Darrow<\/title>\n<meta name=\"description\" content=\"Disfruta de una limpieza suave y refrescante que elimina impurezas sin resecar la piel. Actine oil control barra para piel grasa.\" \/>\n<meta name=\"robots\" content=\"index, follow, max-snippet:-1, max-image-preview:large, max-video-preview:-1\" \/>\n<link rel=\"canonical\" href=\"https:\/\/www.darrow-latam.com\/do\/producto\/actine-oil-control-barra-70g\/\" \/>\n<meta property=\"og:locale\" content=\"es_ES\" \/>\n<meta property=\"og:type\" content=\"article\" \/>\n<meta property=\"og:title\" content=\"ACTINE OIL CONTROL BARRA 70G\" \/>\n<meta property=\"og:description\" content=\"Disfruta de una limpieza suave y refrescante que elimina impurezas sin resecar la piel. Actine oil control barra para piel grasa.\" \/>\n<meta property=\"og:url\" content=\"https:\/\/www.darrow-latam.com\/do\/producto\/actine-oil-control-barra-70g\/\" \/>\n<meta property=\"og:site_name\" content=\"Darrow Dominicana\" \/>\n<meta property=\"article:modified_time\" content=\"2024-10-30T17:34:51+00:00\" \/>\n<meta property=\"og:image\" content=\"https:\/\/www.darrow-latam.com\/do\/wp-content\/uploads\/sites\/9\/2024\/06\/actine_barra_fte.jpg\" \/>\n\t<meta property=\"og:image:width\" content=\"1024\" \/>\n\t<meta property=\"og:image:height\" content=\"1024\" \/>\n\t<meta property=\"og:image:type\" content=\"image\/jpeg\" \/>\n<meta name=\"twitter:card\" content=\"summary_large_image\" \/>\n<meta name=\"twitter:label1\" content=\"Tiempo de lectura\" \/>\n\t<meta name=\"twitter:data1\" content=\"1 minuto\" \/>\n<script type=\"application\/ld+json\" class=\"yoast-schema-graph\">{\"@context\":\"https:\/\/schema.org\",\"@graph\":[{\"@type\":\"WebPage\",\"@id\":\"https:\/\/www.darrow-latam.com\/do\/producto\/actine-oil-control-barra-70g\/\",\"url\":\"https:\/\/www.darrow-latam.com\/do\/producto\/actine-oil-control-barra-70g\/\",\"name\":\"Actine | Jab\u00f3n en barra oil control - Darrow\",\"isPartOf\":{\"@id\":\"https:\/\/www.darrow-latam.com\/do\/#website\"},\"primaryImageOfPage\":{\"@id\":\"https:\/\/www.darrow-latam.com\/do\/producto\/actine-oil-control-barra-70g\/#primaryimage\"},\"image\":{\"@id\":\"https:\/\/www.darrow-latam.com\/do\/producto\/actine-oil-control-barra-70g\/#primaryimage\"},\"thumbnailUrl\":\"https:\/\/www.darrow-latam.com\/do\/wp-content\/uploads\/sites\/9\/2024\/06\/actine_barra_fte.jpg\",\"datePublished\":\"2024-06-29T01:57:20+00:00\",\"dateModified\":\"2024-10-30T17:34:51+00:00\",\"description\":\"Disfruta de una limpieza suave y refrescante que elimina impurezas sin resecar la piel. Actine oil control barra para piel grasa.\",\"breadcrumb\":{\"@id\":\"https:\/\/www.darrow-latam.com\/do\/producto\/actine-oil-control-barra-70g\/#breadcrumb\"},\"inLanguage\":\"es\",\"potentialAction\":[{\"@type\":\"ReadAction\",\"target\":[\"https:\/\/www.darrow-latam.com\/do\/producto\/actine-oil-control-barra-70g\/\"]}]},{\"@type\":\"ImageObject\",\"inLanguage\":\"es\",\"@id\":\"https:\/\/www.darrow-latam.com\/do\/producto\/actine-oil-control-barra-70g\/#primaryimage\",\"url\":\"https:\/\/www.darrow-latam.com\/do\/wp-content\/uploads\/sites\/9\/2024\/06\/actine_barra_fte.jpg\",\"contentUrl\":\"https:\/\/www.darrow-latam.com\/do\/wp-content\/uploads\/sites\/9\/2024\/06\/actine_barra_fte.jpg\",\"width\":1024,\"height\":1024},{\"@type\":\"BreadcrumbList\",\"@id\":\"https:\/\/www.darrow-latam.com\/do\/producto\/actine-oil-control-barra-70g\/#breadcrumb\",\"itemListElement\":[{\"@type\":\"ListItem\",\"position\":1,\"name\":\"Portada\",\"item\":\"https:\/\/www.darrow-latam.com\/do\/\"},{\"@type\":\"ListItem\",\"position\":2,\"name\":\"Productos\",\"item\":\"https:\/\/www.darrow-latam.com\/do\/shop\/\"},{\"@type\":\"ListItem\",\"position\":3,\"name\":\"ACTINE OIL CONTROL BARRA 70G\"}]},{\"@type\":\"WebSite\",\"@id\":\"https:\/\/www.darrow-latam.com\/do\/#website\",\"url\":\"https:\/\/www.darrow-latam.com\/do\/\",\"name\":\"Darrow Dominicana\",\"description\":\"Cuidados dermatol\u00f3gicos\",\"publisher\":{\"@id\":\"https:\/\/www.darrow-latam.com\/do\/#organization\"},\"potentialAction\":[{\"@type\":\"SearchAction\",\"target\":{\"@type\":\"EntryPoint\",\"urlTemplate\":\"https:\/\/www.darrow-latam.com\/do\/?s={search_term_string}\"},\"query-input\":{\"@type\":\"PropertyValueSpecification\",\"valueRequired\":true,\"valueName\":\"search_term_string\"}}],\"inLanguage\":\"es\"},{\"@type\":\"Organization\",\"@id\":\"https:\/\/www.darrow-latam.com\/do\/#organization\",\"name\":\"Darrow Dominicana\",\"url\":\"https:\/\/www.darrow-latam.com\/do\/\",\"logo\":{\"@type\":\"ImageObject\",\"inLanguage\":\"es\",\"@id\":\"https:\/\/www.darrow-latam.com\/do\/#\/schema\/logo\/image\/\",\"url\":\"https:\/\/www.darrow-latam.com\/do\/wp-content\/uploads\/sites\/9\/2024\/07\/logo_darrow_w34@2x.png\",\"contentUrl\":\"https:\/\/www.darrow-latam.com\/do\/wp-content\/uploads\/sites\/9\/2024\/07\/logo_darrow_w34@2x.png\",\"width\":380,\"height\":378,\"caption\":\"Darrow Dominicana\"},\"image\":{\"@id\":\"https:\/\/www.darrow-latam.com\/do\/#\/schema\/logo\/image\/\"}}]}<\/script>\n","yoast_head_json":{"title":"Actine | Jab\u00f3n en barra oil control - Darrow","description":"Disfruta de una limpieza suave y refrescante que elimina impurezas sin resecar la piel. Actine oil control barra para piel grasa.","robots":{"index":"index","follow":"follow","max-snippet":"max-snippet:-1","max-image-preview":"max-image-preview:large","max-video-preview":"max-video-preview:-1"},"canonical":"https:\/\/www.darrow-latam.com\/do\/producto\/actine-oil-control-barra-70g\/","og_locale":"es_ES","og_type":"article","og_title":"ACTINE OIL CONTROL BARRA 70G","og_description":"Disfruta de una limpieza suave y refrescante que elimina impurezas sin resecar la piel. Actine oil control barra para piel grasa.","og_url":"https:\/\/www.darrow-latam.com\/do\/producto\/actine-oil-control-barra-70g\/","og_site_name":"Darrow Dominicana","article_modified_time":"2024-10-30T17:34:51+00:00","og_image":[{"width":1024,"height":1024,"url":"https:\/\/www.darrow-latam.com\/do\/wp-content\/uploads\/sites\/9\/2024\/06\/actine_barra_fte.jpg","type":"image\/jpeg"}],"twitter_card":"summary_large_image","twitter_misc":{"Tiempo de lectura":"1 minuto"},"schema":{"@context":"https:\/\/schema.org","@graph":[{"@type":"WebPage","@id":"https:\/\/www.darrow-latam.com\/do\/producto\/actine-oil-control-barra-70g\/","url":"https:\/\/www.darrow-latam.com\/do\/producto\/actine-oil-control-barra-70g\/","name":"Actine | Jab\u00f3n en barra oil control - Darrow","isPartOf":{"@id":"https:\/\/www.darrow-latam.com\/do\/#website"},"primaryImageOfPage":{"@id":"https:\/\/www.darrow-latam.com\/do\/producto\/actine-oil-control-barra-70g\/#primaryimage"},"image":{"@id":"https:\/\/www.darrow-latam.com\/do\/producto\/actine-oil-control-barra-70g\/#primaryimage"},"thumbnailUrl":"https:\/\/www.darrow-latam.com\/do\/wp-content\/uploads\/sites\/9\/2024\/06\/actine_barra_fte.jpg","datePublished":"2024-06-29T01:57:20+00:00","dateModified":"2024-10-30T17:34:51+00:00","description":"Disfruta de una limpieza suave y refrescante que elimina impurezas sin resecar la piel. Actine oil control barra para piel grasa.","breadcrumb":{"@id":"https:\/\/www.darrow-latam.com\/do\/producto\/actine-oil-control-barra-70g\/#breadcrumb"},"inLanguage":"es","potentialAction":[{"@type":"ReadAction","target":["https:\/\/www.darrow-latam.com\/do\/producto\/actine-oil-control-barra-70g\/"]}]},{"@type":"ImageObject","inLanguage":"es","@id":"https:\/\/www.darrow-latam.com\/do\/producto\/actine-oil-control-barra-70g\/#primaryimage","url":"https:\/\/www.darrow-latam.com\/do\/wp-content\/uploads\/sites\/9\/2024\/06\/actine_barra_fte.jpg","contentUrl":"https:\/\/www.darrow-latam.com\/do\/wp-content\/uploads\/sites\/9\/2024\/06\/actine_barra_fte.jpg","width":1024,"height":1024},{"@type":"BreadcrumbList","@id":"https:\/\/www.darrow-latam.com\/do\/producto\/actine-oil-control-barra-70g\/#breadcrumb","itemListElement":[{"@type":"ListItem","position":1,"name":"Portada","item":"https:\/\/www.darrow-latam.com\/do\/"},{"@type":"ListItem","position":2,"name":"Productos","item":"https:\/\/www.darrow-latam.com\/do\/shop\/"},{"@type":"ListItem","position":3,"name":"ACTINE OIL CONTROL BARRA 70G"}]},{"@type":"WebSite","@id":"https:\/\/www.darrow-latam.com\/do\/#website","url":"https:\/\/www.darrow-latam.com\/do\/","name":"Darrow Dominicana","description":"Cuidados dermatol\u00f3gicos","publisher":{"@id":"https:\/\/www.darrow-latam.com\/do\/#organization"},"potentialAction":[{"@type":"SearchAction","target":{"@type":"EntryPoint","urlTemplate":"https:\/\/www.darrow-latam.com\/do\/?s={search_term_string}"},"query-input":{"@type":"PropertyValueSpecification","valueRequired":true,"valueName":"search_term_string"}}],"inLanguage":"es"},{"@type":"Organization","@id":"https:\/\/www.darrow-latam.com\/do\/#organization","name":"Darrow Dominicana","url":"https:\/\/www.darrow-latam.com\/do\/","logo":{"@type":"ImageObject","inLanguage":"es","@id":"https:\/\/www.darrow-latam.com\/do\/#\/schema\/logo\/image\/","url":"https:\/\/www.darrow-latam.com\/do\/wp-content\/uploads\/sites\/9\/2024\/07\/logo_darrow_w34@2x.png","contentUrl":"https:\/\/www.darrow-latam.com\/do\/wp-content\/uploads\/sites\/9\/2024\/07\/logo_darrow_w34@2x.png","width":380,"height":378,"caption":"Darrow Dominicana"},"image":{"@id":"https:\/\/www.darrow-latam.com\/do\/#\/schema\/logo\/image\/"}}]}},"_links":{"self":[{"href":"https:\/\/www.darrow-latam.com\/do\/wp-json\/wp\/v2\/product\/238","targetHints":{"allow":["GET"]}}],"collection":[{"href":"https:\/\/www.darrow-latam.com\/do\/wp-json\/wp\/v2\/product"}],"about":[{"href":"https:\/\/www.darrow-latam.com\/do\/wp-json\/wp\/v2\/types\/product"}],"replies":[{"embeddable":true,"href":"https:\/\/www.darrow-latam.com\/do\/wp-json\/wp\/v2\/comments?post=238"}],"version-history":[{"count":3,"href":"https:\/\/www.darrow-latam.com\/do\/wp-json\/wp\/v2\/product\/238\/revisions"}],"predecessor-version":[{"id":6221,"href":"https:\/\/www.darrow-latam.com\/do\/wp-json\/wp\/v2\/product\/238\/revisions\/6221"}],"wp:featuredmedia":[{"embeddable":true,"href":"https:\/\/www.darrow-latam.com\/do\/wp-json\/wp\/v2\/media\/1625"}],"wp:attachment":[{"href":"https:\/\/www.darrow-latam.com\/do\/wp-json\/wp\/v2\/media?parent=238"}],"wp:term":[{"taxonomy":"product_brand","embeddable":true,"href":"https:\/\/www.darrow-latam.com\/do\/wp-json\/wp\/v2\/product_brand?post=238"},{"taxonomy":"product_cat","embeddable":true,"href":"https:\/\/www.darrow-latam.com\/do\/wp-json\/wp\/v2\/product_cat?post=238"},{"taxonomy":"product_tag","embeddable":true,"href":"https:\/\/www.darrow-latam.com\/do\/wp-json\/wp\/v2\/product_tag?post=238"}],"curies":[{"name":"wp","href":"https:\/\/api.w.org\/{rel}","templated":true}]}}