{"id":6364,"date":"2026-02-24T09:21:20","date_gmt":"2026-02-24T15:21:20","guid":{"rendered":"https:\/\/www.darrow-latam.com\/do\/?post_type=product&#038;p=6364"},"modified":"2026-02-26T10:38:19","modified_gmt":"2026-02-26T16:38:19","slug":"actine-colors-tono-2-medio-40g-2","status":"publish","type":"product","link":"https:\/\/www.darrow-latam.com\/do\/producto\/actine-colors-tono-2-medio-40g-2\/","title":{"rendered":"ACTINE COLORS TONO 2: MEDIO 40G"},"content":{"rendered":"<p>Actine es la gama dermatol\u00f3gica especialista de las pieles latinas muy grasas y con tendencia acneica.<\/p>\n<p>Darrow Actine COLORS es un protector solar dermatol\u00f3gico con FPS 50+, que gracias a sus ingredientes activos aporta una poderosa acci\u00f3n anti-oxidante por la Vitamina E y seboabsorbente, previene el da\u00f1o causado por el sol como manchas y envejecimiento prematuro. Protege contra los rayos UVB y UVA, as\u00ed como la luz visible.<\/p>\n<p>Comprueba los beneficios de Darrow Actine COLORS con VITAMINA E, SISTEMA DE FILTROS SOLARES PATENTADO y \u00d3XIDO DE HIERRO.<\/p>\n<p>Piel protegida y uniforme, con una textura ligera y de muy r\u00e1pida absorci\u00f3n absorbe el sebo y sudor del rostro.<\/p>\n","protected":false},"excerpt":{"rendered":"<p><span data-sheets-root=\"1\" data-sheets-value=\"{&quot;1&quot;:2,&quot;2&quot;:&quot;Darrow Laboratorio se preocupa por ofrecer a los consumidores productos desarrollados con dermat\u00f3logos latinoamericanos de eficacia comprobada y adaptados a las pieles latinas. Presente en el mercado brasile\u00f1o desde hace m\u00e1s de 50 a\u00f1os, cuenta con una experiencia reconocida en el segmento de la higiene y cuidado personal.&quot;}\" data-sheets-userformat=\"{&quot;2&quot;:14783,&quot;3&quot;:{&quot;1&quot;:0,&quot;3&quot;:1},&quot;4&quot;:{&quot;1&quot;:2,&quot;2&quot;:16239276},&quot;5&quot;:{&quot;1&quot;:[{&quot;1&quot;:2,&quot;2&quot;:0,&quot;5&quot;:{&quot;1&quot;:2,&quot;2&quot;:0}},{&quot;1&quot;:0,&quot;2&quot;:0,&quot;3&quot;:3},{&quot;1&quot;:1,&quot;2&quot;:0,&quot;4&quot;:1}]},&quot;6&quot;:{&quot;1&quot;:[{&quot;1&quot;:2,&quot;2&quot;:0,&quot;5&quot;:{&quot;1&quot;:2,&quot;2&quot;:0}},{&quot;1&quot;:0,&quot;2&quot;:0,&quot;3&quot;:3},{&quot;1&quot;:1,&quot;2&quot;:0,&quot;4&quot;:1}]},&quot;7&quot;:{&quot;1&quot;:[{&quot;1&quot;:2,&quot;2&quot;:0,&quot;5&quot;:{&quot;1&quot;:2,&quot;2&quot;:0}},{&quot;1&quot;:0,&quot;2&quot;:0,&quot;3&quot;:3},{&quot;1&quot;:1,&quot;2&quot;:0,&quot;4&quot;:1}]},&quot;8&quot;:{&quot;1&quot;:[{&quot;1&quot;:2,&quot;2&quot;:0,&quot;5&quot;:{&quot;1&quot;:2,&quot;2&quot;:0}},{&quot;1&quot;:0,&quot;2&quot;:0,&quot;3&quot;:3},{&quot;1&quot;:1,&quot;2&quot;:0,&quot;4&quot;:1}]},&quot;10&quot;:0,&quot;11&quot;:4,&quot;14&quot;:{&quot;1&quot;:3,&quot;3&quot;:1},&quot;15&quot;:&quot;Calibri&quot;,&quot;16&quot;:11}\">Darrow Laboratorio se preocupa por ofrecer a los consumidores productos desarrollados con dermat\u00f3logos latinoamericanos de eficacia comprobada y adaptados a las pieles latinas. Presente en el mercado brasile\u00f1o desde hace m\u00e1s de 50 a\u00f1os, cuenta con una experiencia reconocida en el segmento de la higiene y cuidado personal.<\/span><\/p>\n","protected":false},"featured_media":6362,"comment_status":"open","ping_status":"closed","template":"","meta":{"_acf_changed":false,"site-sidebar-layout":"default","site-content-layout":"","ast-site-content-layout":"default","site-content-style":"default","site-sidebar-style":"default","ast-global-header-display":"","ast-banner-title-visibility":"","ast-main-header-display":"","ast-hfb-above-header-display":"","ast-hfb-below-header-display":"","ast-hfb-mobile-header-display":"","site-post-title":"","ast-breadcrumbs-content":"","ast-featured-img":"","footer-sml-layout":"","theme-transparent-header-meta":"default","adv-header-id-meta":"","stick-header-meta":"default","header-above-stick-meta":"","header-main-stick-meta":"","header-below-stick-meta":"","astra-migrate-meta-layouts":"set","ast-page-background-enabled":"default","ast-page-background-meta":{"desktop":{"background-color":"var(--ast-global-color-4)","background-image":"","background-repeat":"repeat","background-position":"center center","background-size":"auto","background-attachment":"scroll","background-type":"","background-media":"","overlay-type":"","overlay-color":"","overlay-opacity":"","overlay-gradient":""},"tablet":{"background-color":"","background-image":"","background-repeat":"repeat","background-position":"center center","background-size":"auto","background-attachment":"scroll","background-type":"","background-media":"","overlay-type":"","overlay-color":"","overlay-opacity":"","overlay-gradient":""},"mobile":{"background-color":"","background-image":"","background-repeat":"repeat","background-position":"center center","background-size":"auto","background-attachment":"scroll","background-type":"","background-media":"","overlay-type":"","overlay-color":"","overlay-opacity":"","overlay-gradient":""}},"ast-content-background-meta":{"desktop":{"background-color":"var(--ast-global-color-5)","background-image":"","background-repeat":"repeat","background-position":"center center","background-size":"auto","background-attachment":"scroll","background-type":"","background-media":"","overlay-type":"","overlay-color":"","overlay-opacity":"","overlay-gradient":""},"tablet":{"background-color":"var(--ast-global-color-5)","background-image":"","background-repeat":"repeat","background-position":"center center","background-size":"auto","background-attachment":"scroll","background-type":"","background-media":"","overlay-type":"","overlay-color":"","overlay-opacity":"","overlay-gradient":""},"mobile":{"background-color":"var(--ast-global-color-5)","background-image":"","background-repeat":"repeat","background-position":"center center","background-size":"auto","background-attachment":"scroll","background-type":"","background-media":"","overlay-type":"","overlay-color":"","overlay-opacity":"","overlay-gradient":""}}},"product_brand":[],"product_cat":[36,35],"product_tag":[],"class_list":{"0":"post-6364","1":"product","2":"type-product","3":"status-publish","4":"has-post-thumbnail","6":"product_cat-actine-solares","7":"product_cat-proteccion-solar","8":"desktop-align-left","9":"tablet-align-left","10":"mobile-align-left","11":"ast-product-gallery-layout-vertical-slider","12":"ast-product-gallery-with-no-image","13":"ast-product-tabs-layout-vertical","15":"first","16":"instock","17":"shipping-taxable","18":"product-type-simple"},"acf":[],"yoast_head":"<!-- This site is optimized with the Yoast SEO Premium plugin v23.6 (Yoast SEO v26.0) - https:\/\/yoast.com\/wordpress\/plugins\/seo\/ -->\n<title>Actine Solar Colors Tono 1: Claro - Darrow<\/title>\n<meta name=\"description\" content=\"Obt\u00e9n una protecci\u00f3n solar eficaz con Actine Solar Colors Tono 1 Claro. Disfruta del sol sin preocupaciones.\" \/>\n<meta name=\"robots\" content=\"index, follow, max-snippet:-1, max-image-preview:large, max-video-preview:-1\" \/>\n<link rel=\"canonical\" href=\"https:\/\/www.darrow-latam.com\/do\/producto\/actine-colors-tono-2-medio-40g-2\/\" \/>\n<meta property=\"og:locale\" content=\"es_ES\" \/>\n<meta property=\"og:type\" content=\"article\" \/>\n<meta property=\"og:title\" content=\"ACTINE COLORS TONO 2: MEDIO 40G\" \/>\n<meta property=\"og:description\" content=\"Obt\u00e9n una protecci\u00f3n solar eficaz con Actine Solar Colors Tono 1 Claro. Disfruta del sol sin preocupaciones.\" \/>\n<meta property=\"og:url\" content=\"https:\/\/www.darrow-latam.com\/do\/producto\/actine-colors-tono-2-medio-40g-2\/\" \/>\n<meta property=\"og:site_name\" content=\"Darrow Dominicana\" \/>\n<meta property=\"article:modified_time\" content=\"2026-02-26T16:38:19+00:00\" \/>\n<meta property=\"og:image\" content=\"https:\/\/www.darrow-latam.com\/do\/wp-content\/uploads\/sites\/9\/2026\/02\/01_actine-solar-one-colors-fps50-tom-2_hero_40g_1024x1024.jpg\" \/>\n\t<meta property=\"og:image:width\" content=\"1024\" \/>\n\t<meta property=\"og:image:height\" content=\"1024\" \/>\n\t<meta property=\"og:image:type\" content=\"image\/jpeg\" \/>\n<meta name=\"twitter:card\" content=\"summary_large_image\" \/>\n<meta name=\"twitter:label1\" content=\"Tiempo de lectura\" \/>\n\t<meta name=\"twitter:data1\" content=\"1 minuto\" \/>\n<script type=\"application\/ld+json\" class=\"yoast-schema-graph\">{\"@context\":\"https:\/\/schema.org\",\"@graph\":[{\"@type\":\"WebPage\",\"@id\":\"https:\/\/www.darrow-latam.com\/do\/producto\/actine-colors-tono-2-medio-40g-2\/\",\"url\":\"https:\/\/www.darrow-latam.com\/do\/producto\/actine-colors-tono-2-medio-40g-2\/\",\"name\":\"Actine Solar Colors Tono 1: Claro - Darrow\",\"isPartOf\":{\"@id\":\"https:\/\/www.darrow-latam.com\/do\/#website\"},\"primaryImageOfPage\":{\"@id\":\"https:\/\/www.darrow-latam.com\/do\/producto\/actine-colors-tono-2-medio-40g-2\/#primaryimage\"},\"image\":{\"@id\":\"https:\/\/www.darrow-latam.com\/do\/producto\/actine-colors-tono-2-medio-40g-2\/#primaryimage\"},\"thumbnailUrl\":\"https:\/\/www.darrow-latam.com\/do\/wp-content\/uploads\/sites\/9\/2026\/02\/01_actine-solar-one-colors-fps50-tom-2_hero_40g_1024x1024.jpg\",\"datePublished\":\"2026-02-24T15:21:20+00:00\",\"dateModified\":\"2026-02-26T16:38:19+00:00\",\"description\":\"Obt\u00e9n una protecci\u00f3n solar eficaz con Actine Solar Colors Tono 1 Claro. Disfruta del sol sin preocupaciones.\",\"breadcrumb\":{\"@id\":\"https:\/\/www.darrow-latam.com\/do\/producto\/actine-colors-tono-2-medio-40g-2\/#breadcrumb\"},\"inLanguage\":\"es\",\"potentialAction\":[{\"@type\":\"ReadAction\",\"target\":[\"https:\/\/www.darrow-latam.com\/do\/producto\/actine-colors-tono-2-medio-40g-2\/\"]}]},{\"@type\":\"ImageObject\",\"inLanguage\":\"es\",\"@id\":\"https:\/\/www.darrow-latam.com\/do\/producto\/actine-colors-tono-2-medio-40g-2\/#primaryimage\",\"url\":\"https:\/\/www.darrow-latam.com\/do\/wp-content\/uploads\/sites\/9\/2026\/02\/01_actine-solar-one-colors-fps50-tom-2_hero_40g_1024x1024.jpg\",\"contentUrl\":\"https:\/\/www.darrow-latam.com\/do\/wp-content\/uploads\/sites\/9\/2026\/02\/01_actine-solar-one-colors-fps50-tom-2_hero_40g_1024x1024.jpg\",\"width\":1024,\"height\":1024},{\"@type\":\"BreadcrumbList\",\"@id\":\"https:\/\/www.darrow-latam.com\/do\/producto\/actine-colors-tono-2-medio-40g-2\/#breadcrumb\",\"itemListElement\":[{\"@type\":\"ListItem\",\"position\":1,\"name\":\"Portada\",\"item\":\"https:\/\/www.darrow-latam.com\/do\/\"},{\"@type\":\"ListItem\",\"position\":2,\"name\":\"Productos\",\"item\":\"https:\/\/www.darrow-latam.com\/do\/shop\/\"},{\"@type\":\"ListItem\",\"position\":3,\"name\":\"ACTINE COLORS TONO 2: MEDIO 40G\"}]},{\"@type\":\"WebSite\",\"@id\":\"https:\/\/www.darrow-latam.com\/do\/#website\",\"url\":\"https:\/\/www.darrow-latam.com\/do\/\",\"name\":\"Darrow Dominicana\",\"description\":\"Cuidados dermatol\u00f3gicos\",\"publisher\":{\"@id\":\"https:\/\/www.darrow-latam.com\/do\/#organization\"},\"potentialAction\":[{\"@type\":\"SearchAction\",\"target\":{\"@type\":\"EntryPoint\",\"urlTemplate\":\"https:\/\/www.darrow-latam.com\/do\/?s={search_term_string}\"},\"query-input\":{\"@type\":\"PropertyValueSpecification\",\"valueRequired\":true,\"valueName\":\"search_term_string\"}}],\"inLanguage\":\"es\"},{\"@type\":\"Organization\",\"@id\":\"https:\/\/www.darrow-latam.com\/do\/#organization\",\"name\":\"Darrow Dominicana\",\"url\":\"https:\/\/www.darrow-latam.com\/do\/\",\"logo\":{\"@type\":\"ImageObject\",\"inLanguage\":\"es\",\"@id\":\"https:\/\/www.darrow-latam.com\/do\/#\/schema\/logo\/image\/\",\"url\":\"https:\/\/www.darrow-latam.com\/do\/wp-content\/uploads\/sites\/9\/2024\/07\/logo_darrow_w34@2x.png\",\"contentUrl\":\"https:\/\/www.darrow-latam.com\/do\/wp-content\/uploads\/sites\/9\/2024\/07\/logo_darrow_w34@2x.png\",\"width\":380,\"height\":378,\"caption\":\"Darrow Dominicana\"},\"image\":{\"@id\":\"https:\/\/www.darrow-latam.com\/do\/#\/schema\/logo\/image\/\"}}]}<\/script>\n","yoast_head_json":{"title":"Actine Solar Colors Tono 1: Claro - Darrow","description":"Obt\u00e9n una protecci\u00f3n solar eficaz con Actine Solar Colors Tono 1 Claro. Disfruta del sol sin preocupaciones.","robots":{"index":"index","follow":"follow","max-snippet":"max-snippet:-1","max-image-preview":"max-image-preview:large","max-video-preview":"max-video-preview:-1"},"canonical":"https:\/\/www.darrow-latam.com\/do\/producto\/actine-colors-tono-2-medio-40g-2\/","og_locale":"es_ES","og_type":"article","og_title":"ACTINE COLORS TONO 2: MEDIO 40G","og_description":"Obt\u00e9n una protecci\u00f3n solar eficaz con Actine Solar Colors Tono 1 Claro. Disfruta del sol sin preocupaciones.","og_url":"https:\/\/www.darrow-latam.com\/do\/producto\/actine-colors-tono-2-medio-40g-2\/","og_site_name":"Darrow Dominicana","article_modified_time":"2026-02-26T16:38:19+00:00","og_image":[{"width":1024,"height":1024,"url":"https:\/\/www.darrow-latam.com\/do\/wp-content\/uploads\/sites\/9\/2026\/02\/01_actine-solar-one-colors-fps50-tom-2_hero_40g_1024x1024.jpg","type":"image\/jpeg"}],"twitter_card":"summary_large_image","twitter_misc":{"Tiempo de lectura":"1 minuto"},"schema":{"@context":"https:\/\/schema.org","@graph":[{"@type":"WebPage","@id":"https:\/\/www.darrow-latam.com\/do\/producto\/actine-colors-tono-2-medio-40g-2\/","url":"https:\/\/www.darrow-latam.com\/do\/producto\/actine-colors-tono-2-medio-40g-2\/","name":"Actine Solar Colors Tono 1: Claro - Darrow","isPartOf":{"@id":"https:\/\/www.darrow-latam.com\/do\/#website"},"primaryImageOfPage":{"@id":"https:\/\/www.darrow-latam.com\/do\/producto\/actine-colors-tono-2-medio-40g-2\/#primaryimage"},"image":{"@id":"https:\/\/www.darrow-latam.com\/do\/producto\/actine-colors-tono-2-medio-40g-2\/#primaryimage"},"thumbnailUrl":"https:\/\/www.darrow-latam.com\/do\/wp-content\/uploads\/sites\/9\/2026\/02\/01_actine-solar-one-colors-fps50-tom-2_hero_40g_1024x1024.jpg","datePublished":"2026-02-24T15:21:20+00:00","dateModified":"2026-02-26T16:38:19+00:00","description":"Obt\u00e9n una protecci\u00f3n solar eficaz con Actine Solar Colors Tono 1 Claro. Disfruta del sol sin preocupaciones.","breadcrumb":{"@id":"https:\/\/www.darrow-latam.com\/do\/producto\/actine-colors-tono-2-medio-40g-2\/#breadcrumb"},"inLanguage":"es","potentialAction":[{"@type":"ReadAction","target":["https:\/\/www.darrow-latam.com\/do\/producto\/actine-colors-tono-2-medio-40g-2\/"]}]},{"@type":"ImageObject","inLanguage":"es","@id":"https:\/\/www.darrow-latam.com\/do\/producto\/actine-colors-tono-2-medio-40g-2\/#primaryimage","url":"https:\/\/www.darrow-latam.com\/do\/wp-content\/uploads\/sites\/9\/2026\/02\/01_actine-solar-one-colors-fps50-tom-2_hero_40g_1024x1024.jpg","contentUrl":"https:\/\/www.darrow-latam.com\/do\/wp-content\/uploads\/sites\/9\/2026\/02\/01_actine-solar-one-colors-fps50-tom-2_hero_40g_1024x1024.jpg","width":1024,"height":1024},{"@type":"BreadcrumbList","@id":"https:\/\/www.darrow-latam.com\/do\/producto\/actine-colors-tono-2-medio-40g-2\/#breadcrumb","itemListElement":[{"@type":"ListItem","position":1,"name":"Portada","item":"https:\/\/www.darrow-latam.com\/do\/"},{"@type":"ListItem","position":2,"name":"Productos","item":"https:\/\/www.darrow-latam.com\/do\/shop\/"},{"@type":"ListItem","position":3,"name":"ACTINE COLORS TONO 2: MEDIO 40G"}]},{"@type":"WebSite","@id":"https:\/\/www.darrow-latam.com\/do\/#website","url":"https:\/\/www.darrow-latam.com\/do\/","name":"Darrow Dominicana","description":"Cuidados dermatol\u00f3gicos","publisher":{"@id":"https:\/\/www.darrow-latam.com\/do\/#organization"},"potentialAction":[{"@type":"SearchAction","target":{"@type":"EntryPoint","urlTemplate":"https:\/\/www.darrow-latam.com\/do\/?s={search_term_string}"},"query-input":{"@type":"PropertyValueSpecification","valueRequired":true,"valueName":"search_term_string"}}],"inLanguage":"es"},{"@type":"Organization","@id":"https:\/\/www.darrow-latam.com\/do\/#organization","name":"Darrow Dominicana","url":"https:\/\/www.darrow-latam.com\/do\/","logo":{"@type":"ImageObject","inLanguage":"es","@id":"https:\/\/www.darrow-latam.com\/do\/#\/schema\/logo\/image\/","url":"https:\/\/www.darrow-latam.com\/do\/wp-content\/uploads\/sites\/9\/2024\/07\/logo_darrow_w34@2x.png","contentUrl":"https:\/\/www.darrow-latam.com\/do\/wp-content\/uploads\/sites\/9\/2024\/07\/logo_darrow_w34@2x.png","width":380,"height":378,"caption":"Darrow Dominicana"},"image":{"@id":"https:\/\/www.darrow-latam.com\/do\/#\/schema\/logo\/image\/"}}]}},"_links":{"self":[{"href":"https:\/\/www.darrow-latam.com\/do\/wp-json\/wp\/v2\/product\/6364","targetHints":{"allow":["GET"]}}],"collection":[{"href":"https:\/\/www.darrow-latam.com\/do\/wp-json\/wp\/v2\/product"}],"about":[{"href":"https:\/\/www.darrow-latam.com\/do\/wp-json\/wp\/v2\/types\/product"}],"replies":[{"embeddable":true,"href":"https:\/\/www.darrow-latam.com\/do\/wp-json\/wp\/v2\/comments?post=6364"}],"version-history":[{"count":2,"href":"https:\/\/www.darrow-latam.com\/do\/wp-json\/wp\/v2\/product\/6364\/revisions"}],"predecessor-version":[{"id":6366,"href":"https:\/\/www.darrow-latam.com\/do\/wp-json\/wp\/v2\/product\/6364\/revisions\/6366"}],"wp:featuredmedia":[{"embeddable":true,"href":"https:\/\/www.darrow-latam.com\/do\/wp-json\/wp\/v2\/media\/6362"}],"wp:attachment":[{"href":"https:\/\/www.darrow-latam.com\/do\/wp-json\/wp\/v2\/media?parent=6364"}],"wp:term":[{"taxonomy":"product_brand","embeddable":true,"href":"https:\/\/www.darrow-latam.com\/do\/wp-json\/wp\/v2\/product_brand?post=6364"},{"taxonomy":"product_cat","embeddable":true,"href":"https:\/\/www.darrow-latam.com\/do\/wp-json\/wp\/v2\/product_cat?post=6364"},{"taxonomy":"product_tag","embeddable":true,"href":"https:\/\/www.darrow-latam.com\/do\/wp-json\/wp\/v2\/product_tag?post=6364"}],"curies":[{"name":"wp","href":"https:\/\/api.w.org\/{rel}","templated":true}]}}