{"id":6429,"date":"2024-09-17T22:55:49","date_gmt":"2024-09-18T04:55:49","guid":{"rendered":"https:\/\/www.darrow-latam.com\/mx\/?post_type=product&#038;p=6429"},"modified":"2024-12-02T12:50:28","modified_gmt":"2024-12-02T18:50:28","slug":"barra-nutriforce-70g","status":"publish","type":"product","link":"https:\/\/www.darrow-latam.com\/mx\/producto\/barra-nutriforce-70g\/","title":{"rendered":"BARRA NUTRIFORCE 70G"},"content":{"rendered":"<p>Nutriforce es la gama dermatol\u00f3gica especialista en la hidrataci\u00f3n de las pieles latinas secas y con tendencia at\u00f3pica.<\/p>\n<p>Darrow Nutriforce Barra Limpiadora tiene una acci\u00f3n anti-resequedad y es adecuado para todo tipo de piel, especialmente la piel seca y reseca del rostro y del cuerpo.<\/p>\n<p>Descubre los beneficios de esta higiene facial y corporal con Vitamina E y su f\u00f3rmula hidratante que nutre intensamente la piel y le aporta suavidad al tacto.<\/p>\n","protected":false},"excerpt":{"rendered":"<p><span style=\"font-size: 16px;\">Darrow Laboratorio se preocupa por ofrecer a los consumidores productos desarrollados con dermat\u00f3logos latinoamericanos de eficacia comprobada y adaptados a las pieles latinas. Presente en el mercado brasile\u00f1o desde hace m\u00e1s de 50 a\u00f1os, cuenta con una experiencia reconocida en el segmento de la higiene y cuidado personal.<\/span><\/p>\n","protected":false},"featured_media":1613,"comment_status":"closed","ping_status":"closed","template":"","meta":{"_acf_changed":false,"site-sidebar-layout":"default","site-content-layout":"","ast-site-content-layout":"default","site-content-style":"default","site-sidebar-style":"default","ast-global-header-display":"","ast-banner-title-visibility":"","ast-main-header-display":"","ast-hfb-above-header-display":"","ast-hfb-below-header-display":"","ast-hfb-mobile-header-display":"","site-post-title":"","ast-breadcrumbs-content":"","ast-featured-img":"","footer-sml-layout":"","theme-transparent-header-meta":"default","adv-header-id-meta":"","stick-header-meta":"","header-above-stick-meta":"","header-main-stick-meta":"","header-below-stick-meta":"","astra-migrate-meta-layouts":"set","ast-page-background-enabled":"default","ast-page-background-meta":{"desktop":{"background-color":"var(--ast-global-color-4)","background-image":"","background-repeat":"repeat","background-position":"center center","background-size":"auto","background-attachment":"scroll","background-type":"","background-media":"","overlay-type":"","overlay-color":"","overlay-opacity":"","overlay-gradient":""},"tablet":{"background-color":"","background-image":"","background-repeat":"repeat","background-position":"center center","background-size":"auto","background-attachment":"scroll","background-type":"","background-media":"","overlay-type":"","overlay-color":"","overlay-opacity":"","overlay-gradient":""},"mobile":{"background-color":"","background-image":"","background-repeat":"repeat","background-position":"center center","background-size":"auto","background-attachment":"scroll","background-type":"","background-media":"","overlay-type":"","overlay-color":"","overlay-opacity":"","overlay-gradient":""}},"ast-content-background-meta":{"desktop":{"background-color":"var(--ast-global-color-5)","background-image":"","background-repeat":"repeat","background-position":"center center","background-size":"auto","background-attachment":"scroll","background-type":"","background-media":"","overlay-type":"","overlay-color":"","overlay-opacity":"","overlay-gradient":""},"tablet":{"background-color":"var(--ast-global-color-5)","background-image":"","background-repeat":"repeat","background-position":"center center","background-size":"auto","background-attachment":"scroll","background-type":"","background-media":"","overlay-type":"","overlay-color":"","overlay-opacity":"","overlay-gradient":""},"mobile":{"background-color":"var(--ast-global-color-5)","background-image":"","background-repeat":"repeat","background-position":"center center","background-size":"auto","background-attachment":"scroll","background-type":"","background-media":"","overlay-type":"","overlay-color":"","overlay-opacity":"","overlay-gradient":""}}},"product_brand":[],"product_cat":[39,31],"product_tag":[],"class_list":{"0":"post-6429","1":"product","2":"type-product","3":"status-publish","4":"has-post-thumbnail","6":"product_cat-barra-piel-seca","7":"product_cat-piel-seca","8":"desktop-align-left","9":"tablet-align-left","10":"mobile-align-left","11":"ast-product-gallery-layout-vertical-slider","12":"ast-product-tabs-layout-vertical","14":"first","15":"instock","16":"shipping-taxable","17":"product-type-simple"},"acf":{"gramaje":"70g","skus":{"sku_br":"P0005959","sku_mx":"P5003188"},"ean":"3282770139167","detalle":"","uso":"Masajea\u00a0suavemente el producto sobre la piel h\u00fameda, haciendo espuma.\r\n\r\nEnjuaga bien. Utiliza de 1 a 2 veces al d\u00eda o como el m\u00e9dico lo indique.","ingredientes":"Palmato De Sodio, Kernelato De Palma S\u00f3dico, Agua (Aqua), Almid\u00f3n De Arroz (Oryza Sativa Starch), Isetionato De Cocoilo De Sodio, Glicerina, Manteca De Karit\u00e9 (Butyrospermum Parkii Shea Butter), Lauroil Lactilato De Sodio, \u00c1cido Benzoico, \u00c1cido C\u00edtrico, Cocamidopropil Beta\u00edna,\r\nFragancia (Parfum), \u00c1cido Palm\u00edtico, Pantenol, Aceite De Almendra Dulce (Prunus Amygdalus Dulcis Oil), Pvp, Cloruro De Sodio, Citrato De Sodio, Escualano, \u00c1cido Est\u00e9arico,\r\nEdta Tetras\u00f3dico, Dtidronato Tetras\u00f3dico, Tocoferol, Acetato De Tocoferilo, Aceite Vegetal.","activos":"- Vitamina E + Escualano vegetal: estimula la renovaci\u00f3n celular cut\u00e1nea + acci\u00f3n antioxidante\r\n- Pantenol: Potenciador de la hidrataci\u00f3n","resultados":"","galeria":"","galeria_copiar":"","galeria_copiar2":"","farm_san_pablo_imagen":5259,"farm_san_pablo_url":"https:\/\/www.farmaciasanpablo.com.mx\/dermocosmeticos\/corporal\/atopia-corporal\/darrow-nutriforce-barra-limpiadora-dermatologica-piel-seca-o-muy-seca\/p\/000000000070004774","farm_ahorro_imagen":5260,"farm_ahorro_url":"https:\/\/www.fahorro.com\/darrow-nutriforce-barra-70-gr.html","amazon_imagen":5258,"amazon_url":"https:\/\/www.amazon.com.mx\/dp\/B089ZRWWMP","dermalia_imagen":5263,"dermalia_url":"https:\/\/www.dermalia.com.mx\/eCommerce\/item\/7890\/darrow-nutriforce-barra-70g","dermaexpress_imagen":5262,"dermaexpress_url":"https:\/\/www.dermaexpress.com.mx\/products\/darrow-nutriforce-barra-para-todo-tipo-de-pieles-70g","meli_imagen":"","meli_url":"","heb_imagen":5264,"heb_url":"https:\/\/www.heb.com.mx\/darrow-nutri-force-barra-nutri-force-barra-70-gr-915121\/p","sanborns_imagen":"","sanborns_url":""},"yoast_head":"<!-- This site is optimized with the Yoast SEO Premium plugin v23.6 (Yoast SEO v26.0) - https:\/\/yoast.com\/wordpress\/plugins\/seo\/ -->\n<title>Nutriforce | Jab\u00f3n facial en barra para piel seca - Darrow<\/title>\n<meta name=\"description\" content=\"Jab\u00f3n hidratante para todo tipo de pieles, pieles secas y muy secas con tendencia at\u00f3pica. Minimiza el riesgo de reacciones al\u00e9rgicas y la resequedad\" \/>\n<meta name=\"robots\" content=\"index, follow, max-snippet:-1, max-image-preview:large, max-video-preview:-1\" \/>\n<link rel=\"canonical\" href=\"https:\/\/www.darrow-latam.com\/mx\/producto\/barra-nutriforce-70g\/\" \/>\n<meta property=\"og:locale\" content=\"es_MX\" \/>\n<meta property=\"og:type\" content=\"article\" \/>\n<meta property=\"og:title\" content=\"BARRA NUTRIFORCE 70G\" \/>\n<meta property=\"og:description\" content=\"Jab\u00f3n hidratante para todo tipo de pieles, pieles secas y muy secas con tendencia at\u00f3pica. Minimiza el riesgo de reacciones al\u00e9rgicas y la resequedad\" \/>\n<meta property=\"og:url\" content=\"https:\/\/www.darrow-latam.com\/mx\/producto\/barra-nutriforce-70g\/\" \/>\n<meta property=\"og:site_name\" content=\"Darrow M\u00e9xico\" \/>\n<meta property=\"article:modified_time\" content=\"2024-12-02T18:50:28+00:00\" \/>\n<meta property=\"og:image\" content=\"https:\/\/www.darrow-latam.com\/mx\/wp-content\/uploads\/sites\/2\/2024\/06\/nutriforce_barra_70g_fte.jpg\" \/>\n\t<meta property=\"og:image:width\" content=\"1024\" \/>\n\t<meta property=\"og:image:height\" content=\"1024\" \/>\n\t<meta property=\"og:image:type\" content=\"image\/jpeg\" \/>\n<meta name=\"twitter:card\" content=\"summary_large_image\" \/>\n<meta name=\"twitter:label1\" content=\"Tiempo de lectura\" \/>\n\t<meta name=\"twitter:data1\" content=\"1 minuto\" \/>\n<script type=\"application\/ld+json\" class=\"yoast-schema-graph\">{\"@context\":\"https:\/\/schema.org\",\"@graph\":[{\"@type\":\"WebPage\",\"@id\":\"https:\/\/www.darrow-latam.com\/mx\/producto\/barra-nutriforce-70g\/\",\"url\":\"https:\/\/www.darrow-latam.com\/mx\/producto\/barra-nutriforce-70g\/\",\"name\":\"Nutriforce | Jab\u00f3n facial en barra para piel seca - Darrow\",\"isPartOf\":{\"@id\":\"https:\/\/www.darrow-latam.com\/mx\/#website\"},\"primaryImageOfPage\":{\"@id\":\"https:\/\/www.darrow-latam.com\/mx\/producto\/barra-nutriforce-70g\/#primaryimage\"},\"image\":{\"@id\":\"https:\/\/www.darrow-latam.com\/mx\/producto\/barra-nutriforce-70g\/#primaryimage\"},\"thumbnailUrl\":\"https:\/\/www.darrow-latam.com\/mx\/wp-content\/uploads\/sites\/2\/2024\/06\/nutriforce_barra_70g_fte.jpg\",\"datePublished\":\"2024-09-18T04:55:49+00:00\",\"dateModified\":\"2024-12-02T18:50:28+00:00\",\"description\":\"Jab\u00f3n hidratante para todo tipo de pieles, pieles secas y muy secas con tendencia at\u00f3pica. Minimiza el riesgo de reacciones al\u00e9rgicas y la resequedad\",\"breadcrumb\":{\"@id\":\"https:\/\/www.darrow-latam.com\/mx\/producto\/barra-nutriforce-70g\/#breadcrumb\"},\"inLanguage\":\"es\",\"potentialAction\":[{\"@type\":\"ReadAction\",\"target\":[\"https:\/\/www.darrow-latam.com\/mx\/producto\/barra-nutriforce-70g\/\"]}]},{\"@type\":\"ImageObject\",\"inLanguage\":\"es\",\"@id\":\"https:\/\/www.darrow-latam.com\/mx\/producto\/barra-nutriforce-70g\/#primaryimage\",\"url\":\"https:\/\/www.darrow-latam.com\/mx\/wp-content\/uploads\/sites\/2\/2024\/06\/nutriforce_barra_70g_fte.jpg\",\"contentUrl\":\"https:\/\/www.darrow-latam.com\/mx\/wp-content\/uploads\/sites\/2\/2024\/06\/nutriforce_barra_70g_fte.jpg\",\"width\":1024,\"height\":1024},{\"@type\":\"BreadcrumbList\",\"@id\":\"https:\/\/www.darrow-latam.com\/mx\/producto\/barra-nutriforce-70g\/#breadcrumb\",\"itemListElement\":[{\"@type\":\"ListItem\",\"position\":1,\"name\":\"Portada\",\"item\":\"https:\/\/www.darrow-latam.com\/mx\/\"},{\"@type\":\"ListItem\",\"position\":2,\"name\":\"Productos\",\"item\":\"https:\/\/www.darrow-latam.com\/mx\/shop\/\"},{\"@type\":\"ListItem\",\"position\":3,\"name\":\"BARRA NUTRIFORCE 70G\"}]},{\"@type\":\"WebSite\",\"@id\":\"https:\/\/www.darrow-latam.com\/mx\/#website\",\"url\":\"https:\/\/www.darrow-latam.com\/mx\/\",\"name\":\"Darrow M\u00e9xico\",\"description\":\"Cuidados dermatol\u00f3gicos\",\"publisher\":{\"@id\":\"https:\/\/www.darrow-latam.com\/mx\/#organization\"},\"potentialAction\":[{\"@type\":\"SearchAction\",\"target\":{\"@type\":\"EntryPoint\",\"urlTemplate\":\"https:\/\/www.darrow-latam.com\/mx\/?s={search_term_string}\"},\"query-input\":{\"@type\":\"PropertyValueSpecification\",\"valueRequired\":true,\"valueName\":\"search_term_string\"}}],\"inLanguage\":\"es\"},{\"@type\":\"Organization\",\"@id\":\"https:\/\/www.darrow-latam.com\/mx\/#organization\",\"name\":\"Darrow M\u00e9xico\",\"url\":\"https:\/\/www.darrow-latam.com\/mx\/\",\"logo\":{\"@type\":\"ImageObject\",\"inLanguage\":\"es\",\"@id\":\"https:\/\/www.darrow-latam.com\/mx\/#\/schema\/logo\/image\/\",\"url\":\"https:\/\/www.darrow-latam.com\/mx\/wp-content\/uploads\/sites\/2\/2024\/07\/logo_darrow_w34@2x.png\",\"contentUrl\":\"https:\/\/www.darrow-latam.com\/mx\/wp-content\/uploads\/sites\/2\/2024\/07\/logo_darrow_w34@2x.png\",\"width\":380,\"height\":378,\"caption\":\"Darrow M\u00e9xico\"},\"image\":{\"@id\":\"https:\/\/www.darrow-latam.com\/mx\/#\/schema\/logo\/image\/\"}}]}<\/script>\n","yoast_head_json":{"title":"Nutriforce | Jab\u00f3n facial en barra para piel seca - Darrow","description":"Jab\u00f3n hidratante para todo tipo de pieles, pieles secas y muy secas con tendencia at\u00f3pica. Minimiza el riesgo de reacciones al\u00e9rgicas y la resequedad","robots":{"index":"index","follow":"follow","max-snippet":"max-snippet:-1","max-image-preview":"max-image-preview:large","max-video-preview":"max-video-preview:-1"},"canonical":"https:\/\/www.darrow-latam.com\/mx\/producto\/barra-nutriforce-70g\/","og_locale":"es_MX","og_type":"article","og_title":"BARRA NUTRIFORCE 70G","og_description":"Jab\u00f3n hidratante para todo tipo de pieles, pieles secas y muy secas con tendencia at\u00f3pica. Minimiza el riesgo de reacciones al\u00e9rgicas y la resequedad","og_url":"https:\/\/www.darrow-latam.com\/mx\/producto\/barra-nutriforce-70g\/","og_site_name":"Darrow M\u00e9xico","article_modified_time":"2024-12-02T18:50:28+00:00","og_image":[{"width":1024,"height":1024,"url":"https:\/\/www.darrow-latam.com\/mx\/wp-content\/uploads\/sites\/2\/2024\/06\/nutriforce_barra_70g_fte.jpg","type":"image\/jpeg"}],"twitter_card":"summary_large_image","twitter_misc":{"Tiempo de lectura":"1 minuto"},"schema":{"@context":"https:\/\/schema.org","@graph":[{"@type":"WebPage","@id":"https:\/\/www.darrow-latam.com\/mx\/producto\/barra-nutriforce-70g\/","url":"https:\/\/www.darrow-latam.com\/mx\/producto\/barra-nutriforce-70g\/","name":"Nutriforce | Jab\u00f3n facial en barra para piel seca - Darrow","isPartOf":{"@id":"https:\/\/www.darrow-latam.com\/mx\/#website"},"primaryImageOfPage":{"@id":"https:\/\/www.darrow-latam.com\/mx\/producto\/barra-nutriforce-70g\/#primaryimage"},"image":{"@id":"https:\/\/www.darrow-latam.com\/mx\/producto\/barra-nutriforce-70g\/#primaryimage"},"thumbnailUrl":"https:\/\/www.darrow-latam.com\/mx\/wp-content\/uploads\/sites\/2\/2024\/06\/nutriforce_barra_70g_fte.jpg","datePublished":"2024-09-18T04:55:49+00:00","dateModified":"2024-12-02T18:50:28+00:00","description":"Jab\u00f3n hidratante para todo tipo de pieles, pieles secas y muy secas con tendencia at\u00f3pica. Minimiza el riesgo de reacciones al\u00e9rgicas y la resequedad","breadcrumb":{"@id":"https:\/\/www.darrow-latam.com\/mx\/producto\/barra-nutriforce-70g\/#breadcrumb"},"inLanguage":"es","potentialAction":[{"@type":"ReadAction","target":["https:\/\/www.darrow-latam.com\/mx\/producto\/barra-nutriforce-70g\/"]}]},{"@type":"ImageObject","inLanguage":"es","@id":"https:\/\/www.darrow-latam.com\/mx\/producto\/barra-nutriforce-70g\/#primaryimage","url":"https:\/\/www.darrow-latam.com\/mx\/wp-content\/uploads\/sites\/2\/2024\/06\/nutriforce_barra_70g_fte.jpg","contentUrl":"https:\/\/www.darrow-latam.com\/mx\/wp-content\/uploads\/sites\/2\/2024\/06\/nutriforce_barra_70g_fte.jpg","width":1024,"height":1024},{"@type":"BreadcrumbList","@id":"https:\/\/www.darrow-latam.com\/mx\/producto\/barra-nutriforce-70g\/#breadcrumb","itemListElement":[{"@type":"ListItem","position":1,"name":"Portada","item":"https:\/\/www.darrow-latam.com\/mx\/"},{"@type":"ListItem","position":2,"name":"Productos","item":"https:\/\/www.darrow-latam.com\/mx\/shop\/"},{"@type":"ListItem","position":3,"name":"BARRA NUTRIFORCE 70G"}]},{"@type":"WebSite","@id":"https:\/\/www.darrow-latam.com\/mx\/#website","url":"https:\/\/www.darrow-latam.com\/mx\/","name":"Darrow M\u00e9xico","description":"Cuidados dermatol\u00f3gicos","publisher":{"@id":"https:\/\/www.darrow-latam.com\/mx\/#organization"},"potentialAction":[{"@type":"SearchAction","target":{"@type":"EntryPoint","urlTemplate":"https:\/\/www.darrow-latam.com\/mx\/?s={search_term_string}"},"query-input":{"@type":"PropertyValueSpecification","valueRequired":true,"valueName":"search_term_string"}}],"inLanguage":"es"},{"@type":"Organization","@id":"https:\/\/www.darrow-latam.com\/mx\/#organization","name":"Darrow M\u00e9xico","url":"https:\/\/www.darrow-latam.com\/mx\/","logo":{"@type":"ImageObject","inLanguage":"es","@id":"https:\/\/www.darrow-latam.com\/mx\/#\/schema\/logo\/image\/","url":"https:\/\/www.darrow-latam.com\/mx\/wp-content\/uploads\/sites\/2\/2024\/07\/logo_darrow_w34@2x.png","contentUrl":"https:\/\/www.darrow-latam.com\/mx\/wp-content\/uploads\/sites\/2\/2024\/07\/logo_darrow_w34@2x.png","width":380,"height":378,"caption":"Darrow M\u00e9xico"},"image":{"@id":"https:\/\/www.darrow-latam.com\/mx\/#\/schema\/logo\/image\/"}}]}},"_links":{"self":[{"href":"https:\/\/www.darrow-latam.com\/mx\/wp-json\/wp\/v2\/product\/6429","targetHints":{"allow":["GET"]}}],"collection":[{"href":"https:\/\/www.darrow-latam.com\/mx\/wp-json\/wp\/v2\/product"}],"about":[{"href":"https:\/\/www.darrow-latam.com\/mx\/wp-json\/wp\/v2\/types\/product"}],"replies":[{"embeddable":true,"href":"https:\/\/www.darrow-latam.com\/mx\/wp-json\/wp\/v2\/comments?post=6429"}],"version-history":[{"count":1,"href":"https:\/\/www.darrow-latam.com\/mx\/wp-json\/wp\/v2\/product\/6429\/revisions"}],"predecessor-version":[{"id":6430,"href":"https:\/\/www.darrow-latam.com\/mx\/wp-json\/wp\/v2\/product\/6429\/revisions\/6430"}],"wp:featuredmedia":[{"embeddable":true,"href":"https:\/\/www.darrow-latam.com\/mx\/wp-json\/wp\/v2\/media\/1613"}],"wp:attachment":[{"href":"https:\/\/www.darrow-latam.com\/mx\/wp-json\/wp\/v2\/media?parent=6429"}],"wp:term":[{"taxonomy":"product_brand","embeddable":true,"href":"https:\/\/www.darrow-latam.com\/mx\/wp-json\/wp\/v2\/product_brand?post=6429"},{"taxonomy":"product_cat","embeddable":true,"href":"https:\/\/www.darrow-latam.com\/mx\/wp-json\/wp\/v2\/product_cat?post=6429"},{"taxonomy":"product_tag","embeddable":true,"href":"https:\/\/www.darrow-latam.com\/mx\/wp-json\/wp\/v2\/product_tag?post=6429"}],"curies":[{"name":"wp","href":"https:\/\/api.w.org\/{rel}","templated":true}]}}