{"id":6431,"date":"2024-09-17T22:59:02","date_gmt":"2024-09-18T04:59:02","guid":{"rendered":"https:\/\/www.darrow-latam.com\/mx\/?post_type=product&#038;p=6431"},"modified":"2024-09-25T22:35:06","modified_gmt":"2024-09-26T04:35:06","slug":"nutriforce-gel-limpiador-240ml","status":"publish","type":"product","link":"https:\/\/www.darrow-latam.com\/mx\/producto\/nutriforce-gel-limpiador-240ml\/","title":{"rendered":"NUTRIFORCE GEL LIMPIADOR 240ML"},"content":{"rendered":"<p>Nutriforce es la gama dermatol\u00f3gica especialista en la hidrataci\u00f3n de las pieles latinas secas y con tendencia at\u00f3pica.<\/p>\n<p>Darrow Nutriforce Gel Limpiador estimula la vitalidad de la piel seca, ofreciendo una higiene hidratante que devuelve el confort y la suavidad de la piel.<\/p>\n<p>Descubre los beneficios de Darrow Nutriforce Gel limpiador con Vitamina E, es un cuidado hidratante hipoalerg\u00e9nico para pieles normales y muy secas, sin agredirla.<\/p>\n","protected":false},"excerpt":{"rendered":"<p>Darrow Laboratorio se preocupa por ofrecer a los consumidores productos desarrollados con dermat\u00f3logos latinoamericanos de eficacia comprobada y adaptados a las pieles latinas. Presente en el mercado brasile\u00f1o desde hace m\u00e1s de 50 a\u00f1os, cuenta con una experiencia reconocida en el segmento de la higiene y cuidado personal.<\/p>\n","protected":false},"featured_media":1612,"comment_status":"closed","ping_status":"closed","template":"","meta":{"_acf_changed":false,"site-sidebar-layout":"default","site-content-layout":"","ast-site-content-layout":"default","site-content-style":"default","site-sidebar-style":"default","ast-global-header-display":"","ast-banner-title-visibility":"","ast-main-header-display":"","ast-hfb-above-header-display":"","ast-hfb-below-header-display":"","ast-hfb-mobile-header-display":"","site-post-title":"","ast-breadcrumbs-content":"","ast-featured-img":"","footer-sml-layout":"","theme-transparent-header-meta":"default","adv-header-id-meta":"","stick-header-meta":"","header-above-stick-meta":"","header-main-stick-meta":"","header-below-stick-meta":"","astra-migrate-meta-layouts":"set","ast-page-background-enabled":"default","ast-page-background-meta":{"desktop":{"background-color":"var(--ast-global-color-4)","background-image":"","background-repeat":"repeat","background-position":"center center","background-size":"auto","background-attachment":"scroll","background-type":"","background-media":"","overlay-type":"","overlay-color":"","overlay-opacity":"","overlay-gradient":""},"tablet":{"background-color":"","background-image":"","background-repeat":"repeat","background-position":"center center","background-size":"auto","background-attachment":"scroll","background-type":"","background-media":"","overlay-type":"","overlay-color":"","overlay-opacity":"","overlay-gradient":""},"mobile":{"background-color":"","background-image":"","background-repeat":"repeat","background-position":"center center","background-size":"auto","background-attachment":"scroll","background-type":"","background-media":"","overlay-type":"","overlay-color":"","overlay-opacity":"","overlay-gradient":""}},"ast-content-background-meta":{"desktop":{"background-color":"var(--ast-global-color-5)","background-image":"","background-repeat":"repeat","background-position":"center center","background-size":"auto","background-attachment":"scroll","background-type":"","background-media":"","overlay-type":"","overlay-color":"","overlay-opacity":"","overlay-gradient":""},"tablet":{"background-color":"var(--ast-global-color-5)","background-image":"","background-repeat":"repeat","background-position":"center center","background-size":"auto","background-attachment":"scroll","background-type":"","background-media":"","overlay-type":"","overlay-color":"","overlay-opacity":"","overlay-gradient":""},"mobile":{"background-color":"var(--ast-global-color-5)","background-image":"","background-repeat":"repeat","background-position":"center center","background-size":"auto","background-attachment":"scroll","background-type":"","background-media":"","overlay-type":"","overlay-color":"","overlay-opacity":"","overlay-gradient":""}}},"product_brand":[],"product_cat":[38,31],"product_tag":[],"class_list":{"0":"post-6431","1":"product","2":"type-product","3":"status-publish","4":"has-post-thumbnail","6":"product_cat-gel-limpiador-piel-seca","7":"product_cat-piel-seca","8":"desktop-align-left","9":"tablet-align-left","10":"mobile-align-left","11":"ast-product-gallery-layout-vertical-slider","12":"ast-product-tabs-layout-vertical","14":"first","15":"instock","16":"shipping-taxable","17":"product-type-simple"},"acf":{"gramaje":"240ml","skus":{"sku_br":"P0005951","sku_mx":"P5003214"},"ean":"3282770144376","detalle":"Masajea\u00a0suavemente el producto sobre la piel h\u00fameda, haciendo espuma.\r\n\r\nEnjuaga bien. Utiliza de 1 a 2 veces al d\u00eda o como el m\u00e9dico lo indique.","uso":"","ingredientes":"<span data-sheets-root=\"1\">Agua (Aqua), Lauril \u00c9ter Sulfato De Sodio, Cloruro De Sodio, Cocamidopropil Beta\u00edna, Glicerina, Benzoato De Sodio, Aesculus Hippocastanum (Horse Chestnut) Seed Extract (Extracto De Semillas De Aesculus Hippocastanum), Alcohol Desnat., \u00c1cido Benzoico, Biotina, Pantotenato De Calcio, Caprilil Glicol, \u00c1cido C\u00edtrico, Lauril \u00c9ter Sulfosuccinato Dis\u00f3dico, Dmdm Hidanto\u00edna, Fragancia (Parfum), Glicol, Diestearato, Inositol, \u00c1cido Linoleico, Metilcloroisotiazolinona, Metilisotiazolinona, Aceite De Ricino Peg-35, Polyquaternium-7, Polisorbato 20, Palmitato De Retinilo, Citrato De Sodio, Sodio.\r\nGlutamato De Cocoilo, Escualeno, Tocoferol, Acetato De Tocoferilo.<\/span>","activos":"- Vitamina E + Escualano vegetal: Regeneraci\u00f3n cut\u00e1nea + acci\u00f3n antioxidante\r\n- Pantenol: Potenciador de la hidrataci\u00f3n","resultados":"","galeria":"","galeria_copiar":"","galeria_copiar2":"","farm_san_pablo_imagen":5259,"farm_san_pablo_url":"https:\/\/www.farmaciasanpablo.com.mx\/dermocosmeticos\/corporal\/atopia-corporal\/darrow-nutriforce-gel-limpiador-para-piel-seca-o-muy-seca\/p\/000000000070004775","farm_ahorro_imagen":5260,"farm_ahorro_url":"https:\/\/www.fahorro.com\/darrow-nutriforce-gel-limpiador-240-ml.html","amazon_imagen":5258,"amazon_url":"https:\/\/www.amazon.com.mx\/dp\/B098R9M3W6","dermalia_imagen":5263,"dermalia_url":"https:\/\/www.dermalia.com.mx\/eCommerce\/item\/7891\/darrow-nutriforce-gel-limpiador-240ml","dermaexpress_imagen":5262,"dermaexpress_url":"https:\/\/www.dermaexpress.com.mx\/products\/darrow-nutriforce-gel-limpiador-para-todo-tipo-de-pieles-240ml","meli_imagen":"","meli_url":"","heb_imagen":5264,"heb_url":"https:\/\/www.heb.com.mx\/darrow-nutriforce-gel-limpiado-240-ml-nutriforce-gel-li-240-ml-915122\/p","sanborns_imagen":"","sanborns_url":""},"yoast_head":"<!-- This site is optimized with the Yoast SEO Premium plugin v23.6 (Yoast SEO v26.0) - https:\/\/yoast.com\/wordpress\/plugins\/seo\/ -->\n<title>Nutriforce | Gel de ducha para piel seca - Darrow<\/title>\n<meta name=\"description\" content=\"Gel limpiador de ducha, formulado con Vitamina E ayuda a nutrir intensamente la piel, disminuyendo la resequedad desde el ba\u00f1o. Hipoalerg\u00e9nico y sin parabenos.\" \/>\n<meta name=\"robots\" content=\"index, follow, max-snippet:-1, max-image-preview:large, max-video-preview:-1\" \/>\n<link rel=\"canonical\" href=\"https:\/\/www.darrow-latam.com\/mx\/producto\/nutriforce-gel-limpiador-240ml\/\" \/>\n<meta property=\"og:locale\" content=\"es_MX\" \/>\n<meta property=\"og:type\" content=\"article\" \/>\n<meta property=\"og:title\" content=\"NUTRIFORCE GEL LIMPIADOR 240ML\" \/>\n<meta property=\"og:description\" content=\"Gel limpiador de ducha, formulado con Vitamina E ayuda a nutrir intensamente la piel, disminuyendo la resequedad desde el ba\u00f1o. Hipoalerg\u00e9nico y sin parabenos.\" \/>\n<meta property=\"og:url\" content=\"https:\/\/www.darrow-latam.com\/mx\/producto\/nutriforce-gel-limpiador-240ml\/\" \/>\n<meta property=\"og:site_name\" content=\"Darrow M\u00e9xico\" \/>\n<meta property=\"article:modified_time\" content=\"2024-09-26T04:35:06+00:00\" \/>\n<meta property=\"og:image\" content=\"https:\/\/www.darrow-latam.com\/mx\/wp-content\/uploads\/sites\/2\/2024\/06\/nutriforce_240ml_fte.jpg\" \/>\n\t<meta property=\"og:image:width\" content=\"1024\" \/>\n\t<meta property=\"og:image:height\" content=\"1024\" \/>\n\t<meta property=\"og:image:type\" content=\"image\/jpeg\" \/>\n<meta name=\"twitter:card\" content=\"summary_large_image\" \/>\n<meta name=\"twitter:label1\" content=\"Tiempo de lectura\" \/>\n\t<meta name=\"twitter:data1\" content=\"1 minuto\" \/>\n<script type=\"application\/ld+json\" class=\"yoast-schema-graph\">{\"@context\":\"https:\/\/schema.org\",\"@graph\":[{\"@type\":\"WebPage\",\"@id\":\"https:\/\/www.darrow-latam.com\/mx\/producto\/nutriforce-gel-limpiador-240ml\/\",\"url\":\"https:\/\/www.darrow-latam.com\/mx\/producto\/nutriforce-gel-limpiador-240ml\/\",\"name\":\"Nutriforce | Gel de ducha para piel seca - Darrow\",\"isPartOf\":{\"@id\":\"https:\/\/www.darrow-latam.com\/mx\/#website\"},\"primaryImageOfPage\":{\"@id\":\"https:\/\/www.darrow-latam.com\/mx\/producto\/nutriforce-gel-limpiador-240ml\/#primaryimage\"},\"image\":{\"@id\":\"https:\/\/www.darrow-latam.com\/mx\/producto\/nutriforce-gel-limpiador-240ml\/#primaryimage\"},\"thumbnailUrl\":\"https:\/\/www.darrow-latam.com\/mx\/wp-content\/uploads\/sites\/2\/2024\/06\/nutriforce_240ml_fte.jpg\",\"datePublished\":\"2024-09-18T04:59:02+00:00\",\"dateModified\":\"2024-09-26T04:35:06+00:00\",\"description\":\"Gel limpiador de ducha, formulado con Vitamina E ayuda a nutrir intensamente la piel, disminuyendo la resequedad desde el ba\u00f1o. Hipoalerg\u00e9nico y sin parabenos.\",\"breadcrumb\":{\"@id\":\"https:\/\/www.darrow-latam.com\/mx\/producto\/nutriforce-gel-limpiador-240ml\/#breadcrumb\"},\"inLanguage\":\"es\",\"potentialAction\":[{\"@type\":\"ReadAction\",\"target\":[\"https:\/\/www.darrow-latam.com\/mx\/producto\/nutriforce-gel-limpiador-240ml\/\"]}]},{\"@type\":\"ImageObject\",\"inLanguage\":\"es\",\"@id\":\"https:\/\/www.darrow-latam.com\/mx\/producto\/nutriforce-gel-limpiador-240ml\/#primaryimage\",\"url\":\"https:\/\/www.darrow-latam.com\/mx\/wp-content\/uploads\/sites\/2\/2024\/06\/nutriforce_240ml_fte.jpg\",\"contentUrl\":\"https:\/\/www.darrow-latam.com\/mx\/wp-content\/uploads\/sites\/2\/2024\/06\/nutriforce_240ml_fte.jpg\",\"width\":1024,\"height\":1024},{\"@type\":\"BreadcrumbList\",\"@id\":\"https:\/\/www.darrow-latam.com\/mx\/producto\/nutriforce-gel-limpiador-240ml\/#breadcrumb\",\"itemListElement\":[{\"@type\":\"ListItem\",\"position\":1,\"name\":\"Portada\",\"item\":\"https:\/\/www.darrow-latam.com\/mx\/\"},{\"@type\":\"ListItem\",\"position\":2,\"name\":\"Productos\",\"item\":\"https:\/\/www.darrow-latam.com\/mx\/shop\/\"},{\"@type\":\"ListItem\",\"position\":3,\"name\":\"NUTRIFORCE GEL LIMPIADOR 240ML\"}]},{\"@type\":\"WebSite\",\"@id\":\"https:\/\/www.darrow-latam.com\/mx\/#website\",\"url\":\"https:\/\/www.darrow-latam.com\/mx\/\",\"name\":\"Darrow M\u00e9xico\",\"description\":\"Cuidados dermatol\u00f3gicos\",\"publisher\":{\"@id\":\"https:\/\/www.darrow-latam.com\/mx\/#organization\"},\"potentialAction\":[{\"@type\":\"SearchAction\",\"target\":{\"@type\":\"EntryPoint\",\"urlTemplate\":\"https:\/\/www.darrow-latam.com\/mx\/?s={search_term_string}\"},\"query-input\":{\"@type\":\"PropertyValueSpecification\",\"valueRequired\":true,\"valueName\":\"search_term_string\"}}],\"inLanguage\":\"es\"},{\"@type\":\"Organization\",\"@id\":\"https:\/\/www.darrow-latam.com\/mx\/#organization\",\"name\":\"Darrow M\u00e9xico\",\"url\":\"https:\/\/www.darrow-latam.com\/mx\/\",\"logo\":{\"@type\":\"ImageObject\",\"inLanguage\":\"es\",\"@id\":\"https:\/\/www.darrow-latam.com\/mx\/#\/schema\/logo\/image\/\",\"url\":\"https:\/\/www.darrow-latam.com\/mx\/wp-content\/uploads\/sites\/2\/2024\/07\/logo_darrow_w34@2x.png\",\"contentUrl\":\"https:\/\/www.darrow-latam.com\/mx\/wp-content\/uploads\/sites\/2\/2024\/07\/logo_darrow_w34@2x.png\",\"width\":380,\"height\":378,\"caption\":\"Darrow M\u00e9xico\"},\"image\":{\"@id\":\"https:\/\/www.darrow-latam.com\/mx\/#\/schema\/logo\/image\/\"}}]}<\/script>\n","yoast_head_json":{"title":"Nutriforce | Gel de ducha para piel seca - Darrow","description":"Gel limpiador de ducha, formulado con Vitamina E ayuda a nutrir intensamente la piel, disminuyendo la resequedad desde el ba\u00f1o. Hipoalerg\u00e9nico y sin parabenos.","robots":{"index":"index","follow":"follow","max-snippet":"max-snippet:-1","max-image-preview":"max-image-preview:large","max-video-preview":"max-video-preview:-1"},"canonical":"https:\/\/www.darrow-latam.com\/mx\/producto\/nutriforce-gel-limpiador-240ml\/","og_locale":"es_MX","og_type":"article","og_title":"NUTRIFORCE GEL LIMPIADOR 240ML","og_description":"Gel limpiador de ducha, formulado con Vitamina E ayuda a nutrir intensamente la piel, disminuyendo la resequedad desde el ba\u00f1o. Hipoalerg\u00e9nico y sin parabenos.","og_url":"https:\/\/www.darrow-latam.com\/mx\/producto\/nutriforce-gel-limpiador-240ml\/","og_site_name":"Darrow M\u00e9xico","article_modified_time":"2024-09-26T04:35:06+00:00","og_image":[{"width":1024,"height":1024,"url":"https:\/\/www.darrow-latam.com\/mx\/wp-content\/uploads\/sites\/2\/2024\/06\/nutriforce_240ml_fte.jpg","type":"image\/jpeg"}],"twitter_card":"summary_large_image","twitter_misc":{"Tiempo de lectura":"1 minuto"},"schema":{"@context":"https:\/\/schema.org","@graph":[{"@type":"WebPage","@id":"https:\/\/www.darrow-latam.com\/mx\/producto\/nutriforce-gel-limpiador-240ml\/","url":"https:\/\/www.darrow-latam.com\/mx\/producto\/nutriforce-gel-limpiador-240ml\/","name":"Nutriforce | Gel de ducha para piel seca - Darrow","isPartOf":{"@id":"https:\/\/www.darrow-latam.com\/mx\/#website"},"primaryImageOfPage":{"@id":"https:\/\/www.darrow-latam.com\/mx\/producto\/nutriforce-gel-limpiador-240ml\/#primaryimage"},"image":{"@id":"https:\/\/www.darrow-latam.com\/mx\/producto\/nutriforce-gel-limpiador-240ml\/#primaryimage"},"thumbnailUrl":"https:\/\/www.darrow-latam.com\/mx\/wp-content\/uploads\/sites\/2\/2024\/06\/nutriforce_240ml_fte.jpg","datePublished":"2024-09-18T04:59:02+00:00","dateModified":"2024-09-26T04:35:06+00:00","description":"Gel limpiador de ducha, formulado con Vitamina E ayuda a nutrir intensamente la piel, disminuyendo la resequedad desde el ba\u00f1o. Hipoalerg\u00e9nico y sin parabenos.","breadcrumb":{"@id":"https:\/\/www.darrow-latam.com\/mx\/producto\/nutriforce-gel-limpiador-240ml\/#breadcrumb"},"inLanguage":"es","potentialAction":[{"@type":"ReadAction","target":["https:\/\/www.darrow-latam.com\/mx\/producto\/nutriforce-gel-limpiador-240ml\/"]}]},{"@type":"ImageObject","inLanguage":"es","@id":"https:\/\/www.darrow-latam.com\/mx\/producto\/nutriforce-gel-limpiador-240ml\/#primaryimage","url":"https:\/\/www.darrow-latam.com\/mx\/wp-content\/uploads\/sites\/2\/2024\/06\/nutriforce_240ml_fte.jpg","contentUrl":"https:\/\/www.darrow-latam.com\/mx\/wp-content\/uploads\/sites\/2\/2024\/06\/nutriforce_240ml_fte.jpg","width":1024,"height":1024},{"@type":"BreadcrumbList","@id":"https:\/\/www.darrow-latam.com\/mx\/producto\/nutriforce-gel-limpiador-240ml\/#breadcrumb","itemListElement":[{"@type":"ListItem","position":1,"name":"Portada","item":"https:\/\/www.darrow-latam.com\/mx\/"},{"@type":"ListItem","position":2,"name":"Productos","item":"https:\/\/www.darrow-latam.com\/mx\/shop\/"},{"@type":"ListItem","position":3,"name":"NUTRIFORCE GEL LIMPIADOR 240ML"}]},{"@type":"WebSite","@id":"https:\/\/www.darrow-latam.com\/mx\/#website","url":"https:\/\/www.darrow-latam.com\/mx\/","name":"Darrow M\u00e9xico","description":"Cuidados dermatol\u00f3gicos","publisher":{"@id":"https:\/\/www.darrow-latam.com\/mx\/#organization"},"potentialAction":[{"@type":"SearchAction","target":{"@type":"EntryPoint","urlTemplate":"https:\/\/www.darrow-latam.com\/mx\/?s={search_term_string}"},"query-input":{"@type":"PropertyValueSpecification","valueRequired":true,"valueName":"search_term_string"}}],"inLanguage":"es"},{"@type":"Organization","@id":"https:\/\/www.darrow-latam.com\/mx\/#organization","name":"Darrow M\u00e9xico","url":"https:\/\/www.darrow-latam.com\/mx\/","logo":{"@type":"ImageObject","inLanguage":"es","@id":"https:\/\/www.darrow-latam.com\/mx\/#\/schema\/logo\/image\/","url":"https:\/\/www.darrow-latam.com\/mx\/wp-content\/uploads\/sites\/2\/2024\/07\/logo_darrow_w34@2x.png","contentUrl":"https:\/\/www.darrow-latam.com\/mx\/wp-content\/uploads\/sites\/2\/2024\/07\/logo_darrow_w34@2x.png","width":380,"height":378,"caption":"Darrow M\u00e9xico"},"image":{"@id":"https:\/\/www.darrow-latam.com\/mx\/#\/schema\/logo\/image\/"}}]}},"_links":{"self":[{"href":"https:\/\/www.darrow-latam.com\/mx\/wp-json\/wp\/v2\/product\/6431","targetHints":{"allow":["GET"]}}],"collection":[{"href":"https:\/\/www.darrow-latam.com\/mx\/wp-json\/wp\/v2\/product"}],"about":[{"href":"https:\/\/www.darrow-latam.com\/mx\/wp-json\/wp\/v2\/types\/product"}],"replies":[{"embeddable":true,"href":"https:\/\/www.darrow-latam.com\/mx\/wp-json\/wp\/v2\/comments?post=6431"}],"version-history":[{"count":1,"href":"https:\/\/www.darrow-latam.com\/mx\/wp-json\/wp\/v2\/product\/6431\/revisions"}],"predecessor-version":[{"id":6432,"href":"https:\/\/www.darrow-latam.com\/mx\/wp-json\/wp\/v2\/product\/6431\/revisions\/6432"}],"wp:featuredmedia":[{"embeddable":true,"href":"https:\/\/www.darrow-latam.com\/mx\/wp-json\/wp\/v2\/media\/1612"}],"wp:attachment":[{"href":"https:\/\/www.darrow-latam.com\/mx\/wp-json\/wp\/v2\/media?parent=6431"}],"wp:term":[{"taxonomy":"product_brand","embeddable":true,"href":"https:\/\/www.darrow-latam.com\/mx\/wp-json\/wp\/v2\/product_brand?post=6431"},{"taxonomy":"product_cat","embeddable":true,"href":"https:\/\/www.darrow-latam.com\/mx\/wp-json\/wp\/v2\/product_cat?post=6431"},{"taxonomy":"product_tag","embeddable":true,"href":"https:\/\/www.darrow-latam.com\/mx\/wp-json\/wp\/v2\/product_tag?post=6431"}],"curies":[{"name":"wp","href":"https:\/\/api.w.org\/{rel}","templated":true}]}}