{"id":6436,"date":"2024-09-17T23:06:57","date_gmt":"2024-09-18T05:06:57","guid":{"rendered":"https:\/\/www.darrow-latam.com\/mx\/?post_type=product&#038;p=6436"},"modified":"2026-04-08T10:22:25","modified_gmt":"2026-04-08T16:22:25","slug":"nutriforce-med-390g","status":"publish","type":"product","link":"https:\/\/www.darrow-latam.com\/mx\/producto\/nutriforce-med-390g\/","title":{"rendered":"NUTRIFORCE MED 390G"},"content":{"rendered":"<p>Nutriforce es la gama dermatol\u00f3gica especialista en la hidrataci\u00f3n de las pieles latinas secas y con tendencia at\u00f3pica.<\/p>\n<p>Darrow Nutriforce Med posee, en su f\u00f3rmula exclusiva, un complejo nutrihidratante (\u00e1cidos grasos + glicerina) que repara y fortalece de forma duradera la barrera protectora de la piel, y un complejo restaurador-calmante (cera alba + enoxolona) que calma la piel inmediatamente.<\/p>\n<p>Con una eficacia comprobada cient\u00edficamente Nutriforce MED es hipoalerg\u00e9nico y sin fragancia. Lo pueden usar los adultos y los ni\u00f1os desde los 3 meses de edad, no arde ni deja olor en la piel.<\/p>\n","protected":false},"excerpt":{"rendered":"<p>Darrow Laboratorio se preocupa por ofrecer a los consumidores productos desarrollados con dermat\u00f3logos latinoamericanos de eficacia comprobada y adaptados a las pieles latinas. Presente en el mercado brasile\u00f1o desde hace m\u00e1s de 50 a\u00f1os, cuenta con una experiencia reconocida en el segmento de la higiene y cuidado personal.<\/p>\n","protected":false},"featured_media":1641,"comment_status":"closed","ping_status":"closed","template":"","meta":{"_acf_changed":false,"site-sidebar-layout":"default","site-content-layout":"","ast-site-content-layout":"default","site-content-style":"default","site-sidebar-style":"default","ast-global-header-display":"","ast-banner-title-visibility":"","ast-main-header-display":"","ast-hfb-above-header-display":"","ast-hfb-below-header-display":"","ast-hfb-mobile-header-display":"","site-post-title":"","ast-breadcrumbs-content":"","ast-featured-img":"","footer-sml-layout":"","theme-transparent-header-meta":"default","adv-header-id-meta":"","stick-header-meta":"","header-above-stick-meta":"","header-main-stick-meta":"","header-below-stick-meta":"","astra-migrate-meta-layouts":"set","ast-page-background-enabled":"default","ast-page-background-meta":{"desktop":{"background-color":"var(--ast-global-color-4)","background-image":"","background-repeat":"repeat","background-position":"center center","background-size":"auto","background-attachment":"scroll","background-type":"","background-media":"","overlay-type":"","overlay-color":"","overlay-opacity":"","overlay-gradient":""},"tablet":{"background-color":"","background-image":"","background-repeat":"repeat","background-position":"center center","background-size":"auto","background-attachment":"scroll","background-type":"","background-media":"","overlay-type":"","overlay-color":"","overlay-opacity":"","overlay-gradient":""},"mobile":{"background-color":"","background-image":"","background-repeat":"repeat","background-position":"center center","background-size":"auto","background-attachment":"scroll","background-type":"","background-media":"","overlay-type":"","overlay-color":"","overlay-opacity":"","overlay-gradient":""}},"ast-content-background-meta":{"desktop":{"background-color":"var(--ast-global-color-5)","background-image":"","background-repeat":"repeat","background-position":"center center","background-size":"auto","background-attachment":"scroll","background-type":"","background-media":"","overlay-type":"","overlay-color":"","overlay-opacity":"","overlay-gradient":""},"tablet":{"background-color":"var(--ast-global-color-5)","background-image":"","background-repeat":"repeat","background-position":"center center","background-size":"auto","background-attachment":"scroll","background-type":"","background-media":"","overlay-type":"","overlay-color":"","overlay-opacity":"","overlay-gradient":""},"mobile":{"background-color":"var(--ast-global-color-5)","background-image":"","background-repeat":"repeat","background-position":"center center","background-size":"auto","background-attachment":"scroll","background-type":"","background-media":"","overlay-type":"","overlay-color":"","overlay-opacity":"","overlay-gradient":""}}},"product_brand":[],"product_cat":[46,31],"product_tag":[],"class_list":{"0":"post-6436","1":"product","2":"type-product","3":"status-publish","4":"has-post-thumbnail","6":"product_cat-crema","7":"product_cat-piel-seca","8":"desktop-align-left","9":"tablet-align-left","10":"mobile-align-left","11":"ast-product-gallery-layout-vertical-slider","12":"ast-product-tabs-layout-vertical","14":"first","15":"instock","16":"featured","17":"shipping-taxable","18":"product-type-simple"},"acf":{"gramaje":"390g","skus":{"sku_br":"P0005956","sku_mx":"P5003183"},"ean":"3282770388497","detalle":"","uso":"Aplica diariamente sobre la piel limpia, masajeando o seg\u00fan las recomendaciones de su dermat\u00f3logo.","ingredientes":"<span data-sheets-root=\"1\">Water\/Aqua (Agua). Caprylic\/Capric Triglyceride (Triglic\u00e9rido Capr\u00edlico\/C\u00e1prico). Glycerin (Glicerol). Mineral Oil\/Paraffinum Liquidum (Vaselina L\u00edquida). Cetearyl Alcohol (Alcohol Cetoestear\u00edlico). Beeswax\/Cera Alba (Cera Blanca De Abejas). Ethylhexyl Palmitate (Palmitato De Etilhexilo). Triolein (Triole\u00edna). Cetearyl Glucoside (Gluc\u00f3sido De Cetearilo). Caprylyl Glycol (Caprililglicol). Ethylhexylglycerin (Etilhexilglicerina). Glycyrrhetinic Acid (Enoxolona). Rnhydroxyethyl Acrylate\/Sodium Acryloyldimethyl Taurate Copolymer (Copol\u00edmero De Acrilato De Hidroxietilo\/Taurato De Acriloildimetilo De Sodio). Polisorbate 60 (Polisorbato 60). Sodium Hydroxide (Hidr\u00f3xido De Sodio). Sorbitan Isostearate (Isoestearato De Sorbit\u00e1n). Squalane (Escualano). Tocopherol (Tocoferol).<\/span>","activos":"- \u00c1cidos grasos + glicerina: Refuerza y mantiene la integridad de la barrera cut\u00e1nea\r\n- Cera alba + enoxolona: Acci\u00f3n contra la inflamaci\u00f3n, reducci\u00f3n del enrojecimiento y calma la comez\u00f3n","resultados":"- 89 % de alivio de la comez\u00f3n en el primer uso\u00b9\r\n\r\n- 97 % de hidrataci\u00f3n intensa\u00b2\r\n\r\n- 24 h de nutrici\u00f3n de la piel\u00b3\r\n\r\n\u00b9 Estudio cl\u00ednico en 35 voluntarios (25 M\/10 H) de entre 18 y 65 anos y con piel sensible autodeclarada, con 2 aplicaciones por d\u00eda durante 21 d\u00edas de uso.\r\n\r\n\u00b2 Estudio de eficacia medida con el instrumento corne\u00f3metro en 43 voluntarios (23 M\/20 H), beb\u00e9s y ni\u00f1os (de 3 meses a 3 a\u00f1os), ni\u00f1os mayores y adolescentes (de 3 a 12 a\u00f1os), adolescentes mayores y adultos (de 13 a 44 a\u00f1os) con piel eczematizada, sensible y muy seca, que presenta un puntaje SCORAD de entre 10 y 25, 2 aplicaciones al d\u00eda durante 21 d\u00edas.\r\n\r\n\u00b3 Estudio cl\u00ednico en 23 voluntarias de 20 a 65 a\u00f1os que presentaban piel deshidratada, empleando la t\u00e9cnica de espectroscop\u00eda de rayos infrarrojos tras la aplicaci\u00f3n \u00fanica del producto. Las evaluaciones se realizaron inmediatamente, despu\u00e9s de 6 horas y despu\u00e9s de 24 horas de la aplicaci\u00f3n","galeria":"","galeria_copiar":"","galeria_copiar2":"","farm_san_pablo_imagen":5259,"farm_san_pablo_url":"https:\/\/www.farmaciasanpablo.com.mx\/dermocosmeticos\/corporal\/atopia-corporal\/darrow-nutriforce-med-crema-hidratante-para-piel-muy-seca-y-o-tendencia-atopica\/p\/000000000070004771","farm_ahorro_imagen":5260,"farm_ahorro_url":"https:\/\/www.fahorro.com\/darrow-nutriforce-med-390-gr.html","amazon_imagen":5258,"amazon_url":"https:\/\/www.amazon.com.mx\/dp\/B0C3WQ8QZL","dermalia_imagen":5263,"dermalia_url":"https:\/\/www.dermalia.com.mx\/eCommerce\/item\/7888\/darrow-nutriforce-med-390g","dermaexpress_imagen":5262,"dermaexpress_url":"https:\/\/www.dermaexpress.com.mx\/products\/darrow-nutriforce-crema-hidratante-corporal-med-390g","meli_imagen":"","meli_url":"","heb_imagen":5264,"heb_url":"https:\/\/www.heb.com.mx\/darrow-nutriforce-med-390-nutriforce-med-390-390-ml-915123\/p","sanborns_imagen":5644,"sanborns_url":"https:\/\/www.sanborns.com.mx\/producto\/469975\/nutriforce-med-crema-corporal-piel-seca-390g"},"yoast_head":"<!-- This site is optimized with the Yoast SEO Premium plugin v23.6 (Yoast SEO v26.0) - https:\/\/yoast.com\/wordpress\/plugins\/seo\/ -->\n<title>Nutriforce med | Crema corporal para piel seca, 390g - Darrow<\/title>\n<meta name=\"description\" content=\"Crema hidratente corporal hipoalerg\u00e9nica y sin fragancia para adultos y ni\u00f1os. Ayuda a calmar de inmediato la comez\u00f3n, proporcionando una hidrataci\u00f3n intensa y duradera.\" \/>\n<meta name=\"robots\" content=\"index, follow, max-snippet:-1, max-image-preview:large, max-video-preview:-1\" \/>\n<link rel=\"canonical\" href=\"https:\/\/www.darrow-latam.com\/mx\/producto\/nutriforce-med-390g\/\" \/>\n<meta property=\"og:locale\" content=\"es_MX\" \/>\n<meta property=\"og:type\" content=\"article\" \/>\n<meta property=\"og:title\" content=\"NUTRIFORCE MED 390G\" \/>\n<meta property=\"og:description\" content=\"Crema hidratente corporal hipoalerg\u00e9nica y sin fragancia para adultos y ni\u00f1os. Ayuda a calmar de inmediato la comez\u00f3n, proporcionando una hidrataci\u00f3n intensa y duradera.\" \/>\n<meta property=\"og:url\" content=\"https:\/\/www.darrow-latam.com\/mx\/producto\/nutriforce-med-390g\/\" \/>\n<meta property=\"og:site_name\" content=\"Darrow M\u00e9xico\" \/>\n<meta property=\"article:modified_time\" content=\"2026-04-08T16:22:25+00:00\" \/>\n<meta property=\"og:image\" content=\"https:\/\/www.darrow-latam.com\/mx\/wp-content\/uploads\/sites\/2\/2024\/06\/nutriforce_fte.jpg\" \/>\n\t<meta property=\"og:image:width\" content=\"1024\" \/>\n\t<meta property=\"og:image:height\" content=\"1024\" \/>\n\t<meta property=\"og:image:type\" content=\"image\/jpeg\" \/>\n<meta name=\"twitter:card\" content=\"summary_large_image\" \/>\n<meta name=\"twitter:label1\" content=\"Tiempo de lectura\" \/>\n\t<meta name=\"twitter:data1\" content=\"1 minuto\" \/>\n<script type=\"application\/ld+json\" class=\"yoast-schema-graph\">{\"@context\":\"https:\/\/schema.org\",\"@graph\":[{\"@type\":\"WebPage\",\"@id\":\"https:\/\/www.darrow-latam.com\/mx\/producto\/nutriforce-med-390g\/\",\"url\":\"https:\/\/www.darrow-latam.com\/mx\/producto\/nutriforce-med-390g\/\",\"name\":\"Nutriforce med | Crema corporal para piel seca, 390g - Darrow\",\"isPartOf\":{\"@id\":\"https:\/\/www.darrow-latam.com\/mx\/#website\"},\"primaryImageOfPage\":{\"@id\":\"https:\/\/www.darrow-latam.com\/mx\/producto\/nutriforce-med-390g\/#primaryimage\"},\"image\":{\"@id\":\"https:\/\/www.darrow-latam.com\/mx\/producto\/nutriforce-med-390g\/#primaryimage\"},\"thumbnailUrl\":\"https:\/\/www.darrow-latam.com\/mx\/wp-content\/uploads\/sites\/2\/2024\/06\/nutriforce_fte.jpg\",\"datePublished\":\"2024-09-18T05:06:57+00:00\",\"dateModified\":\"2026-04-08T16:22:25+00:00\",\"description\":\"Crema hidratente corporal hipoalerg\u00e9nica y sin fragancia para adultos y ni\u00f1os. Ayuda a calmar de inmediato la comez\u00f3n, proporcionando una hidrataci\u00f3n intensa y duradera.\",\"breadcrumb\":{\"@id\":\"https:\/\/www.darrow-latam.com\/mx\/producto\/nutriforce-med-390g\/#breadcrumb\"},\"inLanguage\":\"es\",\"potentialAction\":[{\"@type\":\"ReadAction\",\"target\":[\"https:\/\/www.darrow-latam.com\/mx\/producto\/nutriforce-med-390g\/\"]}]},{\"@type\":\"ImageObject\",\"inLanguage\":\"es\",\"@id\":\"https:\/\/www.darrow-latam.com\/mx\/producto\/nutriforce-med-390g\/#primaryimage\",\"url\":\"https:\/\/www.darrow-latam.com\/mx\/wp-content\/uploads\/sites\/2\/2024\/06\/nutriforce_fte.jpg\",\"contentUrl\":\"https:\/\/www.darrow-latam.com\/mx\/wp-content\/uploads\/sites\/2\/2024\/06\/nutriforce_fte.jpg\",\"width\":1024,\"height\":1024},{\"@type\":\"BreadcrumbList\",\"@id\":\"https:\/\/www.darrow-latam.com\/mx\/producto\/nutriforce-med-390g\/#breadcrumb\",\"itemListElement\":[{\"@type\":\"ListItem\",\"position\":1,\"name\":\"Portada\",\"item\":\"https:\/\/www.darrow-latam.com\/mx\/\"},{\"@type\":\"ListItem\",\"position\":2,\"name\":\"Productos\",\"item\":\"https:\/\/www.darrow-latam.com\/mx\/shop\/\"},{\"@type\":\"ListItem\",\"position\":3,\"name\":\"NUTRIFORCE MED 390G\"}]},{\"@type\":\"WebSite\",\"@id\":\"https:\/\/www.darrow-latam.com\/mx\/#website\",\"url\":\"https:\/\/www.darrow-latam.com\/mx\/\",\"name\":\"Darrow M\u00e9xico\",\"description\":\"Cuidados dermatol\u00f3gicos\",\"publisher\":{\"@id\":\"https:\/\/www.darrow-latam.com\/mx\/#organization\"},\"potentialAction\":[{\"@type\":\"SearchAction\",\"target\":{\"@type\":\"EntryPoint\",\"urlTemplate\":\"https:\/\/www.darrow-latam.com\/mx\/?s={search_term_string}\"},\"query-input\":{\"@type\":\"PropertyValueSpecification\",\"valueRequired\":true,\"valueName\":\"search_term_string\"}}],\"inLanguage\":\"es\"},{\"@type\":\"Organization\",\"@id\":\"https:\/\/www.darrow-latam.com\/mx\/#organization\",\"name\":\"Darrow M\u00e9xico\",\"url\":\"https:\/\/www.darrow-latam.com\/mx\/\",\"logo\":{\"@type\":\"ImageObject\",\"inLanguage\":\"es\",\"@id\":\"https:\/\/www.darrow-latam.com\/mx\/#\/schema\/logo\/image\/\",\"url\":\"https:\/\/www.darrow-latam.com\/mx\/wp-content\/uploads\/sites\/2\/2024\/07\/logo_darrow_w34@2x.png\",\"contentUrl\":\"https:\/\/www.darrow-latam.com\/mx\/wp-content\/uploads\/sites\/2\/2024\/07\/logo_darrow_w34@2x.png\",\"width\":380,\"height\":378,\"caption\":\"Darrow M\u00e9xico\"},\"image\":{\"@id\":\"https:\/\/www.darrow-latam.com\/mx\/#\/schema\/logo\/image\/\"}}]}<\/script>\n","yoast_head_json":{"title":"Nutriforce med | Crema corporal para piel seca, 390g - Darrow","description":"Crema hidratente corporal hipoalerg\u00e9nica y sin fragancia para adultos y ni\u00f1os. Ayuda a calmar de inmediato la comez\u00f3n, proporcionando una hidrataci\u00f3n intensa y duradera.","robots":{"index":"index","follow":"follow","max-snippet":"max-snippet:-1","max-image-preview":"max-image-preview:large","max-video-preview":"max-video-preview:-1"},"canonical":"https:\/\/www.darrow-latam.com\/mx\/producto\/nutriforce-med-390g\/","og_locale":"es_MX","og_type":"article","og_title":"NUTRIFORCE MED 390G","og_description":"Crema hidratente corporal hipoalerg\u00e9nica y sin fragancia para adultos y ni\u00f1os. Ayuda a calmar de inmediato la comez\u00f3n, proporcionando una hidrataci\u00f3n intensa y duradera.","og_url":"https:\/\/www.darrow-latam.com\/mx\/producto\/nutriforce-med-390g\/","og_site_name":"Darrow M\u00e9xico","article_modified_time":"2026-04-08T16:22:25+00:00","og_image":[{"width":1024,"height":1024,"url":"https:\/\/www.darrow-latam.com\/mx\/wp-content\/uploads\/sites\/2\/2024\/06\/nutriforce_fte.jpg","type":"image\/jpeg"}],"twitter_card":"summary_large_image","twitter_misc":{"Tiempo de lectura":"1 minuto"},"schema":{"@context":"https:\/\/schema.org","@graph":[{"@type":"WebPage","@id":"https:\/\/www.darrow-latam.com\/mx\/producto\/nutriforce-med-390g\/","url":"https:\/\/www.darrow-latam.com\/mx\/producto\/nutriforce-med-390g\/","name":"Nutriforce med | Crema corporal para piel seca, 390g - Darrow","isPartOf":{"@id":"https:\/\/www.darrow-latam.com\/mx\/#website"},"primaryImageOfPage":{"@id":"https:\/\/www.darrow-latam.com\/mx\/producto\/nutriforce-med-390g\/#primaryimage"},"image":{"@id":"https:\/\/www.darrow-latam.com\/mx\/producto\/nutriforce-med-390g\/#primaryimage"},"thumbnailUrl":"https:\/\/www.darrow-latam.com\/mx\/wp-content\/uploads\/sites\/2\/2024\/06\/nutriforce_fte.jpg","datePublished":"2024-09-18T05:06:57+00:00","dateModified":"2026-04-08T16:22:25+00:00","description":"Crema hidratente corporal hipoalerg\u00e9nica y sin fragancia para adultos y ni\u00f1os. Ayuda a calmar de inmediato la comez\u00f3n, proporcionando una hidrataci\u00f3n intensa y duradera.","breadcrumb":{"@id":"https:\/\/www.darrow-latam.com\/mx\/producto\/nutriforce-med-390g\/#breadcrumb"},"inLanguage":"es","potentialAction":[{"@type":"ReadAction","target":["https:\/\/www.darrow-latam.com\/mx\/producto\/nutriforce-med-390g\/"]}]},{"@type":"ImageObject","inLanguage":"es","@id":"https:\/\/www.darrow-latam.com\/mx\/producto\/nutriforce-med-390g\/#primaryimage","url":"https:\/\/www.darrow-latam.com\/mx\/wp-content\/uploads\/sites\/2\/2024\/06\/nutriforce_fte.jpg","contentUrl":"https:\/\/www.darrow-latam.com\/mx\/wp-content\/uploads\/sites\/2\/2024\/06\/nutriforce_fte.jpg","width":1024,"height":1024},{"@type":"BreadcrumbList","@id":"https:\/\/www.darrow-latam.com\/mx\/producto\/nutriforce-med-390g\/#breadcrumb","itemListElement":[{"@type":"ListItem","position":1,"name":"Portada","item":"https:\/\/www.darrow-latam.com\/mx\/"},{"@type":"ListItem","position":2,"name":"Productos","item":"https:\/\/www.darrow-latam.com\/mx\/shop\/"},{"@type":"ListItem","position":3,"name":"NUTRIFORCE MED 390G"}]},{"@type":"WebSite","@id":"https:\/\/www.darrow-latam.com\/mx\/#website","url":"https:\/\/www.darrow-latam.com\/mx\/","name":"Darrow M\u00e9xico","description":"Cuidados dermatol\u00f3gicos","publisher":{"@id":"https:\/\/www.darrow-latam.com\/mx\/#organization"},"potentialAction":[{"@type":"SearchAction","target":{"@type":"EntryPoint","urlTemplate":"https:\/\/www.darrow-latam.com\/mx\/?s={search_term_string}"},"query-input":{"@type":"PropertyValueSpecification","valueRequired":true,"valueName":"search_term_string"}}],"inLanguage":"es"},{"@type":"Organization","@id":"https:\/\/www.darrow-latam.com\/mx\/#organization","name":"Darrow M\u00e9xico","url":"https:\/\/www.darrow-latam.com\/mx\/","logo":{"@type":"ImageObject","inLanguage":"es","@id":"https:\/\/www.darrow-latam.com\/mx\/#\/schema\/logo\/image\/","url":"https:\/\/www.darrow-latam.com\/mx\/wp-content\/uploads\/sites\/2\/2024\/07\/logo_darrow_w34@2x.png","contentUrl":"https:\/\/www.darrow-latam.com\/mx\/wp-content\/uploads\/sites\/2\/2024\/07\/logo_darrow_w34@2x.png","width":380,"height":378,"caption":"Darrow M\u00e9xico"},"image":{"@id":"https:\/\/www.darrow-latam.com\/mx\/#\/schema\/logo\/image\/"}}]}},"_links":{"self":[{"href":"https:\/\/www.darrow-latam.com\/mx\/wp-json\/wp\/v2\/product\/6436","targetHints":{"allow":["GET"]}}],"collection":[{"href":"https:\/\/www.darrow-latam.com\/mx\/wp-json\/wp\/v2\/product"}],"about":[{"href":"https:\/\/www.darrow-latam.com\/mx\/wp-json\/wp\/v2\/types\/product"}],"replies":[{"embeddable":true,"href":"https:\/\/www.darrow-latam.com\/mx\/wp-json\/wp\/v2\/comments?post=6436"}],"version-history":[{"count":2,"href":"https:\/\/www.darrow-latam.com\/mx\/wp-json\/wp\/v2\/product\/6436\/revisions"}],"predecessor-version":[{"id":6461,"href":"https:\/\/www.darrow-latam.com\/mx\/wp-json\/wp\/v2\/product\/6436\/revisions\/6461"}],"wp:featuredmedia":[{"embeddable":true,"href":"https:\/\/www.darrow-latam.com\/mx\/wp-json\/wp\/v2\/media\/1641"}],"wp:attachment":[{"href":"https:\/\/www.darrow-latam.com\/mx\/wp-json\/wp\/v2\/media?parent=6436"}],"wp:term":[{"taxonomy":"product_brand","embeddable":true,"href":"https:\/\/www.darrow-latam.com\/mx\/wp-json\/wp\/v2\/product_brand?post=6436"},{"taxonomy":"product_cat","embeddable":true,"href":"https:\/\/www.darrow-latam.com\/mx\/wp-json\/wp\/v2\/product_cat?post=6436"},{"taxonomy":"product_tag","embeddable":true,"href":"https:\/\/www.darrow-latam.com\/mx\/wp-json\/wp\/v2\/product_tag?post=6436"}],"curies":[{"name":"wp","href":"https:\/\/api.w.org\/{rel}","templated":true}]}}