{"id":6440,"date":"2024-09-17T23:13:32","date_gmt":"2024-09-18T05:13:32","guid":{"rendered":"https:\/\/www.darrow-latam.com\/mx\/?post_type=product&#038;p=6440"},"modified":"2025-01-18T13:07:21","modified_gmt":"2025-01-18T19:07:21","slug":"actine-barra-70g","status":"publish","type":"product","link":"https:\/\/www.darrow-latam.com\/mx\/producto\/actine-barra-70g\/","title":{"rendered":"ACTINE BARRA 70G"},"content":{"rendered":"<p><span data-sheets-value=\"{&quot;1&quot;:2,&quot;2&quot;:&quot;Actine es la gama dermatol\u00f3gica especialista de las pieles latinas muy grasas y con tendencia acneica.\\n\\nDarrow Actine Barra limpiadora ofrece una limpieza profunda contra la grasa y brillo del rostro, con acci\u00f3n secante contra los brotes y espinillas.\\n\\nComprueba los beneficios de Darrow Actine Barra Limpiadora con Azufre al 10%, \u00c1cido salic\u00edlico y \u00c1cido l\u00e1ctico.\\n\\nEnriquecida con Aloe vera, limpia la piel y desobstuye poros, sin resecar.&quot;}\" data-sheets-userformat=\"{&quot;2&quot;:14783,&quot;3&quot;:{&quot;1&quot;:0,&quot;3&quot;:1},&quot;4&quot;:{&quot;1&quot;:3,&quot;3&quot;:2},&quot;5&quot;:{&quot;1&quot;:[{&quot;1&quot;:2,&quot;2&quot;:0,&quot;5&quot;:{&quot;1&quot;:2,&quot;2&quot;:0}},{&quot;1&quot;:0,&quot;2&quot;:0,&quot;3&quot;:3},{&quot;1&quot;:1,&quot;2&quot;:0,&quot;4&quot;:1}]},&quot;6&quot;:{&quot;1&quot;:[{&quot;1&quot;:2,&quot;2&quot;:0,&quot;5&quot;:{&quot;1&quot;:2,&quot;2&quot;:0}},{&quot;1&quot;:0,&quot;2&quot;:0,&quot;3&quot;:3},{&quot;1&quot;:1,&quot;2&quot;:0,&quot;4&quot;:1}]},&quot;7&quot;:{&quot;1&quot;:[{&quot;1&quot;:2,&quot;2&quot;:0,&quot;5&quot;:{&quot;1&quot;:2,&quot;2&quot;:0}},{&quot;1&quot;:0,&quot;2&quot;:0,&quot;3&quot;:3},{&quot;1&quot;:1,&quot;2&quot;:0,&quot;4&quot;:1}]},&quot;8&quot;:{&quot;1&quot;:[{&quot;1&quot;:2,&quot;2&quot;:0,&quot;5&quot;:{&quot;1&quot;:2,&quot;2&quot;:0}},{&quot;1&quot;:0,&quot;2&quot;:0,&quot;3&quot;:3},{&quot;1&quot;:1,&quot;2&quot;:0,&quot;4&quot;:1}]},&quot;10&quot;:0,&quot;11&quot;:4,&quot;14&quot;:{&quot;1&quot;:2,&quot;2&quot;:0},&quot;15&quot;:&quot;Calibri&quot;,&quot;16&quot;:11}\">Actine es la gama dermatol\u00f3gica especialista de las pieles latinas muy grasas y con tendencia acneica. <\/span><\/p>\n<p>Darrow Actine Barra limpiadora ofrece una limpieza profunda contra la grasa y brillo del rostro, con acci\u00f3n secante contra los brotes y espinillas.<\/p>\n<p>Comprueba los beneficios de Darrow Actine Barra Limpiadora con Azufre al 10%, \u00c1cido salic\u00edlico y \u00c1cido l\u00e1ctico.<\/p>\n<p>Enriquecida con Aloe vera, limpia la piel y desobstuye poros, sin resecar.<\/p>\n","protected":false},"excerpt":{"rendered":"<p><span style=\"font-size: 16px;\">Darrow Laboratorio se preocupa por ofrecer a los consumidores productos desarrollados con dermat\u00f3logos latinoamericanos de eficacia comprobada y adaptados a las pieles latinas. Presente en el mercado brasile\u00f1o desde hace m\u00e1s de 50 a\u00f1os, cuenta con una experiencia reconocida en el segmento de la higiene y cuidado personal.<\/span><\/p>\n","protected":false},"featured_media":1624,"comment_status":"closed","ping_status":"closed","template":"","meta":{"_acf_changed":false,"site-sidebar-layout":"default","site-content-layout":"","ast-site-content-layout":"default","site-content-style":"default","site-sidebar-style":"default","ast-global-header-display":"","ast-banner-title-visibility":"","ast-main-header-display":"","ast-hfb-above-header-display":"","ast-hfb-below-header-display":"","ast-hfb-mobile-header-display":"","site-post-title":"","ast-breadcrumbs-content":"","ast-featured-img":"","footer-sml-layout":"","theme-transparent-header-meta":"default","adv-header-id-meta":"","stick-header-meta":"","header-above-stick-meta":"","header-main-stick-meta":"","header-below-stick-meta":"","astra-migrate-meta-layouts":"set","ast-page-background-enabled":"default","ast-page-background-meta":{"desktop":{"background-color":"var(--ast-global-color-4)","background-image":"","background-repeat":"repeat","background-position":"center center","background-size":"auto","background-attachment":"scroll","background-type":"","background-media":"","overlay-type":"","overlay-color":"","overlay-opacity":"","overlay-gradient":""},"tablet":{"background-color":"","background-image":"","background-repeat":"repeat","background-position":"center center","background-size":"auto","background-attachment":"scroll","background-type":"","background-media":"","overlay-type":"","overlay-color":"","overlay-opacity":"","overlay-gradient":""},"mobile":{"background-color":"","background-image":"","background-repeat":"repeat","background-position":"center center","background-size":"auto","background-attachment":"scroll","background-type":"","background-media":"","overlay-type":"","overlay-color":"","overlay-opacity":"","overlay-gradient":""}},"ast-content-background-meta":{"desktop":{"background-color":"var(--ast-global-color-5)","background-image":"","background-repeat":"repeat","background-position":"center center","background-size":"auto","background-attachment":"scroll","background-type":"","background-media":"","overlay-type":"","overlay-color":"","overlay-opacity":"","overlay-gradient":""},"tablet":{"background-color":"var(--ast-global-color-5)","background-image":"","background-repeat":"repeat","background-position":"center center","background-size":"auto","background-attachment":"scroll","background-type":"","background-media":"","overlay-type":"","overlay-color":"","overlay-opacity":"","overlay-gradient":""},"mobile":{"background-color":"var(--ast-global-color-5)","background-image":"","background-repeat":"repeat","background-position":"center center","background-size":"auto","background-attachment":"scroll","background-type":"","background-media":"","overlay-type":"","overlay-color":"","overlay-opacity":"","overlay-gradient":""}}},"product_brand":[],"product_cat":[30,15],"product_tag":[],"class_list":{"0":"post-6440","1":"product","2":"type-product","3":"status-publish","4":"has-post-thumbnail","6":"product_cat-barra","7":"product_cat-piel-grasa","8":"desktop-align-left","9":"tablet-align-left","10":"mobile-align-left","11":"ast-product-gallery-layout-vertical-slider","12":"ast-product-tabs-layout-vertical","14":"first","15":"instock","16":"shipping-taxable","17":"product-type-simple"},"acf":{"gramaje":"70g","skus":{"sku_br":"P0005958","sku_mx":"P5003186"},"ean":"3282770388664","detalle":"","uso":"<span data-sheets-value=\"{&quot;1&quot;:2,&quot;2&quot;:&quot;Aplica Darrow Actine Barra Limpiadora sobre la piel h\u00fameda y masajea suavemente haciendo espuma. Luego, enjuaga bien. Utiliza el producto de 1 a 2 veces al d\u00eda o seg\u00fan las recomendaciones de tu dermat\u00f3logo.&quot;}\" data-sheets-userformat=\"{&quot;2&quot;:14781,&quot;3&quot;:{&quot;1&quot;:0,&quot;3&quot;:1},&quot;5&quot;:{&quot;1&quot;:[{&quot;1&quot;:2,&quot;2&quot;:0,&quot;5&quot;:{&quot;1&quot;:2,&quot;2&quot;:0}},{&quot;1&quot;:0,&quot;2&quot;:0,&quot;3&quot;:3},{&quot;1&quot;:1,&quot;2&quot;:0,&quot;4&quot;:1}]},&quot;6&quot;:{&quot;1&quot;:[{&quot;1&quot;:2,&quot;2&quot;:0,&quot;5&quot;:{&quot;1&quot;:2,&quot;2&quot;:0}},{&quot;1&quot;:0,&quot;2&quot;:0,&quot;3&quot;:3},{&quot;1&quot;:1,&quot;2&quot;:0,&quot;4&quot;:1}]},&quot;7&quot;:{&quot;1&quot;:[{&quot;1&quot;:2,&quot;2&quot;:0,&quot;5&quot;:{&quot;1&quot;:2,&quot;2&quot;:0}},{&quot;1&quot;:0,&quot;2&quot;:0,&quot;3&quot;:3},{&quot;1&quot;:1,&quot;2&quot;:0,&quot;4&quot;:1}]},&quot;8&quot;:{&quot;1&quot;:[{&quot;1&quot;:2,&quot;2&quot;:0,&quot;5&quot;:{&quot;1&quot;:2,&quot;2&quot;:0}},{&quot;1&quot;:0,&quot;2&quot;:0,&quot;3&quot;:3},{&quot;1&quot;:1,&quot;2&quot;:0,&quot;4&quot;:1}]},&quot;10&quot;:0,&quot;11&quot;:4,&quot;14&quot;:{&quot;1&quot;:2,&quot;2&quot;:0},&quot;15&quot;:&quot;Calibri&quot;,&quot;16&quot;:11}\">Aplica Darrow Actine Barra Limpiadora sobre la piel h\u00fameda y masajea suavemente haciendo espuma. Luego, enjuaga bien. Utiliza el producto de 1 a 2 veces al d\u00eda o seg\u00fan las recomendaciones de tu dermat\u00f3logo.<\/span>","ingredientes":"<span data-sheets-root=\"1\">Estearato De Sodio Palmato De Sodio. Kernelato De Palma De Sodio. Azufre. Agua. Cocoil Isetionato De Sodio. \u00c1cido Salic\u00edlico. Glicerina. Fragancia. Alcohol. Extracto De Hoja De Aloe Barbadensis. Disulfonato De Disirilbifenilo Dis\u00f3dico. Edta Dis\u00f3dico Edta. \u00c1cido Etidr\u00f3nico. Metilparabeno. Pigmento Azul 15:1. Propilenglicol. Propilparabeno. Murumurato De Astrocario De Sodio. Cloruro De Sodio. Hidr\u00f3xido De Sodio. \u00c1cido Este\u00e1rico. Edta Tetras\u00f3dico. Di\u00f3xido De Titanio. Zinc Pca.<\/span>","activos":"<span data-sheets-value=\"{&quot;1&quot;:2,&quot;2&quot;:&quot;Complejo anti-imperfecciones:\\n- Azufre coloidal 10%: Acci\u00f3n secante y antis\u00e9ptica\\n - \u00c1cido salic\u00edlico al 2% : Controla la grasa, renueva y mejora la textura de la piel. \\n- Zinc PCA: Acci\u00f3n antiseborreica\\n\\n- Extracto de Aloe vera: acci\u00f3n hidratante y calmante en la piel&quot;,&quot;6&quot;:1}\" data-sheets-userformat=\"{&quot;2&quot;:14781,&quot;3&quot;:{&quot;1&quot;:0,&quot;3&quot;:1},&quot;5&quot;:{&quot;1&quot;:[{&quot;1&quot;:2,&quot;2&quot;:0,&quot;5&quot;:{&quot;1&quot;:2,&quot;2&quot;:0}},{&quot;1&quot;:0,&quot;2&quot;:0,&quot;3&quot;:3},{&quot;1&quot;:1,&quot;2&quot;:0,&quot;4&quot;:1}]},&quot;6&quot;:{&quot;1&quot;:[{&quot;1&quot;:2,&quot;2&quot;:0,&quot;5&quot;:{&quot;1&quot;:2,&quot;2&quot;:0}},{&quot;1&quot;:0,&quot;2&quot;:0,&quot;3&quot;:3},{&quot;1&quot;:1,&quot;2&quot;:0,&quot;4&quot;:1}]},&quot;7&quot;:{&quot;1&quot;:[{&quot;1&quot;:2,&quot;2&quot;:0,&quot;5&quot;:{&quot;1&quot;:2,&quot;2&quot;:0}},{&quot;1&quot;:0,&quot;2&quot;:0,&quot;3&quot;:3},{&quot;1&quot;:1,&quot;2&quot;:0,&quot;4&quot;:1}]},&quot;8&quot;:{&quot;1&quot;:[{&quot;1&quot;:2,&quot;2&quot;:0,&quot;5&quot;:{&quot;1&quot;:2,&quot;2&quot;:0}},{&quot;1&quot;:0,&quot;2&quot;:0,&quot;3&quot;:3},{&quot;1&quot;:1,&quot;2&quot;:0,&quot;4&quot;:1}]},&quot;10&quot;:0,&quot;11&quot;:4,&quot;14&quot;:{&quot;1&quot;:2,&quot;2&quot;:0},&quot;15&quot;:&quot;Calibri&quot;,&quot;16&quot;:11}\">Complejo anti-imperfecciones:\r\n- Azufre coloidal 10%: Acci\u00f3n secante y antis\u00e9ptica\r\n- \u00c1cido salic\u00edlico al 2% : Controla la grasa, renueva y mejora la textura de la piel.\r\n- Zinc PCA: Acci\u00f3n antiseborreica\r\n<\/span>- Extracto de Aloe vera: acci\u00f3n hidratante y calmante en la piel","resultados":"<span data-sheets-value=\"{&quot;1&quot;:2,&quot;2&quot;:&quot;- Acci\u00f3n secante de imperfecciones al 91%*\\n- Minimiza el tama\u00f1o de los poros diltados 94%*\\n \\n* Estudio en 32 pacientes (hombres y mujeres), con edades entre 18 y 59 a\u00f1os, con piel mixta, grasa y con tendencia acn\u00e9ica.&quot;,&quot;6&quot;:1}\" data-sheets-userformat=\"{&quot;2&quot;:14781,&quot;3&quot;:{&quot;1&quot;:0,&quot;3&quot;:1},&quot;5&quot;:{&quot;1&quot;:[{&quot;1&quot;:2,&quot;2&quot;:0,&quot;5&quot;:{&quot;1&quot;:2,&quot;2&quot;:0}},{&quot;1&quot;:0,&quot;2&quot;:0,&quot;3&quot;:3},{&quot;1&quot;:1,&quot;2&quot;:0,&quot;4&quot;:1}]},&quot;6&quot;:{&quot;1&quot;:[{&quot;1&quot;:2,&quot;2&quot;:0,&quot;5&quot;:{&quot;1&quot;:2,&quot;2&quot;:0}},{&quot;1&quot;:0,&quot;2&quot;:0,&quot;3&quot;:3},{&quot;1&quot;:1,&quot;2&quot;:0,&quot;4&quot;:1}]},&quot;7&quot;:{&quot;1&quot;:[{&quot;1&quot;:2,&quot;2&quot;:0,&quot;5&quot;:{&quot;1&quot;:2,&quot;2&quot;:0}},{&quot;1&quot;:0,&quot;2&quot;:0,&quot;3&quot;:3},{&quot;1&quot;:1,&quot;2&quot;:0,&quot;4&quot;:1}]},&quot;8&quot;:{&quot;1&quot;:[{&quot;1&quot;:2,&quot;2&quot;:0,&quot;5&quot;:{&quot;1&quot;:2,&quot;2&quot;:0}},{&quot;1&quot;:0,&quot;2&quot;:0,&quot;3&quot;:3},{&quot;1&quot;:1,&quot;2&quot;:0,&quot;4&quot;:1}]},&quot;10&quot;:0,&quot;11&quot;:4,&quot;14&quot;:{&quot;1&quot;:2,&quot;2&quot;:0},&quot;15&quot;:&quot;Calibri&quot;,&quot;16&quot;:11}\">- Acci\u00f3n secante de imperfecciones al 91%*\r\n- Minimiza el tama\u00f1o de los poros diltados 94%*<\/span>\r\n\r\n* Estudio en 32 pacientes (hombres y mujeres), con edades entre 18 y 59 a\u00f1os, con piel mixta, grasa y con tendencia acn\u00e9ica.","galeria":"","galeria_copiar":"","galeria_copiar2":"","farm_san_pablo_imagen":5259,"farm_san_pablo_url":"https:\/\/www.farmaciasanpablo.com.mx\/dermocosmeticos\/facial\/piel-grasa-facial\/darrow-actine-barra-limpiadora-dermatologica-para-piel-con-tendencia-acneica\/p\/000000000070004773","farm_ahorro_imagen":5260,"farm_ahorro_url":"https:\/\/www.fahorro.com\/darrow-actine-barra-70-gr.html","amazon_imagen":5258,"amazon_url":"https:\/\/www.amazon.com.mx\/dp\/B0BLTDFF58","dermalia_imagen":5263,"dermalia_url":"https:\/\/www.dermalia.com.mx\/eCommerce\/item\/7889\/darrow-actine-barra-70g","dermaexpress_imagen":5262,"dermaexpress_url":"https:\/\/www.dermaexpress.com.mx\/products\/darrow-active-barra-de-limpieza-para-piel-grasa-70g","meli_imagen":"","meli_url":"","heb_imagen":5264,"heb_url":"https:\/\/www.heb.com.mx\/darrow-actine-barra-actine-barra-70-gr-915304\/p","sanborns_imagen":5644,"sanborns_url":"https:\/\/www.sanborns.com.mx\/producto\/469974\/actine-barra-limpiadora-con-vitamina-c-70-gr"},"yoast_head":"<!-- This site is optimized with the Yoast SEO Premium plugin v23.6 (Yoast SEO v26.0) - https:\/\/yoast.com\/wordpress\/plugins\/seo\/ -->\n<title>Actine jab\u00f3n facial en barra para piel grasa - Darrow<\/title>\n<meta name=\"description\" content=\"Jab\u00f3n para piel grasacon tendencia acneica. Darrow Actine barra limpiadora ofrece una acci\u00f3n efectiva ayuda a reducir puntos negros y espinillas, exceso de grasa en el rostro y poros obstruidos.\" \/>\n<meta name=\"robots\" content=\"index, follow, max-snippet:-1, max-image-preview:large, max-video-preview:-1\" \/>\n<link rel=\"canonical\" href=\"https:\/\/www.darrow-latam.com\/mx\/producto\/actine-barra-70g\/\" \/>\n<meta property=\"og:locale\" content=\"es_MX\" \/>\n<meta property=\"og:type\" content=\"article\" \/>\n<meta property=\"og:title\" content=\"ACTINE BARRA 70G\" \/>\n<meta property=\"og:description\" content=\"Jab\u00f3n para piel grasacon tendencia acneica. Darrow Actine barra limpiadora ofrece una acci\u00f3n efectiva ayuda a reducir puntos negros y espinillas, exceso de grasa en el rostro y poros obstruidos.\" \/>\n<meta property=\"og:url\" content=\"https:\/\/www.darrow-latam.com\/mx\/producto\/actine-barra-70g\/\" \/>\n<meta property=\"og:site_name\" content=\"Darrow M\u00e9xico\" \/>\n<meta property=\"article:modified_time\" content=\"2025-01-18T19:07:21+00:00\" \/>\n<meta property=\"og:image\" content=\"https:\/\/www.darrow-latam.com\/mx\/wp-content\/uploads\/sites\/2\/2024\/06\/actine_barra_70g_fte.jpg\" \/>\n\t<meta property=\"og:image:width\" content=\"1024\" \/>\n\t<meta property=\"og:image:height\" content=\"1024\" \/>\n\t<meta property=\"og:image:type\" content=\"image\/jpeg\" \/>\n<meta name=\"twitter:card\" content=\"summary_large_image\" \/>\n<meta name=\"twitter:label1\" content=\"Tiempo de lectura\" \/>\n\t<meta name=\"twitter:data1\" content=\"1 minuto\" \/>\n<script type=\"application\/ld+json\" class=\"yoast-schema-graph\">{\"@context\":\"https:\/\/schema.org\",\"@graph\":[{\"@type\":\"WebPage\",\"@id\":\"https:\/\/www.darrow-latam.com\/mx\/producto\/actine-barra-70g\/\",\"url\":\"https:\/\/www.darrow-latam.com\/mx\/producto\/actine-barra-70g\/\",\"name\":\"Actine jab\u00f3n facial en barra para piel grasa - Darrow\",\"isPartOf\":{\"@id\":\"https:\/\/www.darrow-latam.com\/mx\/#website\"},\"primaryImageOfPage\":{\"@id\":\"https:\/\/www.darrow-latam.com\/mx\/producto\/actine-barra-70g\/#primaryimage\"},\"image\":{\"@id\":\"https:\/\/www.darrow-latam.com\/mx\/producto\/actine-barra-70g\/#primaryimage\"},\"thumbnailUrl\":\"https:\/\/www.darrow-latam.com\/mx\/wp-content\/uploads\/sites\/2\/2024\/06\/actine_barra_70g_fte.jpg\",\"datePublished\":\"2024-09-18T05:13:32+00:00\",\"dateModified\":\"2025-01-18T19:07:21+00:00\",\"description\":\"Jab\u00f3n para piel grasacon tendencia acneica. Darrow Actine barra limpiadora ofrece una acci\u00f3n efectiva ayuda a reducir puntos negros y espinillas, exceso de grasa en el rostro y poros obstruidos.\",\"breadcrumb\":{\"@id\":\"https:\/\/www.darrow-latam.com\/mx\/producto\/actine-barra-70g\/#breadcrumb\"},\"inLanguage\":\"es\",\"potentialAction\":[{\"@type\":\"ReadAction\",\"target\":[\"https:\/\/www.darrow-latam.com\/mx\/producto\/actine-barra-70g\/\"]}]},{\"@type\":\"ImageObject\",\"inLanguage\":\"es\",\"@id\":\"https:\/\/www.darrow-latam.com\/mx\/producto\/actine-barra-70g\/#primaryimage\",\"url\":\"https:\/\/www.darrow-latam.com\/mx\/wp-content\/uploads\/sites\/2\/2024\/06\/actine_barra_70g_fte.jpg\",\"contentUrl\":\"https:\/\/www.darrow-latam.com\/mx\/wp-content\/uploads\/sites\/2\/2024\/06\/actine_barra_70g_fte.jpg\",\"width\":1024,\"height\":1024},{\"@type\":\"BreadcrumbList\",\"@id\":\"https:\/\/www.darrow-latam.com\/mx\/producto\/actine-barra-70g\/#breadcrumb\",\"itemListElement\":[{\"@type\":\"ListItem\",\"position\":1,\"name\":\"Portada\",\"item\":\"https:\/\/www.darrow-latam.com\/mx\/\"},{\"@type\":\"ListItem\",\"position\":2,\"name\":\"Productos\",\"item\":\"https:\/\/www.darrow-latam.com\/mx\/shop\/\"},{\"@type\":\"ListItem\",\"position\":3,\"name\":\"ACTINE BARRA 70G\"}]},{\"@type\":\"WebSite\",\"@id\":\"https:\/\/www.darrow-latam.com\/mx\/#website\",\"url\":\"https:\/\/www.darrow-latam.com\/mx\/\",\"name\":\"Darrow M\u00e9xico\",\"description\":\"Cuidados dermatol\u00f3gicos\",\"publisher\":{\"@id\":\"https:\/\/www.darrow-latam.com\/mx\/#organization\"},\"potentialAction\":[{\"@type\":\"SearchAction\",\"target\":{\"@type\":\"EntryPoint\",\"urlTemplate\":\"https:\/\/www.darrow-latam.com\/mx\/?s={search_term_string}\"},\"query-input\":{\"@type\":\"PropertyValueSpecification\",\"valueRequired\":true,\"valueName\":\"search_term_string\"}}],\"inLanguage\":\"es\"},{\"@type\":\"Organization\",\"@id\":\"https:\/\/www.darrow-latam.com\/mx\/#organization\",\"name\":\"Darrow M\u00e9xico\",\"url\":\"https:\/\/www.darrow-latam.com\/mx\/\",\"logo\":{\"@type\":\"ImageObject\",\"inLanguage\":\"es\",\"@id\":\"https:\/\/www.darrow-latam.com\/mx\/#\/schema\/logo\/image\/\",\"url\":\"https:\/\/www.darrow-latam.com\/mx\/wp-content\/uploads\/sites\/2\/2024\/07\/logo_darrow_w34@2x.png\",\"contentUrl\":\"https:\/\/www.darrow-latam.com\/mx\/wp-content\/uploads\/sites\/2\/2024\/07\/logo_darrow_w34@2x.png\",\"width\":380,\"height\":378,\"caption\":\"Darrow M\u00e9xico\"},\"image\":{\"@id\":\"https:\/\/www.darrow-latam.com\/mx\/#\/schema\/logo\/image\/\"}}]}<\/script>\n","yoast_head_json":{"title":"Actine jab\u00f3n facial en barra para piel grasa - Darrow","description":"Jab\u00f3n para piel grasacon tendencia acneica. Darrow Actine barra limpiadora ofrece una acci\u00f3n efectiva ayuda a reducir puntos negros y espinillas, exceso de grasa en el rostro y poros obstruidos.","robots":{"index":"index","follow":"follow","max-snippet":"max-snippet:-1","max-image-preview":"max-image-preview:large","max-video-preview":"max-video-preview:-1"},"canonical":"https:\/\/www.darrow-latam.com\/mx\/producto\/actine-barra-70g\/","og_locale":"es_MX","og_type":"article","og_title":"ACTINE BARRA 70G","og_description":"Jab\u00f3n para piel grasacon tendencia acneica. Darrow Actine barra limpiadora ofrece una acci\u00f3n efectiva ayuda a reducir puntos negros y espinillas, exceso de grasa en el rostro y poros obstruidos.","og_url":"https:\/\/www.darrow-latam.com\/mx\/producto\/actine-barra-70g\/","og_site_name":"Darrow M\u00e9xico","article_modified_time":"2025-01-18T19:07:21+00:00","og_image":[{"width":1024,"height":1024,"url":"https:\/\/www.darrow-latam.com\/mx\/wp-content\/uploads\/sites\/2\/2024\/06\/actine_barra_70g_fte.jpg","type":"image\/jpeg"}],"twitter_card":"summary_large_image","twitter_misc":{"Tiempo de lectura":"1 minuto"},"schema":{"@context":"https:\/\/schema.org","@graph":[{"@type":"WebPage","@id":"https:\/\/www.darrow-latam.com\/mx\/producto\/actine-barra-70g\/","url":"https:\/\/www.darrow-latam.com\/mx\/producto\/actine-barra-70g\/","name":"Actine jab\u00f3n facial en barra para piel grasa - Darrow","isPartOf":{"@id":"https:\/\/www.darrow-latam.com\/mx\/#website"},"primaryImageOfPage":{"@id":"https:\/\/www.darrow-latam.com\/mx\/producto\/actine-barra-70g\/#primaryimage"},"image":{"@id":"https:\/\/www.darrow-latam.com\/mx\/producto\/actine-barra-70g\/#primaryimage"},"thumbnailUrl":"https:\/\/www.darrow-latam.com\/mx\/wp-content\/uploads\/sites\/2\/2024\/06\/actine_barra_70g_fte.jpg","datePublished":"2024-09-18T05:13:32+00:00","dateModified":"2025-01-18T19:07:21+00:00","description":"Jab\u00f3n para piel grasacon tendencia acneica. Darrow Actine barra limpiadora ofrece una acci\u00f3n efectiva ayuda a reducir puntos negros y espinillas, exceso de grasa en el rostro y poros obstruidos.","breadcrumb":{"@id":"https:\/\/www.darrow-latam.com\/mx\/producto\/actine-barra-70g\/#breadcrumb"},"inLanguage":"es","potentialAction":[{"@type":"ReadAction","target":["https:\/\/www.darrow-latam.com\/mx\/producto\/actine-barra-70g\/"]}]},{"@type":"ImageObject","inLanguage":"es","@id":"https:\/\/www.darrow-latam.com\/mx\/producto\/actine-barra-70g\/#primaryimage","url":"https:\/\/www.darrow-latam.com\/mx\/wp-content\/uploads\/sites\/2\/2024\/06\/actine_barra_70g_fte.jpg","contentUrl":"https:\/\/www.darrow-latam.com\/mx\/wp-content\/uploads\/sites\/2\/2024\/06\/actine_barra_70g_fte.jpg","width":1024,"height":1024},{"@type":"BreadcrumbList","@id":"https:\/\/www.darrow-latam.com\/mx\/producto\/actine-barra-70g\/#breadcrumb","itemListElement":[{"@type":"ListItem","position":1,"name":"Portada","item":"https:\/\/www.darrow-latam.com\/mx\/"},{"@type":"ListItem","position":2,"name":"Productos","item":"https:\/\/www.darrow-latam.com\/mx\/shop\/"},{"@type":"ListItem","position":3,"name":"ACTINE BARRA 70G"}]},{"@type":"WebSite","@id":"https:\/\/www.darrow-latam.com\/mx\/#website","url":"https:\/\/www.darrow-latam.com\/mx\/","name":"Darrow M\u00e9xico","description":"Cuidados dermatol\u00f3gicos","publisher":{"@id":"https:\/\/www.darrow-latam.com\/mx\/#organization"},"potentialAction":[{"@type":"SearchAction","target":{"@type":"EntryPoint","urlTemplate":"https:\/\/www.darrow-latam.com\/mx\/?s={search_term_string}"},"query-input":{"@type":"PropertyValueSpecification","valueRequired":true,"valueName":"search_term_string"}}],"inLanguage":"es"},{"@type":"Organization","@id":"https:\/\/www.darrow-latam.com\/mx\/#organization","name":"Darrow M\u00e9xico","url":"https:\/\/www.darrow-latam.com\/mx\/","logo":{"@type":"ImageObject","inLanguage":"es","@id":"https:\/\/www.darrow-latam.com\/mx\/#\/schema\/logo\/image\/","url":"https:\/\/www.darrow-latam.com\/mx\/wp-content\/uploads\/sites\/2\/2024\/07\/logo_darrow_w34@2x.png","contentUrl":"https:\/\/www.darrow-latam.com\/mx\/wp-content\/uploads\/sites\/2\/2024\/07\/logo_darrow_w34@2x.png","width":380,"height":378,"caption":"Darrow M\u00e9xico"},"image":{"@id":"https:\/\/www.darrow-latam.com\/mx\/#\/schema\/logo\/image\/"}}]}},"_links":{"self":[{"href":"https:\/\/www.darrow-latam.com\/mx\/wp-json\/wp\/v2\/product\/6440","targetHints":{"allow":["GET"]}}],"collection":[{"href":"https:\/\/www.darrow-latam.com\/mx\/wp-json\/wp\/v2\/product"}],"about":[{"href":"https:\/\/www.darrow-latam.com\/mx\/wp-json\/wp\/v2\/types\/product"}],"replies":[{"embeddable":true,"href":"https:\/\/www.darrow-latam.com\/mx\/wp-json\/wp\/v2\/comments?post=6440"}],"version-history":[{"count":2,"href":"https:\/\/www.darrow-latam.com\/mx\/wp-json\/wp\/v2\/product\/6440\/revisions"}],"predecessor-version":[{"id":6971,"href":"https:\/\/www.darrow-latam.com\/mx\/wp-json\/wp\/v2\/product\/6440\/revisions\/6971"}],"wp:featuredmedia":[{"embeddable":true,"href":"https:\/\/www.darrow-latam.com\/mx\/wp-json\/wp\/v2\/media\/1624"}],"wp:attachment":[{"href":"https:\/\/www.darrow-latam.com\/mx\/wp-json\/wp\/v2\/media?parent=6440"}],"wp:term":[{"taxonomy":"product_brand","embeddable":true,"href":"https:\/\/www.darrow-latam.com\/mx\/wp-json\/wp\/v2\/product_brand?post=6440"},{"taxonomy":"product_cat","embeddable":true,"href":"https:\/\/www.darrow-latam.com\/mx\/wp-json\/wp\/v2\/product_cat?post=6440"},{"taxonomy":"product_tag","embeddable":true,"href":"https:\/\/www.darrow-latam.com\/mx\/wp-json\/wp\/v2\/product_tag?post=6440"}],"curies":[{"name":"wp","href":"https:\/\/api.w.org\/{rel}","templated":true}]}}