{"id":6444,"date":"2024-09-17T23:19:34","date_gmt":"2024-09-18T05:19:34","guid":{"rendered":"https:\/\/www.darrow-latam.com\/mx\/?post_type=product&#038;p=6444"},"modified":"2024-10-11T12:42:18","modified_gmt":"2024-10-11T18:42:18","slug":"shampoo-doctar-120ml","status":"publish","type":"product","link":"https:\/\/www.darrow-latam.com\/mx\/producto\/shampoo-doctar-120ml\/","title":{"rendered":"SHAMPOO DOCTAR 120ML"},"content":{"rendered":"<p>Doctar es una higiene anticaspa de prescripci\u00f3n dermatol\u00f3gica.<\/p>\n<p>Darrow Doctar shampoo anticaspa intensivo tiene una f\u00f3rmula completa para combatir la descamaci\u00f3n intensa, la comez\u00f3n y el enrojecimiento con resultados desde la primera aplicaci\u00f3n.<\/p>\n<p>Comprueba los beneficios de Darrow Doctar shampoo con Ictiol, \u00c1cido salic\u00edlico y Mentol.<\/p>\n<p>Limpieza profunda, protecci\u00f3n a la fibra capilar y sensaci\u00f3n de frescura al instante.<\/p>\n","protected":false},"excerpt":{"rendered":"<p><span style=\"font-size: 16px;\">Darrow Laboratorio se preocupa por ofrecer a los consumidores productos desarrollados con dermat\u00f3logos latinoamericanos de eficacia comprobada y adaptados a las pieles latinas. Presente en el mercado brasile\u00f1o desde hace m\u00e1s de 50 a\u00f1os, cuenta con una experiencia reconocida en el segmento de la higiene y cuidado personal.<\/span><\/p>\n","protected":false},"featured_media":1633,"comment_status":"closed","ping_status":"closed","template":"","meta":{"_acf_changed":false,"site-sidebar-layout":"default","site-content-layout":"","ast-site-content-layout":"default","site-content-style":"default","site-sidebar-style":"default","ast-global-header-display":"","ast-banner-title-visibility":"","ast-main-header-display":"","ast-hfb-above-header-display":"","ast-hfb-below-header-display":"","ast-hfb-mobile-header-display":"","site-post-title":"","ast-breadcrumbs-content":"","ast-featured-img":"","footer-sml-layout":"","theme-transparent-header-meta":"default","adv-header-id-meta":"","stick-header-meta":"","header-above-stick-meta":"","header-main-stick-meta":"","header-below-stick-meta":"","astra-migrate-meta-layouts":"set","ast-page-background-enabled":"default","ast-page-background-meta":{"desktop":{"background-color":"var(--ast-global-color-4)","background-image":"","background-repeat":"repeat","background-position":"center center","background-size":"auto","background-attachment":"scroll","background-type":"","background-media":"","overlay-type":"","overlay-color":"","overlay-opacity":"","overlay-gradient":""},"tablet":{"background-color":"","background-image":"","background-repeat":"repeat","background-position":"center center","background-size":"auto","background-attachment":"scroll","background-type":"","background-media":"","overlay-type":"","overlay-color":"","overlay-opacity":"","overlay-gradient":""},"mobile":{"background-color":"","background-image":"","background-repeat":"repeat","background-position":"center center","background-size":"auto","background-attachment":"scroll","background-type":"","background-media":"","overlay-type":"","overlay-color":"","overlay-opacity":"","overlay-gradient":""}},"ast-content-background-meta":{"desktop":{"background-color":"var(--ast-global-color-5)","background-image":"","background-repeat":"repeat","background-position":"center center","background-size":"auto","background-attachment":"scroll","background-type":"","background-media":"","overlay-type":"","overlay-color":"","overlay-opacity":"","overlay-gradient":""},"tablet":{"background-color":"var(--ast-global-color-5)","background-image":"","background-repeat":"repeat","background-position":"center center","background-size":"auto","background-attachment":"scroll","background-type":"","background-media":"","overlay-type":"","overlay-color":"","overlay-opacity":"","overlay-gradient":""},"mobile":{"background-color":"var(--ast-global-color-5)","background-image":"","background-repeat":"repeat","background-position":"center center","background-size":"auto","background-attachment":"scroll","background-type":"","background-media":"","overlay-type":"","overlay-color":"","overlay-opacity":"","overlay-gradient":""}}},"product_brand":[],"product_cat":[33,34],"product_tag":[],"class_list":{"0":"post-6444","1":"product","2":"type-product","3":"status-publish","4":"has-post-thumbnail","6":"product_cat-caspa","7":"product_cat-shampoo","8":"desktop-align-left","9":"tablet-align-left","10":"mobile-align-left","11":"ast-product-gallery-layout-vertical-slider","12":"ast-product-tabs-layout-vertical","14":"first","15":"instock","16":"featured","17":"shipping-taxable","18":"product-type-simple"},"acf":{"gramaje":"120ml","skus":{"sku_br":"P0005953","sku_mx":"P5003181"},"ean":"3282770143935","detalle":"","uso":"Aplica en el cabello h\u00famedo masajeando el cuero cabelludo durante 1 o\u00a02 minutos. Enjuaga y repite la operaci\u00f3n. Doctar puede utilizarse diariamente hasta controlar la caspa y la descamaci\u00f3n en las primeras semanas. Despu\u00e9s, para mantener los resultados obtenidos, aplica el producto de 2 a 3 veces por semana o seg\u00fan las recomendaciones de su dermat\u00f3logo.","ingredientes":"<span data-sheets-root=\"1\">Agua (Aqua). Cocoil Glutamato Dis\u00f3dico. Gluc\u00f3sido De Coco. Amfoacetato S\u00f3dico De Coco. Glicol Mirist\u00edlico Ceteareth-60. \u00c1cido Salic\u00edlico. Mentol. Lactato De Mentilo. Butilenglicol. \u00c1cido C\u00edtrico. Lauroil Arginato De Etilo Hcl. Glicerina. Ictasol. Aceite De Hojas De Melaleuca Alternifolia (\u00c1rbol Del T\u00e9) (Melaleuca\r\nAlternifolia Leaf Oil). Policuaternio-7. Benzoato De Sodio. Cloruro De Sodio. Dilauramidoglutamida S\u00f3dica Lisina. Disuccinato Tris\u00f3dico De Etilendiamina.<\/span>","activos":"- \u00c1cido Salic\u00edlico al 2%: Efecto antidescamativo\r\n- Sepicide G + Ictiol 1.5% + Aceite de Melaleuca &gt; Triple acci\u00f3n antif\u00fangica\r\n- Pellicer: Protecci\u00f3n de la fibra capilar\r\n- Lactato de mentilo\/mentol: Acci\u00f3n refrescante","resultados":"Eficacia inmediata contra: descamaci\u00f3n, comez\u00f3n y enrojecimiento.\r\n\r\n- Reducci\u00f3n de la caspa -84 % desde el primer uso *\r\n\r\n- Disminuci\u00f3n al -35 % del eritema*\r\n\r\n- Calma al 94 % prurito o comez\u00f3n*\r\n\r\n*Estudio exploratorio para evaluar la eficacia cl\u00ednica anticaspa en 60 voluntarios (33M\/24H), de edades entre 19 y 64 a\u00f1os, con caspa moderada a severa divididos en dos grupos de 30 participantes durante 57 d\u00edas, con aplicaci\u00f3n diaria durante los primeros 15 d\u00edas y posteriormente, 3 veces por semana.","galeria":"","galeria_copiar":"","galeria_copiar2":"","farm_san_pablo_imagen":5259,"farm_san_pablo_url":"https:\/\/www.farmaciasanpablo.com.mx\/dermocosmeticos\/capilar\/anticaspa\/darrow-doctar-shampoo-dermatologico-para-caspa-severa\/p\/000000000070004770","farm_ahorro_imagen":5260,"farm_ahorro_url":"https:\/\/www.fahorro.com\/darrow-doctar-shampoo-caspa-severa-120-ml.html","amazon_imagen":5258,"amazon_url":"https:\/\/www.amazon.com.mx\/dp\/B095X5RSFF","dermalia_imagen":5263,"dermalia_url":"https:\/\/www.dermalia.com.mx\/eCommerce\/item\/7887\/darrow-doctar-shampoo-120ml","dermaexpress_imagen":5262,"dermaexpress_url":"https:\/\/www.dermaexpress.com.mx\/products\/darrow-doctar-shampoo-capilar-120ml","meli_imagen":"","meli_url":"","heb_imagen":5264,"heb_url":"https:\/\/www.heb.com.mx\/darrow-doctar-shampoo-doctar-shampoo-120-ml-915125\/p","sanborns_imagen":5644,"sanborns_url":"https:\/\/www.sanborns.com.mx\/producto\/469979\/doctar-shampoo-anticaspa-dermatolgico-120ml"},"yoast_head":"<!-- This site is optimized with the Yoast SEO Premium plugin v23.6 (Yoast SEO v26.0) - https:\/\/yoast.com\/wordpress\/plugins\/seo\/ -->\n<title>Doctar | Shampoo dermatol\u00f3gico anticaspa - Darrow<\/title>\n<meta name=\"description\" content=\"Doctar es un shampoo dermatol\u00f3gico para la caspa severa. Reduce la comez\u00f3n y la descamaci\u00f3n desde el primer uso, no reseca el cabello y protege la fibra capilar.\" \/>\n<meta name=\"robots\" content=\"index, follow, max-snippet:-1, max-image-preview:large, max-video-preview:-1\" \/>\n<link rel=\"canonical\" href=\"https:\/\/www.darrow-latam.com\/mx\/producto\/shampoo-doctar-120ml\/\" \/>\n<meta property=\"og:locale\" content=\"es_MX\" \/>\n<meta property=\"og:type\" content=\"article\" \/>\n<meta property=\"og:title\" content=\"SHAMPOO DOCTAR 120ML\" \/>\n<meta property=\"og:description\" content=\"Doctar es un shampoo dermatol\u00f3gico para la caspa severa. Reduce la comez\u00f3n y la descamaci\u00f3n desde el primer uso, no reseca el cabello y protege la fibra capilar.\" \/>\n<meta property=\"og:url\" content=\"https:\/\/www.darrow-latam.com\/mx\/producto\/shampoo-doctar-120ml\/\" \/>\n<meta property=\"og:site_name\" content=\"Darrow M\u00e9xico\" \/>\n<meta property=\"article:modified_time\" content=\"2024-10-11T18:42:18+00:00\" \/>\n<meta property=\"og:image\" content=\"https:\/\/www.darrow-latam.com\/mx\/wp-content\/uploads\/sites\/2\/2024\/06\/doctar_120ml_fte.jpg\" \/>\n\t<meta property=\"og:image:width\" content=\"1024\" \/>\n\t<meta property=\"og:image:height\" content=\"1024\" \/>\n\t<meta property=\"og:image:type\" content=\"image\/jpeg\" \/>\n<meta name=\"twitter:card\" content=\"summary_large_image\" \/>\n<meta name=\"twitter:label1\" content=\"Tiempo de lectura\" \/>\n\t<meta name=\"twitter:data1\" content=\"1 minuto\" \/>\n<script type=\"application\/ld+json\" class=\"yoast-schema-graph\">{\"@context\":\"https:\/\/schema.org\",\"@graph\":[{\"@type\":\"WebPage\",\"@id\":\"https:\/\/www.darrow-latam.com\/mx\/producto\/shampoo-doctar-120ml\/\",\"url\":\"https:\/\/www.darrow-latam.com\/mx\/producto\/shampoo-doctar-120ml\/\",\"name\":\"Doctar | Shampoo dermatol\u00f3gico anticaspa - Darrow\",\"isPartOf\":{\"@id\":\"https:\/\/www.darrow-latam.com\/mx\/#website\"},\"primaryImageOfPage\":{\"@id\":\"https:\/\/www.darrow-latam.com\/mx\/producto\/shampoo-doctar-120ml\/#primaryimage\"},\"image\":{\"@id\":\"https:\/\/www.darrow-latam.com\/mx\/producto\/shampoo-doctar-120ml\/#primaryimage\"},\"thumbnailUrl\":\"https:\/\/www.darrow-latam.com\/mx\/wp-content\/uploads\/sites\/2\/2024\/06\/doctar_120ml_fte.jpg\",\"datePublished\":\"2024-09-18T05:19:34+00:00\",\"dateModified\":\"2024-10-11T18:42:18+00:00\",\"description\":\"Doctar es un shampoo dermatol\u00f3gico para la caspa severa. Reduce la comez\u00f3n y la descamaci\u00f3n desde el primer uso, no reseca el cabello y protege la fibra capilar.\",\"breadcrumb\":{\"@id\":\"https:\/\/www.darrow-latam.com\/mx\/producto\/shampoo-doctar-120ml\/#breadcrumb\"},\"inLanguage\":\"es\",\"potentialAction\":[{\"@type\":\"ReadAction\",\"target\":[\"https:\/\/www.darrow-latam.com\/mx\/producto\/shampoo-doctar-120ml\/\"]}]},{\"@type\":\"ImageObject\",\"inLanguage\":\"es\",\"@id\":\"https:\/\/www.darrow-latam.com\/mx\/producto\/shampoo-doctar-120ml\/#primaryimage\",\"url\":\"https:\/\/www.darrow-latam.com\/mx\/wp-content\/uploads\/sites\/2\/2024\/06\/doctar_120ml_fte.jpg\",\"contentUrl\":\"https:\/\/www.darrow-latam.com\/mx\/wp-content\/uploads\/sites\/2\/2024\/06\/doctar_120ml_fte.jpg\",\"width\":1024,\"height\":1024},{\"@type\":\"BreadcrumbList\",\"@id\":\"https:\/\/www.darrow-latam.com\/mx\/producto\/shampoo-doctar-120ml\/#breadcrumb\",\"itemListElement\":[{\"@type\":\"ListItem\",\"position\":1,\"name\":\"Portada\",\"item\":\"https:\/\/www.darrow-latam.com\/mx\/\"},{\"@type\":\"ListItem\",\"position\":2,\"name\":\"Productos\",\"item\":\"https:\/\/www.darrow-latam.com\/mx\/shop\/\"},{\"@type\":\"ListItem\",\"position\":3,\"name\":\"SHAMPOO DOCTAR 120ML\"}]},{\"@type\":\"WebSite\",\"@id\":\"https:\/\/www.darrow-latam.com\/mx\/#website\",\"url\":\"https:\/\/www.darrow-latam.com\/mx\/\",\"name\":\"Darrow M\u00e9xico\",\"description\":\"Cuidados dermatol\u00f3gicos\",\"publisher\":{\"@id\":\"https:\/\/www.darrow-latam.com\/mx\/#organization\"},\"potentialAction\":[{\"@type\":\"SearchAction\",\"target\":{\"@type\":\"EntryPoint\",\"urlTemplate\":\"https:\/\/www.darrow-latam.com\/mx\/?s={search_term_string}\"},\"query-input\":{\"@type\":\"PropertyValueSpecification\",\"valueRequired\":true,\"valueName\":\"search_term_string\"}}],\"inLanguage\":\"es\"},{\"@type\":\"Organization\",\"@id\":\"https:\/\/www.darrow-latam.com\/mx\/#organization\",\"name\":\"Darrow M\u00e9xico\",\"url\":\"https:\/\/www.darrow-latam.com\/mx\/\",\"logo\":{\"@type\":\"ImageObject\",\"inLanguage\":\"es\",\"@id\":\"https:\/\/www.darrow-latam.com\/mx\/#\/schema\/logo\/image\/\",\"url\":\"https:\/\/www.darrow-latam.com\/mx\/wp-content\/uploads\/sites\/2\/2024\/07\/logo_darrow_w34@2x.png\",\"contentUrl\":\"https:\/\/www.darrow-latam.com\/mx\/wp-content\/uploads\/sites\/2\/2024\/07\/logo_darrow_w34@2x.png\",\"width\":380,\"height\":378,\"caption\":\"Darrow M\u00e9xico\"},\"image\":{\"@id\":\"https:\/\/www.darrow-latam.com\/mx\/#\/schema\/logo\/image\/\"}}]}<\/script>\n","yoast_head_json":{"title":"Doctar | Shampoo dermatol\u00f3gico anticaspa - Darrow","description":"Doctar es un shampoo dermatol\u00f3gico para la caspa severa. Reduce la comez\u00f3n y la descamaci\u00f3n desde el primer uso, no reseca el cabello y protege la fibra capilar.","robots":{"index":"index","follow":"follow","max-snippet":"max-snippet:-1","max-image-preview":"max-image-preview:large","max-video-preview":"max-video-preview:-1"},"canonical":"https:\/\/www.darrow-latam.com\/mx\/producto\/shampoo-doctar-120ml\/","og_locale":"es_MX","og_type":"article","og_title":"SHAMPOO DOCTAR 120ML","og_description":"Doctar es un shampoo dermatol\u00f3gico para la caspa severa. Reduce la comez\u00f3n y la descamaci\u00f3n desde el primer uso, no reseca el cabello y protege la fibra capilar.","og_url":"https:\/\/www.darrow-latam.com\/mx\/producto\/shampoo-doctar-120ml\/","og_site_name":"Darrow M\u00e9xico","article_modified_time":"2024-10-11T18:42:18+00:00","og_image":[{"width":1024,"height":1024,"url":"https:\/\/www.darrow-latam.com\/mx\/wp-content\/uploads\/sites\/2\/2024\/06\/doctar_120ml_fte.jpg","type":"image\/jpeg"}],"twitter_card":"summary_large_image","twitter_misc":{"Tiempo de lectura":"1 minuto"},"schema":{"@context":"https:\/\/schema.org","@graph":[{"@type":"WebPage","@id":"https:\/\/www.darrow-latam.com\/mx\/producto\/shampoo-doctar-120ml\/","url":"https:\/\/www.darrow-latam.com\/mx\/producto\/shampoo-doctar-120ml\/","name":"Doctar | Shampoo dermatol\u00f3gico anticaspa - Darrow","isPartOf":{"@id":"https:\/\/www.darrow-latam.com\/mx\/#website"},"primaryImageOfPage":{"@id":"https:\/\/www.darrow-latam.com\/mx\/producto\/shampoo-doctar-120ml\/#primaryimage"},"image":{"@id":"https:\/\/www.darrow-latam.com\/mx\/producto\/shampoo-doctar-120ml\/#primaryimage"},"thumbnailUrl":"https:\/\/www.darrow-latam.com\/mx\/wp-content\/uploads\/sites\/2\/2024\/06\/doctar_120ml_fte.jpg","datePublished":"2024-09-18T05:19:34+00:00","dateModified":"2024-10-11T18:42:18+00:00","description":"Doctar es un shampoo dermatol\u00f3gico para la caspa severa. Reduce la comez\u00f3n y la descamaci\u00f3n desde el primer uso, no reseca el cabello y protege la fibra capilar.","breadcrumb":{"@id":"https:\/\/www.darrow-latam.com\/mx\/producto\/shampoo-doctar-120ml\/#breadcrumb"},"inLanguage":"es","potentialAction":[{"@type":"ReadAction","target":["https:\/\/www.darrow-latam.com\/mx\/producto\/shampoo-doctar-120ml\/"]}]},{"@type":"ImageObject","inLanguage":"es","@id":"https:\/\/www.darrow-latam.com\/mx\/producto\/shampoo-doctar-120ml\/#primaryimage","url":"https:\/\/www.darrow-latam.com\/mx\/wp-content\/uploads\/sites\/2\/2024\/06\/doctar_120ml_fte.jpg","contentUrl":"https:\/\/www.darrow-latam.com\/mx\/wp-content\/uploads\/sites\/2\/2024\/06\/doctar_120ml_fte.jpg","width":1024,"height":1024},{"@type":"BreadcrumbList","@id":"https:\/\/www.darrow-latam.com\/mx\/producto\/shampoo-doctar-120ml\/#breadcrumb","itemListElement":[{"@type":"ListItem","position":1,"name":"Portada","item":"https:\/\/www.darrow-latam.com\/mx\/"},{"@type":"ListItem","position":2,"name":"Productos","item":"https:\/\/www.darrow-latam.com\/mx\/shop\/"},{"@type":"ListItem","position":3,"name":"SHAMPOO DOCTAR 120ML"}]},{"@type":"WebSite","@id":"https:\/\/www.darrow-latam.com\/mx\/#website","url":"https:\/\/www.darrow-latam.com\/mx\/","name":"Darrow M\u00e9xico","description":"Cuidados dermatol\u00f3gicos","publisher":{"@id":"https:\/\/www.darrow-latam.com\/mx\/#organization"},"potentialAction":[{"@type":"SearchAction","target":{"@type":"EntryPoint","urlTemplate":"https:\/\/www.darrow-latam.com\/mx\/?s={search_term_string}"},"query-input":{"@type":"PropertyValueSpecification","valueRequired":true,"valueName":"search_term_string"}}],"inLanguage":"es"},{"@type":"Organization","@id":"https:\/\/www.darrow-latam.com\/mx\/#organization","name":"Darrow M\u00e9xico","url":"https:\/\/www.darrow-latam.com\/mx\/","logo":{"@type":"ImageObject","inLanguage":"es","@id":"https:\/\/www.darrow-latam.com\/mx\/#\/schema\/logo\/image\/","url":"https:\/\/www.darrow-latam.com\/mx\/wp-content\/uploads\/sites\/2\/2024\/07\/logo_darrow_w34@2x.png","contentUrl":"https:\/\/www.darrow-latam.com\/mx\/wp-content\/uploads\/sites\/2\/2024\/07\/logo_darrow_w34@2x.png","width":380,"height":378,"caption":"Darrow M\u00e9xico"},"image":{"@id":"https:\/\/www.darrow-latam.com\/mx\/#\/schema\/logo\/image\/"}}]}},"_links":{"self":[{"href":"https:\/\/www.darrow-latam.com\/mx\/wp-json\/wp\/v2\/product\/6444","targetHints":{"allow":["GET"]}}],"collection":[{"href":"https:\/\/www.darrow-latam.com\/mx\/wp-json\/wp\/v2\/product"}],"about":[{"href":"https:\/\/www.darrow-latam.com\/mx\/wp-json\/wp\/v2\/types\/product"}],"replies":[{"embeddable":true,"href":"https:\/\/www.darrow-latam.com\/mx\/wp-json\/wp\/v2\/comments?post=6444"}],"version-history":[{"count":1,"href":"https:\/\/www.darrow-latam.com\/mx\/wp-json\/wp\/v2\/product\/6444\/revisions"}],"predecessor-version":[{"id":6445,"href":"https:\/\/www.darrow-latam.com\/mx\/wp-json\/wp\/v2\/product\/6444\/revisions\/6445"}],"wp:featuredmedia":[{"embeddable":true,"href":"https:\/\/www.darrow-latam.com\/mx\/wp-json\/wp\/v2\/media\/1633"}],"wp:attachment":[{"href":"https:\/\/www.darrow-latam.com\/mx\/wp-json\/wp\/v2\/media?parent=6444"}],"wp:term":[{"taxonomy":"product_brand","embeddable":true,"href":"https:\/\/www.darrow-latam.com\/mx\/wp-json\/wp\/v2\/product_brand?post=6444"},{"taxonomy":"product_cat","embeddable":true,"href":"https:\/\/www.darrow-latam.com\/mx\/wp-json\/wp\/v2\/product_cat?post=6444"},{"taxonomy":"product_tag","embeddable":true,"href":"https:\/\/www.darrow-latam.com\/mx\/wp-json\/wp\/v2\/product_tag?post=6444"}],"curies":[{"name":"wp","href":"https:\/\/api.w.org\/{rel}","templated":true}]}}