{"id":6450,"date":"2024-09-17T23:28:40","date_gmt":"2024-09-18T05:28:40","guid":{"rendered":"https:\/\/www.darrow-latam.com\/mx\/?post_type=product&#038;p=6450"},"modified":"2024-12-09T17:24:48","modified_gmt":"2024-12-09T23:24:48","slug":"actine-gel-limpiador-240g","status":"publish","type":"product","link":"https:\/\/www.darrow-latam.com\/mx\/producto\/actine-gel-limpiador-240g\/","title":{"rendered":"ACTINE GEL LIMPIADOR 240G"},"content":{"rendered":"<p><span data-sheets-value=\"{&quot;1&quot;:2,&quot;2&quot;:&quot;Actine es la gama dermatol\u00f3gica especialista de las pieles latinas muy grasas y con tendencia acneica.\\n\\nDarrow Actine Gel Limpiador elimina la grasa y brillo del rostro, mientras combate los brotes y espinillas, elimina las impurezas y desobstruye los poros.\\n\\nComprueba los beneficios del NUEVO Darrow Actine Gel Limpiador con \u00c1cido salic\u00edlico y Vitamina C.\\n\\nLimpieza profunda y frescura inmediata en el rostro, aporta sensaci\u00f3n de piel purificada.&quot;}\" data-sheets-userformat=\"{&quot;2&quot;:14783,&quot;3&quot;:{&quot;1&quot;:0,&quot;3&quot;:1},&quot;4&quot;:{&quot;1&quot;:3,&quot;3&quot;:2},&quot;5&quot;:{&quot;1&quot;:[{&quot;1&quot;:2,&quot;2&quot;:0,&quot;5&quot;:{&quot;1&quot;:2,&quot;2&quot;:0}},{&quot;1&quot;:0,&quot;2&quot;:0,&quot;3&quot;:3},{&quot;1&quot;:1,&quot;2&quot;:0,&quot;4&quot;:1}]},&quot;6&quot;:{&quot;1&quot;:[{&quot;1&quot;:2,&quot;2&quot;:0,&quot;5&quot;:{&quot;1&quot;:2,&quot;2&quot;:0}},{&quot;1&quot;:0,&quot;2&quot;:0,&quot;3&quot;:3},{&quot;1&quot;:1,&quot;2&quot;:0,&quot;4&quot;:1}]},&quot;7&quot;:{&quot;1&quot;:[{&quot;1&quot;:2,&quot;2&quot;:0,&quot;5&quot;:{&quot;1&quot;:2,&quot;2&quot;:0}},{&quot;1&quot;:0,&quot;2&quot;:0,&quot;3&quot;:3},{&quot;1&quot;:1,&quot;2&quot;:0,&quot;4&quot;:1}]},&quot;8&quot;:{&quot;1&quot;:[{&quot;1&quot;:2,&quot;2&quot;:0,&quot;5&quot;:{&quot;1&quot;:2,&quot;2&quot;:0}},{&quot;1&quot;:0,&quot;2&quot;:0,&quot;3&quot;:3},{&quot;1&quot;:1,&quot;2&quot;:0,&quot;4&quot;:1}]},&quot;10&quot;:0,&quot;11&quot;:4,&quot;14&quot;:{&quot;1&quot;:2,&quot;2&quot;:0},&quot;15&quot;:&quot;Calibri&quot;,&quot;16&quot;:11}\">Actine es la gama dermatol\u00f3gica especialista de las pieles latinas muy grasas y con tendencia acneica.<\/span><\/p>\n<p>Darrow Actine Gel Limpiador elimina la grasa y brillo del rostro, mientras combate los brotes y espinillas, elimina las impurezas y desobstruye los poros.<\/p>\n<p>Comprueba los beneficios del NUEVO Darrow Actine Gel Limpiador con \u00c1cido salic\u00edlico y Vitamina C.<\/p>\n<p>Limpieza profunda y frescura inmediata en el rostro, aporta sensaci\u00f3n de piel purificada.<\/p>\n","protected":false},"excerpt":{"rendered":"<p><span style=\"font-size: 16px;\">Darrow Laboratorio se preocupa por ofrecer a los consumidores productos desarrollados con dermat\u00f3logos latinoamericanos de eficacia comprobada y adaptados a las pieles latinas. Presente en el mercado brasile\u00f1o desde hace m\u00e1s de 50 a\u00f1os, cuenta con una experiencia reconocida en el segmento de la higiene y cuidado personal.<\/span><\/p>\n","protected":false},"featured_media":1607,"comment_status":"closed","ping_status":"closed","template":"","meta":{"_acf_changed":false,"site-sidebar-layout":"default","site-content-layout":"","ast-site-content-layout":"default","site-content-style":"default","site-sidebar-style":"default","ast-global-header-display":"","ast-banner-title-visibility":"","ast-main-header-display":"","ast-hfb-above-header-display":"","ast-hfb-below-header-display":"","ast-hfb-mobile-header-display":"","site-post-title":"","ast-breadcrumbs-content":"","ast-featured-img":"","footer-sml-layout":"","theme-transparent-header-meta":"default","adv-header-id-meta":"","stick-header-meta":"","header-above-stick-meta":"","header-main-stick-meta":"","header-below-stick-meta":"","astra-migrate-meta-layouts":"set","ast-page-background-enabled":"default","ast-page-background-meta":{"desktop":{"background-color":"var(--ast-global-color-4)","background-image":"","background-repeat":"repeat","background-position":"center center","background-size":"auto","background-attachment":"scroll","background-type":"","background-media":"","overlay-type":"","overlay-color":"","overlay-opacity":"","overlay-gradient":""},"tablet":{"background-color":"","background-image":"","background-repeat":"repeat","background-position":"center center","background-size":"auto","background-attachment":"scroll","background-type":"","background-media":"","overlay-type":"","overlay-color":"","overlay-opacity":"","overlay-gradient":""},"mobile":{"background-color":"","background-image":"","background-repeat":"repeat","background-position":"center center","background-size":"auto","background-attachment":"scroll","background-type":"","background-media":"","overlay-type":"","overlay-color":"","overlay-opacity":"","overlay-gradient":""}},"ast-content-background-meta":{"desktop":{"background-color":"var(--ast-global-color-5)","background-image":"","background-repeat":"repeat","background-position":"center center","background-size":"auto","background-attachment":"scroll","background-type":"","background-media":"","overlay-type":"","overlay-color":"","overlay-opacity":"","overlay-gradient":""},"tablet":{"background-color":"var(--ast-global-color-5)","background-image":"","background-repeat":"repeat","background-position":"center center","background-size":"auto","background-attachment":"scroll","background-type":"","background-media":"","overlay-type":"","overlay-color":"","overlay-opacity":"","overlay-gradient":""},"mobile":{"background-color":"var(--ast-global-color-5)","background-image":"","background-repeat":"repeat","background-position":"center center","background-size":"auto","background-attachment":"scroll","background-type":"","background-media":"","overlay-type":"","overlay-color":"","overlay-opacity":"","overlay-gradient":""}}},"product_brand":[],"product_cat":[28,15],"product_tag":[],"class_list":{"0":"post-6450","1":"product","2":"type-product","3":"status-publish","4":"has-post-thumbnail","6":"product_cat-gel-limpiador","7":"product_cat-piel-grasa","8":"desktop-align-left","9":"tablet-align-left","10":"mobile-align-left","11":"ast-product-gallery-layout-vertical-slider","12":"ast-product-tabs-layout-vertical","14":"first","15":"instock","16":"featured","17":"shipping-taxable","18":"product-type-simple"},"acf":{"gramaje":"240g","skus":{"sku_br":"P0005950","sku_mx":"P5003177"},"ean":"3282770153484","detalle":"","uso":"<span data-sheets-value=\"{&quot;1&quot;:2,&quot;2&quot;:&quot;Aplica Darrow Actine Gel Limpiador sobre la piel h\u00fameda y masajea suavemente haciendo espuma. Luego, enjuaga bien. Utiliza el producto de 1 a 2 veces al d\u00eda o seg\u00fan las recomendaciones de tu dermat\u00f3logo.&quot;}\" data-sheets-userformat=\"{&quot;2&quot;:14781,&quot;3&quot;:{&quot;1&quot;:0,&quot;3&quot;:1},&quot;5&quot;:{&quot;1&quot;:[{&quot;1&quot;:2,&quot;2&quot;:0,&quot;5&quot;:{&quot;1&quot;:2,&quot;2&quot;:0}},{&quot;1&quot;:0,&quot;2&quot;:0,&quot;3&quot;:3},{&quot;1&quot;:1,&quot;2&quot;:0,&quot;4&quot;:1}]},&quot;6&quot;:{&quot;1&quot;:[{&quot;1&quot;:2,&quot;2&quot;:0,&quot;5&quot;:{&quot;1&quot;:2,&quot;2&quot;:0}},{&quot;1&quot;:0,&quot;2&quot;:0,&quot;3&quot;:3},{&quot;1&quot;:1,&quot;2&quot;:0,&quot;4&quot;:1}]},&quot;7&quot;:{&quot;1&quot;:[{&quot;1&quot;:2,&quot;2&quot;:0,&quot;5&quot;:{&quot;1&quot;:2,&quot;2&quot;:0}},{&quot;1&quot;:0,&quot;2&quot;:0,&quot;3&quot;:3},{&quot;1&quot;:1,&quot;2&quot;:0,&quot;4&quot;:1}]},&quot;8&quot;:{&quot;1&quot;:[{&quot;1&quot;:2,&quot;2&quot;:0,&quot;5&quot;:{&quot;1&quot;:2,&quot;2&quot;:0}},{&quot;1&quot;:0,&quot;2&quot;:0,&quot;3&quot;:3},{&quot;1&quot;:1,&quot;2&quot;:0,&quot;4&quot;:1}]},&quot;10&quot;:0,&quot;11&quot;:4,&quot;14&quot;:{&quot;1&quot;:2,&quot;2&quot;:0},&quot;15&quot;:&quot;Calibri&quot;,&quot;16&quot;:11}\">Aplica Darrow Actine Gel Limpiador sobre la piel h\u00fameda y masajea suavemente haciendo espuma. Luego, enjuaga bien. Utiliza el producto de 1 a 2 veces al d\u00eda o seg\u00fan las recomendaciones de tu dermat\u00f3logo.<\/span>","ingredientes":"<span data-sheets-root=\"1\">Aqua, Lauril \u00c9ter Sulfato De Sodio, Cocamida Dea, Cocamidopropil Beta\u00edna, Oleil \u00c9ter-3-Fosfato, \u00c1cido Salic\u00edlico, Extracto De Hoja De Aloe Barbadensis, Hidr\u00f3xido De Sodio, Aceite De Ricino Hidrogenado Peg-40, Dioleato De Metilglucosa Peg-120, Cloruro De Sodio, Fragancia, Lactato De Mentilo, Edta Dis\u00f3dico, Butilfenol Sulfonato S\u00f3dico De Benzotriazolilo.<\/span>","activos":"<span data-sheets-value=\"{&quot;1&quot;:2,&quot;2&quot;:&quot;- \u00c1cido salic\u00edlico al 2% : Controla la grasa, renueva y mejora la textura de la piel. \\n- P-Refinyl: Reduce la producci\u00f3n de grasa y disimula el tama\u00f1o de los poros dilatados.\\n- Vitamina C (ascorbilgluc\u00f3sido): Acci\u00f3n revitalizadora y antioxidante, aporta luminosidad a la piel.&quot;,&quot;6&quot;:1}\" data-sheets-userformat=\"{&quot;2&quot;:14781,&quot;3&quot;:{&quot;1&quot;:0,&quot;3&quot;:1},&quot;5&quot;:{&quot;1&quot;:[{&quot;1&quot;:2,&quot;2&quot;:0,&quot;5&quot;:{&quot;1&quot;:2,&quot;2&quot;:0}},{&quot;1&quot;:0,&quot;2&quot;:0,&quot;3&quot;:3},{&quot;1&quot;:1,&quot;2&quot;:0,&quot;4&quot;:1}]},&quot;6&quot;:{&quot;1&quot;:[{&quot;1&quot;:2,&quot;2&quot;:0,&quot;5&quot;:{&quot;1&quot;:2,&quot;2&quot;:0}},{&quot;1&quot;:0,&quot;2&quot;:0,&quot;3&quot;:3},{&quot;1&quot;:1,&quot;2&quot;:0,&quot;4&quot;:1}]},&quot;7&quot;:{&quot;1&quot;:[{&quot;1&quot;:2,&quot;2&quot;:0,&quot;5&quot;:{&quot;1&quot;:2,&quot;2&quot;:0}},{&quot;1&quot;:0,&quot;2&quot;:0,&quot;3&quot;:3},{&quot;1&quot;:1,&quot;2&quot;:0,&quot;4&quot;:1}]},&quot;8&quot;:{&quot;1&quot;:[{&quot;1&quot;:2,&quot;2&quot;:0,&quot;5&quot;:{&quot;1&quot;:2,&quot;2&quot;:0}},{&quot;1&quot;:0,&quot;2&quot;:0,&quot;3&quot;:3},{&quot;1&quot;:1,&quot;2&quot;:0,&quot;4&quot;:1}]},&quot;10&quot;:0,&quot;11&quot;:4,&quot;14&quot;:{&quot;1&quot;:2,&quot;2&quot;:0},&quot;15&quot;:&quot;Calibri&quot;,&quot;16&quot;:11}\">- \u00c1cido salic\u00edlico al 2% : Controla la grasa, renueva y mejora la textura de la piel.\r\n- P-Refinyl: Reduce la producci\u00f3n de grasa y disimula el tama\u00f1o de los poros dilatados.\r\n- Vitamina C (ascorbilgluc\u00f3sido): Acci\u00f3n revitalizadora y antioxidante, aporta luminosidad a la piel.<\/span>","resultados":"<span data-sheets-value=\"{&quot;1&quot;:2,&quot;2&quot;:&quot;\u2022-90% de grasa y brillo en el rostro**\\n\u2022Minimiza el tama\u00f1o de los poros dilatados en un 90%*\\n\u2022Reducci\u00f3n del brotes y espinillas en un 82%*\\n\u2022Desvanece las marcas post-acn\u00e9 en un -19%\u00a0**\\n\\n*Evaluaci\u00f3n subjetiva con 33 participantes finales (hombres y mujeres), con piel grasa y con tendencia acneica, con fototipo II-V y entre 18 y 44 a\u00f1os, tras 28 d\u00edas de uso del producto.\\n**Evaluaci\u00f3n cl\u00ednica en 33 participantes (hombres y mujeres) con piel grasa y con tendencia acneica, de fototipos II-V, de entre 18 y 44 a\u00f1os, durante 28 d\u00edas en monoterapia, con aplicaciones 1 \u2013 2 veces por d\u00eda.&quot;}\" data-sheets-userformat=\"{&quot;2&quot;:14781,&quot;3&quot;:{&quot;1&quot;:0,&quot;3&quot;:1},&quot;5&quot;:{&quot;1&quot;:[{&quot;1&quot;:2,&quot;2&quot;:0,&quot;5&quot;:{&quot;1&quot;:2,&quot;2&quot;:0}},{&quot;1&quot;:0,&quot;2&quot;:0,&quot;3&quot;:3},{&quot;1&quot;:1,&quot;2&quot;:0,&quot;4&quot;:1}]},&quot;6&quot;:{&quot;1&quot;:[{&quot;1&quot;:2,&quot;2&quot;:0,&quot;5&quot;:{&quot;1&quot;:2,&quot;2&quot;:0}},{&quot;1&quot;:0,&quot;2&quot;:0,&quot;3&quot;:3},{&quot;1&quot;:1,&quot;2&quot;:0,&quot;4&quot;:1}]},&quot;7&quot;:{&quot;1&quot;:[{&quot;1&quot;:2,&quot;2&quot;:0,&quot;5&quot;:{&quot;1&quot;:2,&quot;2&quot;:0}},{&quot;1&quot;:0,&quot;2&quot;:0,&quot;3&quot;:3},{&quot;1&quot;:1,&quot;2&quot;:0,&quot;4&quot;:1}]},&quot;8&quot;:{&quot;1&quot;:[{&quot;1&quot;:2,&quot;2&quot;:0,&quot;5&quot;:{&quot;1&quot;:2,&quot;2&quot;:0}},{&quot;1&quot;:0,&quot;2&quot;:0,&quot;3&quot;:3},{&quot;1&quot;:1,&quot;2&quot;:0,&quot;4&quot;:1}]},&quot;10&quot;:0,&quot;11&quot;:4,&quot;14&quot;:{&quot;1&quot;:2,&quot;2&quot;:0},&quot;15&quot;:&quot;Calibri&quot;,&quot;16&quot;:11}\">\u202290% de grasa y brillo en el rostro**\r\n\u2022Minimiza el tama\u00f1o de los poros dilatados en un 90%*\r\n\u2022Reducci\u00f3n del brotes y espinillas en un 82%*\r\n\u2022Desvanece las marcas post-acn\u00e9 en un -19%\u00a0**<\/span>\r\n\r\n*Evaluaci\u00f3n subjetiva con 33 participantes finales (hombres y mujeres), con piel grasa y con tendencia acneica, con fototipo II-V y entre 18 y 44 a\u00f1os, tras 28 d\u00edas de uso del producto.\r\n**Evaluaci\u00f3n cl\u00ednica en 33 participantes (hombres y mujeres) con piel grasa y con tendencia acneica, de fototipos II-V, de entre 18 y 44 a\u00f1os, durante 28 d\u00edas en monoterapia, con aplicaciones 1 \u2013 2 veces por d\u00eda.","galeria":"","galeria_copiar":"","galeria_copiar2":"","farm_san_pablo_imagen":5259,"farm_san_pablo_url":"https:\/\/www.farmaciasanpablo.com.mx\/dermocosmeticos\/facial\/piel-grasa-facial\/darrow-actine-gel-de-limpieza-para-piel-con-tendencia-acneica\/p\/000000000070004757","farm_ahorro_imagen":5260,"farm_ahorro_url":"https:\/\/www.fahorro.com\/darrow-actine-gel-limpiador-240-gr.html","amazon_imagen":5258,"amazon_url":"https:\/\/www.amazon.com.mx\/dp\/B0B2GZWY86","dermalia_imagen":5263,"dermalia_url":"https:\/\/www.dermalia.com.mx\/eCommerce\/item\/7893\/darrow-actine-gel-limpiador-240g","dermaexpress_imagen":5262,"dermaexpress_url":"https:\/\/www.dermaexpress.com.mx\/products\/darrow-active-gel-limpiador-para-piel-grasa-240g","meli_imagen":"","meli_url":"","heb_imagen":5264,"heb_url":"https:\/\/www.heb.com.mx\/darrow-actine-gel-limpiador-240-actine-gel-limpiador-2-240-ml-915111\/p","sanborns_imagen":5644,"sanborns_url":"https:\/\/www.sanborns.com.mx\/producto\/469978\/actine-gel-limpiador-facial-con-vitamina-c-240ml"},"yoast_head":"<!-- This site is optimized with the Yoast SEO Premium plugin v23.6 (Yoast SEO v26.0) - https:\/\/yoast.com\/wordpress\/plugins\/seo\/ -->\n<title>Actine | Gel limpiador facial con Vitamina C, 240ml - Darrow<\/title>\n<meta name=\"description\" content=\"Gel limpiador para pieles grasas y con tendencia acneica, Darrow Actine limpiador de 240ml para una higiene diaria para el rostro, cuello y espalda.\" \/>\n<meta name=\"robots\" content=\"index, follow, max-snippet:-1, max-image-preview:large, max-video-preview:-1\" \/>\n<link rel=\"canonical\" href=\"https:\/\/www.darrow-latam.com\/mx\/producto\/actine-gel-limpiador-240g\/\" \/>\n<meta property=\"og:locale\" content=\"es_MX\" \/>\n<meta property=\"og:type\" content=\"article\" \/>\n<meta property=\"og:title\" content=\"ACTINE GEL LIMPIADOR 240G\" \/>\n<meta property=\"og:description\" content=\"Gel limpiador para pieles grasas y con tendencia acneica, Darrow Actine limpiador de 240ml para una higiene diaria para el rostro, cuello y espalda.\" \/>\n<meta property=\"og:url\" content=\"https:\/\/www.darrow-latam.com\/mx\/producto\/actine-gel-limpiador-240g\/\" \/>\n<meta property=\"og:site_name\" content=\"Darrow M\u00e9xico\" \/>\n<meta property=\"article:modified_time\" content=\"2024-12-09T23:24:48+00:00\" \/>\n<meta property=\"og:image\" content=\"https:\/\/www.darrow-latam.com\/mx\/wp-content\/uploads\/sites\/2\/2024\/06\/actine_240ml_fte.jpg\" \/>\n\t<meta property=\"og:image:width\" content=\"1024\" \/>\n\t<meta property=\"og:image:height\" content=\"1024\" \/>\n\t<meta property=\"og:image:type\" content=\"image\/jpeg\" \/>\n<meta name=\"twitter:card\" content=\"summary_large_image\" \/>\n<meta name=\"twitter:label1\" content=\"Tiempo de lectura\" \/>\n\t<meta name=\"twitter:data1\" content=\"1 minuto\" \/>\n<script type=\"application\/ld+json\" class=\"yoast-schema-graph\">{\"@context\":\"https:\/\/schema.org\",\"@graph\":[{\"@type\":\"WebPage\",\"@id\":\"https:\/\/www.darrow-latam.com\/mx\/producto\/actine-gel-limpiador-240g\/\",\"url\":\"https:\/\/www.darrow-latam.com\/mx\/producto\/actine-gel-limpiador-240g\/\",\"name\":\"Actine | Gel limpiador facial con Vitamina C, 240ml - Darrow\",\"isPartOf\":{\"@id\":\"https:\/\/www.darrow-latam.com\/mx\/#website\"},\"primaryImageOfPage\":{\"@id\":\"https:\/\/www.darrow-latam.com\/mx\/producto\/actine-gel-limpiador-240g\/#primaryimage\"},\"image\":{\"@id\":\"https:\/\/www.darrow-latam.com\/mx\/producto\/actine-gel-limpiador-240g\/#primaryimage\"},\"thumbnailUrl\":\"https:\/\/www.darrow-latam.com\/mx\/wp-content\/uploads\/sites\/2\/2024\/06\/actine_240ml_fte.jpg\",\"datePublished\":\"2024-09-18T05:28:40+00:00\",\"dateModified\":\"2024-12-09T23:24:48+00:00\",\"description\":\"Gel limpiador para pieles grasas y con tendencia acneica, Darrow Actine limpiador de 240ml para una higiene diaria para el rostro, cuello y espalda.\",\"breadcrumb\":{\"@id\":\"https:\/\/www.darrow-latam.com\/mx\/producto\/actine-gel-limpiador-240g\/#breadcrumb\"},\"inLanguage\":\"es\",\"potentialAction\":[{\"@type\":\"ReadAction\",\"target\":[\"https:\/\/www.darrow-latam.com\/mx\/producto\/actine-gel-limpiador-240g\/\"]}]},{\"@type\":\"ImageObject\",\"inLanguage\":\"es\",\"@id\":\"https:\/\/www.darrow-latam.com\/mx\/producto\/actine-gel-limpiador-240g\/#primaryimage\",\"url\":\"https:\/\/www.darrow-latam.com\/mx\/wp-content\/uploads\/sites\/2\/2024\/06\/actine_240ml_fte.jpg\",\"contentUrl\":\"https:\/\/www.darrow-latam.com\/mx\/wp-content\/uploads\/sites\/2\/2024\/06\/actine_240ml_fte.jpg\",\"width\":1024,\"height\":1024},{\"@type\":\"BreadcrumbList\",\"@id\":\"https:\/\/www.darrow-latam.com\/mx\/producto\/actine-gel-limpiador-240g\/#breadcrumb\",\"itemListElement\":[{\"@type\":\"ListItem\",\"position\":1,\"name\":\"Portada\",\"item\":\"https:\/\/www.darrow-latam.com\/mx\/\"},{\"@type\":\"ListItem\",\"position\":2,\"name\":\"Productos\",\"item\":\"https:\/\/www.darrow-latam.com\/mx\/shop\/\"},{\"@type\":\"ListItem\",\"position\":3,\"name\":\"ACTINE GEL LIMPIADOR 240G\"}]},{\"@type\":\"WebSite\",\"@id\":\"https:\/\/www.darrow-latam.com\/mx\/#website\",\"url\":\"https:\/\/www.darrow-latam.com\/mx\/\",\"name\":\"Darrow M\u00e9xico\",\"description\":\"Cuidados dermatol\u00f3gicos\",\"publisher\":{\"@id\":\"https:\/\/www.darrow-latam.com\/mx\/#organization\"},\"potentialAction\":[{\"@type\":\"SearchAction\",\"target\":{\"@type\":\"EntryPoint\",\"urlTemplate\":\"https:\/\/www.darrow-latam.com\/mx\/?s={search_term_string}\"},\"query-input\":{\"@type\":\"PropertyValueSpecification\",\"valueRequired\":true,\"valueName\":\"search_term_string\"}}],\"inLanguage\":\"es\"},{\"@type\":\"Organization\",\"@id\":\"https:\/\/www.darrow-latam.com\/mx\/#organization\",\"name\":\"Darrow M\u00e9xico\",\"url\":\"https:\/\/www.darrow-latam.com\/mx\/\",\"logo\":{\"@type\":\"ImageObject\",\"inLanguage\":\"es\",\"@id\":\"https:\/\/www.darrow-latam.com\/mx\/#\/schema\/logo\/image\/\",\"url\":\"https:\/\/www.darrow-latam.com\/mx\/wp-content\/uploads\/sites\/2\/2024\/07\/logo_darrow_w34@2x.png\",\"contentUrl\":\"https:\/\/www.darrow-latam.com\/mx\/wp-content\/uploads\/sites\/2\/2024\/07\/logo_darrow_w34@2x.png\",\"width\":380,\"height\":378,\"caption\":\"Darrow M\u00e9xico\"},\"image\":{\"@id\":\"https:\/\/www.darrow-latam.com\/mx\/#\/schema\/logo\/image\/\"}}]}<\/script>\n","yoast_head_json":{"title":"Actine | Gel limpiador facial con Vitamina C, 240ml - Darrow","description":"Gel limpiador para pieles grasas y con tendencia acneica, Darrow Actine limpiador de 240ml para una higiene diaria para el rostro, cuello y espalda.","robots":{"index":"index","follow":"follow","max-snippet":"max-snippet:-1","max-image-preview":"max-image-preview:large","max-video-preview":"max-video-preview:-1"},"canonical":"https:\/\/www.darrow-latam.com\/mx\/producto\/actine-gel-limpiador-240g\/","og_locale":"es_MX","og_type":"article","og_title":"ACTINE GEL LIMPIADOR 240G","og_description":"Gel limpiador para pieles grasas y con tendencia acneica, Darrow Actine limpiador de 240ml para una higiene diaria para el rostro, cuello y espalda.","og_url":"https:\/\/www.darrow-latam.com\/mx\/producto\/actine-gel-limpiador-240g\/","og_site_name":"Darrow M\u00e9xico","article_modified_time":"2024-12-09T23:24:48+00:00","og_image":[{"width":1024,"height":1024,"url":"https:\/\/www.darrow-latam.com\/mx\/wp-content\/uploads\/sites\/2\/2024\/06\/actine_240ml_fte.jpg","type":"image\/jpeg"}],"twitter_card":"summary_large_image","twitter_misc":{"Tiempo de lectura":"1 minuto"},"schema":{"@context":"https:\/\/schema.org","@graph":[{"@type":"WebPage","@id":"https:\/\/www.darrow-latam.com\/mx\/producto\/actine-gel-limpiador-240g\/","url":"https:\/\/www.darrow-latam.com\/mx\/producto\/actine-gel-limpiador-240g\/","name":"Actine | Gel limpiador facial con Vitamina C, 240ml - Darrow","isPartOf":{"@id":"https:\/\/www.darrow-latam.com\/mx\/#website"},"primaryImageOfPage":{"@id":"https:\/\/www.darrow-latam.com\/mx\/producto\/actine-gel-limpiador-240g\/#primaryimage"},"image":{"@id":"https:\/\/www.darrow-latam.com\/mx\/producto\/actine-gel-limpiador-240g\/#primaryimage"},"thumbnailUrl":"https:\/\/www.darrow-latam.com\/mx\/wp-content\/uploads\/sites\/2\/2024\/06\/actine_240ml_fte.jpg","datePublished":"2024-09-18T05:28:40+00:00","dateModified":"2024-12-09T23:24:48+00:00","description":"Gel limpiador para pieles grasas y con tendencia acneica, Darrow Actine limpiador de 240ml para una higiene diaria para el rostro, cuello y espalda.","breadcrumb":{"@id":"https:\/\/www.darrow-latam.com\/mx\/producto\/actine-gel-limpiador-240g\/#breadcrumb"},"inLanguage":"es","potentialAction":[{"@type":"ReadAction","target":["https:\/\/www.darrow-latam.com\/mx\/producto\/actine-gel-limpiador-240g\/"]}]},{"@type":"ImageObject","inLanguage":"es","@id":"https:\/\/www.darrow-latam.com\/mx\/producto\/actine-gel-limpiador-240g\/#primaryimage","url":"https:\/\/www.darrow-latam.com\/mx\/wp-content\/uploads\/sites\/2\/2024\/06\/actine_240ml_fte.jpg","contentUrl":"https:\/\/www.darrow-latam.com\/mx\/wp-content\/uploads\/sites\/2\/2024\/06\/actine_240ml_fte.jpg","width":1024,"height":1024},{"@type":"BreadcrumbList","@id":"https:\/\/www.darrow-latam.com\/mx\/producto\/actine-gel-limpiador-240g\/#breadcrumb","itemListElement":[{"@type":"ListItem","position":1,"name":"Portada","item":"https:\/\/www.darrow-latam.com\/mx\/"},{"@type":"ListItem","position":2,"name":"Productos","item":"https:\/\/www.darrow-latam.com\/mx\/shop\/"},{"@type":"ListItem","position":3,"name":"ACTINE GEL LIMPIADOR 240G"}]},{"@type":"WebSite","@id":"https:\/\/www.darrow-latam.com\/mx\/#website","url":"https:\/\/www.darrow-latam.com\/mx\/","name":"Darrow M\u00e9xico","description":"Cuidados dermatol\u00f3gicos","publisher":{"@id":"https:\/\/www.darrow-latam.com\/mx\/#organization"},"potentialAction":[{"@type":"SearchAction","target":{"@type":"EntryPoint","urlTemplate":"https:\/\/www.darrow-latam.com\/mx\/?s={search_term_string}"},"query-input":{"@type":"PropertyValueSpecification","valueRequired":true,"valueName":"search_term_string"}}],"inLanguage":"es"},{"@type":"Organization","@id":"https:\/\/www.darrow-latam.com\/mx\/#organization","name":"Darrow M\u00e9xico","url":"https:\/\/www.darrow-latam.com\/mx\/","logo":{"@type":"ImageObject","inLanguage":"es","@id":"https:\/\/www.darrow-latam.com\/mx\/#\/schema\/logo\/image\/","url":"https:\/\/www.darrow-latam.com\/mx\/wp-content\/uploads\/sites\/2\/2024\/07\/logo_darrow_w34@2x.png","contentUrl":"https:\/\/www.darrow-latam.com\/mx\/wp-content\/uploads\/sites\/2\/2024\/07\/logo_darrow_w34@2x.png","width":380,"height":378,"caption":"Darrow M\u00e9xico"},"image":{"@id":"https:\/\/www.darrow-latam.com\/mx\/#\/schema\/logo\/image\/"}}]}},"_links":{"self":[{"href":"https:\/\/www.darrow-latam.com\/mx\/wp-json\/wp\/v2\/product\/6450","targetHints":{"allow":["GET"]}}],"collection":[{"href":"https:\/\/www.darrow-latam.com\/mx\/wp-json\/wp\/v2\/product"}],"about":[{"href":"https:\/\/www.darrow-latam.com\/mx\/wp-json\/wp\/v2\/types\/product"}],"replies":[{"embeddable":true,"href":"https:\/\/www.darrow-latam.com\/mx\/wp-json\/wp\/v2\/comments?post=6450"}],"version-history":[{"count":1,"href":"https:\/\/www.darrow-latam.com\/mx\/wp-json\/wp\/v2\/product\/6450\/revisions"}],"predecessor-version":[{"id":6451,"href":"https:\/\/www.darrow-latam.com\/mx\/wp-json\/wp\/v2\/product\/6450\/revisions\/6451"}],"wp:featuredmedia":[{"embeddable":true,"href":"https:\/\/www.darrow-latam.com\/mx\/wp-json\/wp\/v2\/media\/1607"}],"wp:attachment":[{"href":"https:\/\/www.darrow-latam.com\/mx\/wp-json\/wp\/v2\/media?parent=6450"}],"wp:term":[{"taxonomy":"product_brand","embeddable":true,"href":"https:\/\/www.darrow-latam.com\/mx\/wp-json\/wp\/v2\/product_brand?post=6450"},{"taxonomy":"product_cat","embeddable":true,"href":"https:\/\/www.darrow-latam.com\/mx\/wp-json\/wp\/v2\/product_cat?post=6450"},{"taxonomy":"product_tag","embeddable":true,"href":"https:\/\/www.darrow-latam.com\/mx\/wp-json\/wp\/v2\/product_tag?post=6450"}],"curies":[{"name":"wp","href":"https:\/\/api.w.org\/{rel}","templated":true}]}}