{"id":6724,"date":"2024-12-10T08:48:07","date_gmt":"2024-12-10T14:48:07","guid":{"rendered":"https:\/\/www.darrow-latam.com\/mx\/?post_type=product&#038;p=6724"},"modified":"2026-03-10T23:12:02","modified_gmt":"2026-03-11T05:12:02","slug":"actine-renov","status":"publish","type":"product","link":"https:\/\/www.darrow-latam.com\/mx\/producto\/actine-renov\/","title":{"rendered":"ACTINE RENOV"},"content":{"rendered":"<p>Actine es la gama dermatol\u00f3gica especialista de las pieles latinas muy grasas y con tendencia acneica.<\/p>\n<p>Actine Renov, suero concentrado renovador antiacn\u00e9 para adultos y adolescentes de piel grasa con tendencia acneica, que busquen tratar y prevenir brotes de acn\u00e9 y puntos negros\u200b, as\u00ed como mejorar la textura irregular\u200b y marcas de acn\u00e9.<\/p>\n","protected":false},"excerpt":{"rendered":"<p>Actine Renov, suero concentrado renovador antiacn\u00e9 para adultos y adolescentes de piel grasa con tendencia acneica, que busquen tratar y prevenir brotes de acn\u00e9 y puntos negros\u200b, as\u00ed como mejorar la textura irregular\u200b y marcas de acn\u00e9.<\/p>\n","protected":false},"featured_media":6823,"comment_status":"closed","ping_status":"closed","template":"","meta":{"_acf_changed":false,"site-sidebar-layout":"default","site-content-layout":"","ast-site-content-layout":"default","site-content-style":"default","site-sidebar-style":"default","ast-global-header-display":"","ast-banner-title-visibility":"","ast-main-header-display":"","ast-hfb-above-header-display":"","ast-hfb-below-header-display":"","ast-hfb-mobile-header-display":"","site-post-title":"","ast-breadcrumbs-content":"","ast-featured-img":"","footer-sml-layout":"","theme-transparent-header-meta":"default","adv-header-id-meta":"","stick-header-meta":"","header-above-stick-meta":"","header-main-stick-meta":"","header-below-stick-meta":"","astra-migrate-meta-layouts":"set","ast-page-background-enabled":"default","ast-page-background-meta":{"desktop":{"background-color":"var(--ast-global-color-4)","background-image":"","background-repeat":"repeat","background-position":"center center","background-size":"auto","background-attachment":"scroll","background-type":"","background-media":"","overlay-type":"","overlay-color":"","overlay-opacity":"","overlay-gradient":""},"tablet":{"background-color":"","background-image":"","background-repeat":"repeat","background-position":"center center","background-size":"auto","background-attachment":"scroll","background-type":"","background-media":"","overlay-type":"","overlay-color":"","overlay-opacity":"","overlay-gradient":""},"mobile":{"background-color":"","background-image":"","background-repeat":"repeat","background-position":"center center","background-size":"auto","background-attachment":"scroll","background-type":"","background-media":"","overlay-type":"","overlay-color":"","overlay-opacity":"","overlay-gradient":""}},"ast-content-background-meta":{"desktop":{"background-color":"var(--ast-global-color-5)","background-image":"","background-repeat":"repeat","background-position":"center center","background-size":"auto","background-attachment":"scroll","background-type":"","background-media":"","overlay-type":"","overlay-color":"","overlay-opacity":"","overlay-gradient":""},"tablet":{"background-color":"var(--ast-global-color-5)","background-image":"","background-repeat":"repeat","background-position":"center center","background-size":"auto","background-attachment":"scroll","background-type":"","background-media":"","overlay-type":"","overlay-color":"","overlay-opacity":"","overlay-gradient":""},"mobile":{"background-color":"var(--ast-global-color-5)","background-image":"","background-repeat":"repeat","background-position":"center center","background-size":"auto","background-attachment":"scroll","background-type":"","background-media":"","overlay-type":"","overlay-color":"","overlay-opacity":"","overlay-gradient":""}}},"product_brand":[],"product_cat":[15],"product_tag":[],"class_list":{"0":"post-6724","1":"product","2":"type-product","3":"status-publish","4":"has-post-thumbnail","6":"product_cat-piel-grasa","7":"desktop-align-left","8":"tablet-align-left","9":"mobile-align-left","10":"ast-product-gallery-layout-vertical-slider","11":"ast-product-gallery-with-no-image","12":"ast-product-tabs-layout-vertical","14":"first","15":"instock","16":"featured","17":"shipping-taxable","18":"product-type-simple"},"acf":{"gramaje":"30G","skus":{"sku_br":"P0007643","sku_mx":"P5003867"},"ean":"3282770294870","detalle":"Darrow Laboratorio se preocupa por ofrecer a los consumidores productos desarrollados con dermat\u00f3logos latinoamericanos de eficacia comprobada y adaptados a las pieles latinas. Presente en el mercado brasile\u00f1o desde hace m\u00e1s de 50 a\u00f1os, cuenta con una experiencia reconocida en el segmento de la higiene y cuidado personal.","uso":"Aplicar de 1 a 2 veces al d\u00eda sobre la\u200b piel perfectamente limpia, siguiendo la\u200brecomendaci\u00f3n de su dermat\u00f3logo","ingredientes":"AGUA\/AQUA. GLICERINA. COCOCAPRILATO\/CAPRATO. NIACINAMIDA. PENTILENGLICOL. ALMID\u00d3N DE ORYZA SATIVA. \u00c1CIDO SUCC\u00cdNICO. TRIGLIC\u00c9RIDO CAPR\u00cdLICO\/C\u00c1PRICO. HIDR\u00d3XIDO DE SODIO. GOMA DE ACACIA SENEGAL. CAPRILILGLICOL. \u00c1CIDO C\u00cdTRICO. PARFUM\/FRAGANCIA. BEHENATO DE GLICERILO. DIBEHENATO DE GLICERILO. ACEITE DE SEMILLA DE HELIANTHUS ANNUUS. LAURIL GLUC\u00d3SIDO. EXTRACTO DE SEMILLA DE LENS ESCULENTA. MALTODEXTRINA. EXTRACTO DE RA\u00cdZ DE PANAX GINSENG. POLIGLICERIL-2 DIPOLIHIDROXIESTEARATO. CETIL FOSFATO DE POTASIO. BENZOATO DE SODIO. TOCOFEROL. TRIBEHENINA. GOMA XANTANA.","activos":"Extracto de ginseng\u200b\r\nEnergiza la piel para estimular la renovaci\u00f3n celular\r\n\r\n<strong>3% de \u00e1cido succ\u00ednico\u200b<\/strong>\r\nFavorece la renovaci\u00f3n cut\u00e1nea, unificando el tono y la textura de la piel\r\n\r\n<strong>4% de niacinamida\u200b<\/strong>\r\nReduce y previene el acn\u00e9 y los puntos negros","resultados":"Renueva la piel a partir de los 7 d\u00edas de uso *\r\n-Combate brotes y espinillas\r\n-Reduce marcas\r\n\r\n*Estudio monocentrico con enmascaramiento realizado a 21 MUJERES\u200b DE ENTRE 18 Y 41 A\u00d1OS\u200b CON PIEL GRASA A PIEL CON TENDENCIA ACNEICA.","galeria":"","galeria_copiar":"","galeria_copiar2":"","farm_san_pablo_imagen":"","farm_san_pablo_url":"","farm_ahorro_imagen":"","farm_ahorro_url":"","amazon_imagen":"","amazon_url":"","dermalia_imagen":"","dermalia_url":"","dermaexpress_imagen":"","dermaexpress_url":"","meli_imagen":"","meli_url":"","heb_imagen":"","heb_url":"","sanborns_imagen":"","sanborns_url":""},"yoast_head":"<!-- This site is optimized with the Yoast SEO Premium plugin v23.6 (Yoast SEO v26.0) - https:\/\/yoast.com\/wordpress\/plugins\/seo\/ -->\n<title>ACTINE RENOV - Darrow M\u00e9xico<\/title>\n<meta name=\"robots\" content=\"index, follow, max-snippet:-1, max-image-preview:large, max-video-preview:-1\" \/>\n<link rel=\"canonical\" href=\"https:\/\/www.darrow-latam.com\/mx\/producto\/actine-renov\/\" \/>\n<meta property=\"og:locale\" content=\"es_MX\" \/>\n<meta property=\"og:type\" content=\"article\" \/>\n<meta property=\"og:title\" content=\"ACTINE RENOV\" \/>\n<meta property=\"og:description\" content=\"Actine Renov, suero concentrado renovador antiacn\u00e9 para adultos y adolescentes de piel grasa con tendencia acneica, que busquen tratar y prevenir brotes de acn\u00e9 y puntos negros\u200b, as\u00ed como mejorar la textura irregular\u200b y marcas de acn\u00e9.\" \/>\n<meta property=\"og:url\" content=\"https:\/\/www.darrow-latam.com\/mx\/producto\/actine-renov\/\" \/>\n<meta property=\"og:site_name\" content=\"Darrow M\u00e9xico\" \/>\n<meta property=\"article:modified_time\" content=\"2026-03-11T05:12:02+00:00\" \/>\n<meta property=\"og:image\" content=\"https:\/\/www.darrow-latam.com\/mx\/wp-content\/uploads\/sites\/2\/2024\/12\/Actine_renov_30g_packshot_frontal_latam_1024x1024.jpg\" \/>\n\t<meta property=\"og:image:width\" content=\"1024\" \/>\n\t<meta property=\"og:image:height\" content=\"1024\" \/>\n\t<meta property=\"og:image:type\" content=\"image\/jpeg\" \/>\n<meta name=\"twitter:card\" content=\"summary_large_image\" \/>\n<meta name=\"twitter:label1\" content=\"Tiempo de lectura\" \/>\n\t<meta name=\"twitter:data1\" content=\"1 minuto\" \/>\n<script type=\"application\/ld+json\" class=\"yoast-schema-graph\">{\"@context\":\"https:\/\/schema.org\",\"@graph\":[{\"@type\":\"WebPage\",\"@id\":\"https:\/\/www.darrow-latam.com\/mx\/producto\/actine-renov\/\",\"url\":\"https:\/\/www.darrow-latam.com\/mx\/producto\/actine-renov\/\",\"name\":\"ACTINE RENOV - Darrow M\u00e9xico\",\"isPartOf\":{\"@id\":\"https:\/\/www.darrow-latam.com\/mx\/#website\"},\"primaryImageOfPage\":{\"@id\":\"https:\/\/www.darrow-latam.com\/mx\/producto\/actine-renov\/#primaryimage\"},\"image\":{\"@id\":\"https:\/\/www.darrow-latam.com\/mx\/producto\/actine-renov\/#primaryimage\"},\"thumbnailUrl\":\"https:\/\/www.darrow-latam.com\/mx\/wp-content\/uploads\/sites\/2\/2024\/12\/Actine_renov_30g_packshot_frontal_latam_1024x1024.jpg\",\"datePublished\":\"2024-12-10T14:48:07+00:00\",\"dateModified\":\"2026-03-11T05:12:02+00:00\",\"breadcrumb\":{\"@id\":\"https:\/\/www.darrow-latam.com\/mx\/producto\/actine-renov\/#breadcrumb\"},\"inLanguage\":\"es\",\"potentialAction\":[{\"@type\":\"ReadAction\",\"target\":[\"https:\/\/www.darrow-latam.com\/mx\/producto\/actine-renov\/\"]}]},{\"@type\":\"ImageObject\",\"inLanguage\":\"es\",\"@id\":\"https:\/\/www.darrow-latam.com\/mx\/producto\/actine-renov\/#primaryimage\",\"url\":\"https:\/\/www.darrow-latam.com\/mx\/wp-content\/uploads\/sites\/2\/2024\/12\/Actine_renov_30g_packshot_frontal_latam_1024x1024.jpg\",\"contentUrl\":\"https:\/\/www.darrow-latam.com\/mx\/wp-content\/uploads\/sites\/2\/2024\/12\/Actine_renov_30g_packshot_frontal_latam_1024x1024.jpg\",\"width\":1024,\"height\":1024},{\"@type\":\"BreadcrumbList\",\"@id\":\"https:\/\/www.darrow-latam.com\/mx\/producto\/actine-renov\/#breadcrumb\",\"itemListElement\":[{\"@type\":\"ListItem\",\"position\":1,\"name\":\"Portada\",\"item\":\"https:\/\/www.darrow-latam.com\/mx\/\"},{\"@type\":\"ListItem\",\"position\":2,\"name\":\"Productos\",\"item\":\"https:\/\/www.darrow-latam.com\/mx\/shop\/\"},{\"@type\":\"ListItem\",\"position\":3,\"name\":\"ACTINE RENOV\"}]},{\"@type\":\"WebSite\",\"@id\":\"https:\/\/www.darrow-latam.com\/mx\/#website\",\"url\":\"https:\/\/www.darrow-latam.com\/mx\/\",\"name\":\"Darrow M\u00e9xico\",\"description\":\"Cuidados dermatol\u00f3gicos\",\"publisher\":{\"@id\":\"https:\/\/www.darrow-latam.com\/mx\/#organization\"},\"potentialAction\":[{\"@type\":\"SearchAction\",\"target\":{\"@type\":\"EntryPoint\",\"urlTemplate\":\"https:\/\/www.darrow-latam.com\/mx\/?s={search_term_string}\"},\"query-input\":{\"@type\":\"PropertyValueSpecification\",\"valueRequired\":true,\"valueName\":\"search_term_string\"}}],\"inLanguage\":\"es\"},{\"@type\":\"Organization\",\"@id\":\"https:\/\/www.darrow-latam.com\/mx\/#organization\",\"name\":\"Darrow M\u00e9xico\",\"url\":\"https:\/\/www.darrow-latam.com\/mx\/\",\"logo\":{\"@type\":\"ImageObject\",\"inLanguage\":\"es\",\"@id\":\"https:\/\/www.darrow-latam.com\/mx\/#\/schema\/logo\/image\/\",\"url\":\"https:\/\/www.darrow-latam.com\/mx\/wp-content\/uploads\/sites\/2\/2024\/07\/logo_darrow_w34@2x.png\",\"contentUrl\":\"https:\/\/www.darrow-latam.com\/mx\/wp-content\/uploads\/sites\/2\/2024\/07\/logo_darrow_w34@2x.png\",\"width\":380,\"height\":378,\"caption\":\"Darrow M\u00e9xico\"},\"image\":{\"@id\":\"https:\/\/www.darrow-latam.com\/mx\/#\/schema\/logo\/image\/\"}}]}<\/script>\n","yoast_head_json":{"title":"ACTINE RENOV - Darrow M\u00e9xico","robots":{"index":"index","follow":"follow","max-snippet":"max-snippet:-1","max-image-preview":"max-image-preview:large","max-video-preview":"max-video-preview:-1"},"canonical":"https:\/\/www.darrow-latam.com\/mx\/producto\/actine-renov\/","og_locale":"es_MX","og_type":"article","og_title":"ACTINE RENOV","og_description":"Actine Renov, suero concentrado renovador antiacn\u00e9 para adultos y adolescentes de piel grasa con tendencia acneica, que busquen tratar y prevenir brotes de acn\u00e9 y puntos negros\u200b, as\u00ed como mejorar la textura irregular\u200b y marcas de acn\u00e9.","og_url":"https:\/\/www.darrow-latam.com\/mx\/producto\/actine-renov\/","og_site_name":"Darrow M\u00e9xico","article_modified_time":"2026-03-11T05:12:02+00:00","og_image":[{"width":1024,"height":1024,"url":"https:\/\/www.darrow-latam.com\/mx\/wp-content\/uploads\/sites\/2\/2024\/12\/Actine_renov_30g_packshot_frontal_latam_1024x1024.jpg","type":"image\/jpeg"}],"twitter_card":"summary_large_image","twitter_misc":{"Tiempo de lectura":"1 minuto"},"schema":{"@context":"https:\/\/schema.org","@graph":[{"@type":"WebPage","@id":"https:\/\/www.darrow-latam.com\/mx\/producto\/actine-renov\/","url":"https:\/\/www.darrow-latam.com\/mx\/producto\/actine-renov\/","name":"ACTINE RENOV - Darrow M\u00e9xico","isPartOf":{"@id":"https:\/\/www.darrow-latam.com\/mx\/#website"},"primaryImageOfPage":{"@id":"https:\/\/www.darrow-latam.com\/mx\/producto\/actine-renov\/#primaryimage"},"image":{"@id":"https:\/\/www.darrow-latam.com\/mx\/producto\/actine-renov\/#primaryimage"},"thumbnailUrl":"https:\/\/www.darrow-latam.com\/mx\/wp-content\/uploads\/sites\/2\/2024\/12\/Actine_renov_30g_packshot_frontal_latam_1024x1024.jpg","datePublished":"2024-12-10T14:48:07+00:00","dateModified":"2026-03-11T05:12:02+00:00","breadcrumb":{"@id":"https:\/\/www.darrow-latam.com\/mx\/producto\/actine-renov\/#breadcrumb"},"inLanguage":"es","potentialAction":[{"@type":"ReadAction","target":["https:\/\/www.darrow-latam.com\/mx\/producto\/actine-renov\/"]}]},{"@type":"ImageObject","inLanguage":"es","@id":"https:\/\/www.darrow-latam.com\/mx\/producto\/actine-renov\/#primaryimage","url":"https:\/\/www.darrow-latam.com\/mx\/wp-content\/uploads\/sites\/2\/2024\/12\/Actine_renov_30g_packshot_frontal_latam_1024x1024.jpg","contentUrl":"https:\/\/www.darrow-latam.com\/mx\/wp-content\/uploads\/sites\/2\/2024\/12\/Actine_renov_30g_packshot_frontal_latam_1024x1024.jpg","width":1024,"height":1024},{"@type":"BreadcrumbList","@id":"https:\/\/www.darrow-latam.com\/mx\/producto\/actine-renov\/#breadcrumb","itemListElement":[{"@type":"ListItem","position":1,"name":"Portada","item":"https:\/\/www.darrow-latam.com\/mx\/"},{"@type":"ListItem","position":2,"name":"Productos","item":"https:\/\/www.darrow-latam.com\/mx\/shop\/"},{"@type":"ListItem","position":3,"name":"ACTINE RENOV"}]},{"@type":"WebSite","@id":"https:\/\/www.darrow-latam.com\/mx\/#website","url":"https:\/\/www.darrow-latam.com\/mx\/","name":"Darrow M\u00e9xico","description":"Cuidados dermatol\u00f3gicos","publisher":{"@id":"https:\/\/www.darrow-latam.com\/mx\/#organization"},"potentialAction":[{"@type":"SearchAction","target":{"@type":"EntryPoint","urlTemplate":"https:\/\/www.darrow-latam.com\/mx\/?s={search_term_string}"},"query-input":{"@type":"PropertyValueSpecification","valueRequired":true,"valueName":"search_term_string"}}],"inLanguage":"es"},{"@type":"Organization","@id":"https:\/\/www.darrow-latam.com\/mx\/#organization","name":"Darrow M\u00e9xico","url":"https:\/\/www.darrow-latam.com\/mx\/","logo":{"@type":"ImageObject","inLanguage":"es","@id":"https:\/\/www.darrow-latam.com\/mx\/#\/schema\/logo\/image\/","url":"https:\/\/www.darrow-latam.com\/mx\/wp-content\/uploads\/sites\/2\/2024\/07\/logo_darrow_w34@2x.png","contentUrl":"https:\/\/www.darrow-latam.com\/mx\/wp-content\/uploads\/sites\/2\/2024\/07\/logo_darrow_w34@2x.png","width":380,"height":378,"caption":"Darrow M\u00e9xico"},"image":{"@id":"https:\/\/www.darrow-latam.com\/mx\/#\/schema\/logo\/image\/"}}]}},"_links":{"self":[{"href":"https:\/\/www.darrow-latam.com\/mx\/wp-json\/wp\/v2\/product\/6724","targetHints":{"allow":["GET"]}}],"collection":[{"href":"https:\/\/www.darrow-latam.com\/mx\/wp-json\/wp\/v2\/product"}],"about":[{"href":"https:\/\/www.darrow-latam.com\/mx\/wp-json\/wp\/v2\/types\/product"}],"replies":[{"embeddable":true,"href":"https:\/\/www.darrow-latam.com\/mx\/wp-json\/wp\/v2\/comments?post=6724"}],"version-history":[{"count":6,"href":"https:\/\/www.darrow-latam.com\/mx\/wp-json\/wp\/v2\/product\/6724\/revisions"}],"predecessor-version":[{"id":6806,"href":"https:\/\/www.darrow-latam.com\/mx\/wp-json\/wp\/v2\/product\/6724\/revisions\/6806"}],"wp:featuredmedia":[{"embeddable":true,"href":"https:\/\/www.darrow-latam.com\/mx\/wp-json\/wp\/v2\/media\/6823"}],"wp:attachment":[{"href":"https:\/\/www.darrow-latam.com\/mx\/wp-json\/wp\/v2\/media?parent=6724"}],"wp:term":[{"taxonomy":"product_brand","embeddable":true,"href":"https:\/\/www.darrow-latam.com\/mx\/wp-json\/wp\/v2\/product_brand?post=6724"},{"taxonomy":"product_cat","embeddable":true,"href":"https:\/\/www.darrow-latam.com\/mx\/wp-json\/wp\/v2\/product_cat?post=6724"},{"taxonomy":"product_tag","embeddable":true,"href":"https:\/\/www.darrow-latam.com\/mx\/wp-json\/wp\/v2\/product_tag?post=6724"}],"curies":[{"name":"wp","href":"https:\/\/api.w.org\/{rel}","templated":true}]}}