{"id":6828,"date":"2025-02-28T11:01:55","date_gmt":"2025-02-28T17:01:55","guid":{"rendered":"https:\/\/www.darrow-latam.com\/mx\/?post_type=product&#038;p=6828"},"modified":"2026-02-23T11:43:45","modified_gmt":"2026-02-23T17:43:45","slug":"actine-one-fps-50-sin-color-40g","status":"publish","type":"product","link":"https:\/\/www.darrow-latam.com\/mx\/producto\/actine-one-fps-50-sin-color-40g\/","title":{"rendered":"ACTINE ONE FPS 50 SIN COLOR 40G"},"content":{"rendered":"<p>Actine es la gama dermatol\u00f3gica especialista de las pieles latinas muy grasas y con tendencia acneica.<\/p>\n<p>El nuevo Actine One FPS50 es un protector solar dermatol\u00f3gico con tecnolog\u00eda patentada One \u2013 \u00danico producto con combinaci\u00f3n de 3 filtros, que garantiza, adem\u00e1s de una alta protecci\u00f3n UVA+UVB, una sensaci\u00f3n ligera y no grasa.<\/p>\n","protected":false},"excerpt":{"rendered":"<p><span data-sheets-root=\"1\" data-sheets-value=\"{&quot;1&quot;:2,&quot;2&quot;:&quot;Darrow Laboratorio se preocupa por ofrecer a los consumidores productos desarrollados con dermat\u00f3logos latinoamericanos de eficacia comprobada y adaptados a las pieles latinas. Presente en el mercado brasile\u00f1o desde hace m\u00e1s de 50 a\u00f1os, cuenta con una experiencia reconocida en el segmento de la higiene y cuidado personal.&quot;}\" data-sheets-userformat=\"{&quot;2&quot;:14783,&quot;3&quot;:{&quot;1&quot;:0,&quot;3&quot;:1},&quot;4&quot;:{&quot;1&quot;:2,&quot;2&quot;:16239276},&quot;5&quot;:{&quot;1&quot;:[{&quot;1&quot;:2,&quot;2&quot;:0,&quot;5&quot;:{&quot;1&quot;:2,&quot;2&quot;:0}},{&quot;1&quot;:0,&quot;2&quot;:0,&quot;3&quot;:3},{&quot;1&quot;:1,&quot;2&quot;:0,&quot;4&quot;:1}]},&quot;6&quot;:{&quot;1&quot;:[{&quot;1&quot;:2,&quot;2&quot;:0,&quot;5&quot;:{&quot;1&quot;:2,&quot;2&quot;:0}},{&quot;1&quot;:0,&quot;2&quot;:0,&quot;3&quot;:3},{&quot;1&quot;:1,&quot;2&quot;:0,&quot;4&quot;:1}]},&quot;7&quot;:{&quot;1&quot;:[{&quot;1&quot;:2,&quot;2&quot;:0,&quot;5&quot;:{&quot;1&quot;:2,&quot;2&quot;:0}},{&quot;1&quot;:0,&quot;2&quot;:0,&quot;3&quot;:3},{&quot;1&quot;:1,&quot;2&quot;:0,&quot;4&quot;:1}]},&quot;8&quot;:{&quot;1&quot;:[{&quot;1&quot;:2,&quot;2&quot;:0,&quot;5&quot;:{&quot;1&quot;:2,&quot;2&quot;:0}},{&quot;1&quot;:0,&quot;2&quot;:0,&quot;3&quot;:3},{&quot;1&quot;:1,&quot;2&quot;:0,&quot;4&quot;:1}]},&quot;10&quot;:0,&quot;11&quot;:4,&quot;14&quot;:{&quot;1&quot;:3,&quot;3&quot;:1},&quot;15&quot;:&quot;Calibri&quot;,&quot;16&quot;:11}\">Darrow Laboratorio se preocupa por ofrecer a los consumidores productos desarrollados con dermat\u00f3logos latinoamericanos de eficacia comprobada y adaptados a las pieles latinas. Presente en el mercado brasile\u00f1o desde hace m\u00e1s de 50 a\u00f1os, cuenta con una experiencia reconocida en el segmento de la higiene y cuidado personal.<\/span><\/p>\n","protected":false},"featured_media":6831,"comment_status":"open","ping_status":"closed","template":"","meta":{"_acf_changed":false,"site-sidebar-layout":"default","site-content-layout":"","ast-site-content-layout":"default","site-content-style":"default","site-sidebar-style":"default","ast-global-header-display":"","ast-banner-title-visibility":"","ast-main-header-display":"","ast-hfb-above-header-display":"","ast-hfb-below-header-display":"","ast-hfb-mobile-header-display":"","site-post-title":"","ast-breadcrumbs-content":"","ast-featured-img":"","footer-sml-layout":"","theme-transparent-header-meta":"default","adv-header-id-meta":"","stick-header-meta":"","header-above-stick-meta":"","header-main-stick-meta":"","header-below-stick-meta":"","astra-migrate-meta-layouts":"set","ast-page-background-enabled":"default","ast-page-background-meta":{"desktop":{"background-color":"var(--ast-global-color-4)","background-image":"","background-repeat":"repeat","background-position":"center center","background-size":"auto","background-attachment":"scroll","background-type":"","background-media":"","overlay-type":"","overlay-color":"","overlay-opacity":"","overlay-gradient":""},"tablet":{"background-color":"","background-image":"","background-repeat":"repeat","background-position":"center center","background-size":"auto","background-attachment":"scroll","background-type":"","background-media":"","overlay-type":"","overlay-color":"","overlay-opacity":"","overlay-gradient":""},"mobile":{"background-color":"","background-image":"","background-repeat":"repeat","background-position":"center center","background-size":"auto","background-attachment":"scroll","background-type":"","background-media":"","overlay-type":"","overlay-color":"","overlay-opacity":"","overlay-gradient":""}},"ast-content-background-meta":{"desktop":{"background-color":"var(--ast-global-color-5)","background-image":"","background-repeat":"repeat","background-position":"center center","background-size":"auto","background-attachment":"scroll","background-type":"","background-media":"","overlay-type":"","overlay-color":"","overlay-opacity":"","overlay-gradient":""},"tablet":{"background-color":"var(--ast-global-color-5)","background-image":"","background-repeat":"repeat","background-position":"center center","background-size":"auto","background-attachment":"scroll","background-type":"","background-media":"","overlay-type":"","overlay-color":"","overlay-opacity":"","overlay-gradient":""},"mobile":{"background-color":"var(--ast-global-color-5)","background-image":"","background-repeat":"repeat","background-position":"center center","background-size":"auto","background-attachment":"scroll","background-type":"","background-media":"","overlay-type":"","overlay-color":"","overlay-opacity":"","overlay-gradient":""}}},"product_brand":[],"product_cat":[36,35],"product_tag":[],"class_list":{"0":"post-6828","1":"product","2":"type-product","3":"status-publish","4":"has-post-thumbnail","6":"product_cat-actine-solares","7":"product_cat-proteccion-solar","8":"desktop-align-left","9":"tablet-align-left","10":"mobile-align-left","11":"ast-product-gallery-layout-vertical-slider","12":"ast-product-gallery-with-no-image","13":"ast-product-tabs-layout-vertical","15":"first","16":"instock","17":"shipping-taxable","18":"product-type-simple"},"acf":{"gramaje":"40g","skus":{"sku_br":"P0007645","sku_mx":"P5004012"},"ean":"3282770393989","detalle":"Darrow Laboratorio se preocupa por ofrecer a los consumidores productos desarrollados con dermat\u00f3logos latinoamericanos de eficacia comprobada y adaptados a las pieles latinas. Presente en el mercado brasile\u00f1o desde hace m\u00e1s de 50 a\u00f1os, cuenta con una experiencia reconocida en el segmento de la higiene y cuidado personal.","uso":"Aplicar generosamente antes de la exposici\u00f3n al sol. Si la cantidad aplicada no es la adecuada, el nivel de protecci\u00f3n se reducir\u00e1 significativamente. Reaplicar siempre despu\u00e9s de sudar intensamente, nadar o ba\u00f1arse, secarse con una toalla y durante la exposici\u00f3n al sol. Es necesaria una nueva aplicaci\u00f3n del producto para mantener su eficacia. Ayuda a prevenir las quemaduras solares.","ingredientes":"AGUA (agua). benzoato de alquilo C12-15 (benzoato de alquilo C12-15). CARBONATO DE DICAPRILILO (carbonato de dicaprililo). DIETHYLAMINO HYDROXYBENZOYL HEXYL benzoato (benzoato de dietilamino hidroxibenzoil hexil). DIETILHEXIL BUTAMIDO TRIAZONA (dietilhexil butamido triazona). BIS \u2013 ETILHEXILOXIFENOL METOXIFENIL TRIAZINA (bis-etilhexiloxifenol metoxifenil triazina). ALMID\u00d3N DE ORYZA SATIVA (almid\u00f3n). ALCOHOL (alcohol et\u00edlico). ALCOHOL MIREST\u00cdLICO (alcohol mirist\u00edlico). SEBACATO DE DIISOPROPILO (sebacato de diisopropilo). CETIL FOSFATO DE POTASIO (cetilfosfato de potasio). ALMID\u00d3N DE TAPIOCA (almid\u00f3n). TRIMETILPENANODIOL\/\u00c1CIDO AD\u00cdPICO\/POL\u00cdMERO CRUZADO DE GLICERINA (pol\u00edmero cruzado de trimetilpentanodiol\/\u00e1cido ad\u00edpico\/glicerina). \u00c1CIDO BENZOICO (\u00e1cido benzoico). CAPRYLYL GLYCOL (caprililglicol). CITRONELLOL (citronelol). PERFUME (perfume). BEHENATO DE GLICERILO (behenato de glicerilo). DIBEHENATO DE GLICERILO (dibeenato de glicerilo). ACEITE DE SOJA GLICINA (aceite de soja). HEXIL CINAMAL (hexil cinamal). ISOEUGENOL (isoeugenol). EXTRACTO DE SEMILLA DE LENS ESCULENTA (Extracto de semilla de Lens esculenta). LIMONENO (limoneno). LINALOOL (linalol). MIRESTILO GLUCOSIDO (miristilo gluc\u00f3sido). PENTYLENGLICOL (pentilenglicol). GOMA DE ESCLEROTIO (betasizofirano). BENZOATO DE SODIO (benzoato de sodio). HIALURONATO DE SODIO (hialuronato de sodio). TOCOFEROL (tocoferol). TRIBEHENIN (tribeenina).","activos":"Pol\u00edmeros gelificantes:\r\nAgentes que dan textura, formando una base de gel acuosa ultraligera y de r\u00e1pida absorci\u00f3n.\r\n\u00c1cido Hialur\u00f3nico Biomim\u00e9tico\r\nMol\u00e9cula hidratante con alto poder de retenci\u00f3n de agua, manteniendo la piel hidratada y con mayor firmeza.\r\nReef Safe \u2013 F\u00f3rmula biodegradable segura para los corales","resultados":"Fotoprotecci\u00f3n de amplio espectro UVA + UVB\r\nCOMBINACI\u00d3N IDEAL PARA PREVENIR LOS DA\u00d1OS A LARGO PLAZO CAUSADOS \u200b\u200bPOR LA RADIACI\u00d3N UVA, COMO EL FOTOENVEJECIMIENTO Y LA HIPERPIGMENTACI\u00d3N.","galeria":"","galeria_copiar":"","galeria_copiar2":"","farm_san_pablo_imagen":5259,"farm_san_pablo_url":"https:\/\/www.farmaciasanpablo.com.mx\/dermocosmeticos\/facial\/protectores-solares-faciales\/darrow-protector-solar-facial-actine-one-fps-50-absorcion-en-1-segundo\/p\/000000000070008035","farm_ahorro_imagen":5260,"farm_ahorro_url":"https:\/\/www.fahorro.com\/darrow-actine-one-protector-solar-rapida-absorcion-40g-fps50.html","amazon_imagen":5258,"amazon_url":"","dermalia_imagen":5263,"dermalia_url":"","dermaexpress_imagen":5262,"dermaexpress_url":"https:\/\/www.dermaexpress.com.mx\/products\/darrow-actine-one-protector-solar-fps-50-40gr?variant=42496124354620&country=MX&currency=MXN&utm_medium=product_sync&utm_source=google&utm_content=sag_organic&utm_campaign=sag_organic&gad_source=1&gclid=EAIaIQobChMIpIyW4sjkiwMVtShECB1ukzAIEAQYAiABEgIqpfD_BwE","meli_imagen":"","meli_url":"","heb_imagen":5264,"heb_url":"","sanborns_imagen":5644,"sanborns_url":""},"yoast_head":"<!-- This site is optimized with the Yoast SEO Premium plugin v23.6 (Yoast SEO v26.0) - https:\/\/yoast.com\/wordpress\/plugins\/seo\/ -->\n<title>ACTINE ONE FPS 50 SIN COLOR 40G - Darrow<\/title>\n<meta name=\"description\" content=\"ACTINE ONE FPS 50 SIN COLOR 40G: tu aliado para una piel protegida y radiante bajo el sol para pieles latinas grasas.\" \/>\n<meta name=\"robots\" content=\"index, follow, max-snippet:-1, max-image-preview:large, max-video-preview:-1\" \/>\n<link rel=\"canonical\" href=\"https:\/\/www.darrow-latam.com\/mx\/producto\/actine-one-fps-50-sin-color-40g\/\" \/>\n<meta property=\"og:locale\" content=\"es_MX\" \/>\n<meta property=\"og:type\" content=\"article\" \/>\n<meta property=\"og:title\" content=\"ACTINE ONE FPS 50 SIN COLOR 40G\" \/>\n<meta property=\"og:description\" content=\"ACTINE ONE FPS 50 SIN COLOR 40G: tu aliado para una piel protegida y radiante bajo el sol para pieles latinas grasas.\" \/>\n<meta property=\"og:url\" content=\"https:\/\/www.darrow-latam.com\/mx\/producto\/actine-one-fps-50-sin-color-40g\/\" \/>\n<meta property=\"og:site_name\" content=\"Darrow M\u00e9xico\" \/>\n<meta property=\"article:modified_time\" content=\"2026-02-23T17:43:45+00:00\" \/>\n<meta property=\"og:image\" content=\"https:\/\/www.darrow-latam.com\/mx\/wp-content\/uploads\/sites\/2\/2025\/02\/ACTINE-ONE-FPS-50_fte_1024x1024.jpg\" \/>\n\t<meta property=\"og:image:width\" content=\"1024\" \/>\n\t<meta property=\"og:image:height\" content=\"1024\" \/>\n\t<meta property=\"og:image:type\" content=\"image\/jpeg\" \/>\n<meta name=\"twitter:card\" content=\"summary_large_image\" \/>\n<meta name=\"twitter:label1\" content=\"Tiempo de lectura\" \/>\n\t<meta name=\"twitter:data1\" content=\"1 minuto\" \/>\n<script type=\"application\/ld+json\" class=\"yoast-schema-graph\">{\"@context\":\"https:\/\/schema.org\",\"@graph\":[{\"@type\":\"WebPage\",\"@id\":\"https:\/\/www.darrow-latam.com\/mx\/producto\/actine-one-fps-50-sin-color-40g\/\",\"url\":\"https:\/\/www.darrow-latam.com\/mx\/producto\/actine-one-fps-50-sin-color-40g\/\",\"name\":\"ACTINE ONE FPS 50 SIN COLOR 40G - Darrow\",\"isPartOf\":{\"@id\":\"https:\/\/www.darrow-latam.com\/mx\/#website\"},\"primaryImageOfPage\":{\"@id\":\"https:\/\/www.darrow-latam.com\/mx\/producto\/actine-one-fps-50-sin-color-40g\/#primaryimage\"},\"image\":{\"@id\":\"https:\/\/www.darrow-latam.com\/mx\/producto\/actine-one-fps-50-sin-color-40g\/#primaryimage\"},\"thumbnailUrl\":\"https:\/\/www.darrow-latam.com\/mx\/wp-content\/uploads\/sites\/2\/2025\/02\/ACTINE-ONE-FPS-50_fte_1024x1024.jpg\",\"datePublished\":\"2025-02-28T17:01:55+00:00\",\"dateModified\":\"2026-02-23T17:43:45+00:00\",\"description\":\"ACTINE ONE FPS 50 SIN COLOR 40G: tu aliado para una piel protegida y radiante bajo el sol para pieles latinas grasas.\",\"breadcrumb\":{\"@id\":\"https:\/\/www.darrow-latam.com\/mx\/producto\/actine-one-fps-50-sin-color-40g\/#breadcrumb\"},\"inLanguage\":\"es\",\"potentialAction\":[{\"@type\":\"ReadAction\",\"target\":[\"https:\/\/www.darrow-latam.com\/mx\/producto\/actine-one-fps-50-sin-color-40g\/\"]}]},{\"@type\":\"ImageObject\",\"inLanguage\":\"es\",\"@id\":\"https:\/\/www.darrow-latam.com\/mx\/producto\/actine-one-fps-50-sin-color-40g\/#primaryimage\",\"url\":\"https:\/\/www.darrow-latam.com\/mx\/wp-content\/uploads\/sites\/2\/2025\/02\/ACTINE-ONE-FPS-50_fte_1024x1024.jpg\",\"contentUrl\":\"https:\/\/www.darrow-latam.com\/mx\/wp-content\/uploads\/sites\/2\/2025\/02\/ACTINE-ONE-FPS-50_fte_1024x1024.jpg\",\"width\":1024,\"height\":1024},{\"@type\":\"BreadcrumbList\",\"@id\":\"https:\/\/www.darrow-latam.com\/mx\/producto\/actine-one-fps-50-sin-color-40g\/#breadcrumb\",\"itemListElement\":[{\"@type\":\"ListItem\",\"position\":1,\"name\":\"Portada\",\"item\":\"https:\/\/www.darrow-latam.com\/mx\/\"},{\"@type\":\"ListItem\",\"position\":2,\"name\":\"Productos\",\"item\":\"https:\/\/www.darrow-latam.com\/mx\/shop\/\"},{\"@type\":\"ListItem\",\"position\":3,\"name\":\"ACTINE ONE FPS 50 SIN COLOR 40G\"}]},{\"@type\":\"WebSite\",\"@id\":\"https:\/\/www.darrow-latam.com\/mx\/#website\",\"url\":\"https:\/\/www.darrow-latam.com\/mx\/\",\"name\":\"Darrow M\u00e9xico\",\"description\":\"Cuidados dermatol\u00f3gicos\",\"publisher\":{\"@id\":\"https:\/\/www.darrow-latam.com\/mx\/#organization\"},\"potentialAction\":[{\"@type\":\"SearchAction\",\"target\":{\"@type\":\"EntryPoint\",\"urlTemplate\":\"https:\/\/www.darrow-latam.com\/mx\/?s={search_term_string}\"},\"query-input\":{\"@type\":\"PropertyValueSpecification\",\"valueRequired\":true,\"valueName\":\"search_term_string\"}}],\"inLanguage\":\"es\"},{\"@type\":\"Organization\",\"@id\":\"https:\/\/www.darrow-latam.com\/mx\/#organization\",\"name\":\"Darrow M\u00e9xico\",\"url\":\"https:\/\/www.darrow-latam.com\/mx\/\",\"logo\":{\"@type\":\"ImageObject\",\"inLanguage\":\"es\",\"@id\":\"https:\/\/www.darrow-latam.com\/mx\/#\/schema\/logo\/image\/\",\"url\":\"https:\/\/www.darrow-latam.com\/mx\/wp-content\/uploads\/sites\/2\/2024\/07\/logo_darrow_w34@2x.png\",\"contentUrl\":\"https:\/\/www.darrow-latam.com\/mx\/wp-content\/uploads\/sites\/2\/2024\/07\/logo_darrow_w34@2x.png\",\"width\":380,\"height\":378,\"caption\":\"Darrow M\u00e9xico\"},\"image\":{\"@id\":\"https:\/\/www.darrow-latam.com\/mx\/#\/schema\/logo\/image\/\"}}]}<\/script>\n","yoast_head_json":{"title":"ACTINE ONE FPS 50 SIN COLOR 40G - Darrow","description":"ACTINE ONE FPS 50 SIN COLOR 40G: tu aliado para una piel protegida y radiante bajo el sol para pieles latinas grasas.","robots":{"index":"index","follow":"follow","max-snippet":"max-snippet:-1","max-image-preview":"max-image-preview:large","max-video-preview":"max-video-preview:-1"},"canonical":"https:\/\/www.darrow-latam.com\/mx\/producto\/actine-one-fps-50-sin-color-40g\/","og_locale":"es_MX","og_type":"article","og_title":"ACTINE ONE FPS 50 SIN COLOR 40G","og_description":"ACTINE ONE FPS 50 SIN COLOR 40G: tu aliado para una piel protegida y radiante bajo el sol para pieles latinas grasas.","og_url":"https:\/\/www.darrow-latam.com\/mx\/producto\/actine-one-fps-50-sin-color-40g\/","og_site_name":"Darrow M\u00e9xico","article_modified_time":"2026-02-23T17:43:45+00:00","og_image":[{"width":1024,"height":1024,"url":"https:\/\/www.darrow-latam.com\/mx\/wp-content\/uploads\/sites\/2\/2025\/02\/ACTINE-ONE-FPS-50_fte_1024x1024.jpg","type":"image\/jpeg"}],"twitter_card":"summary_large_image","twitter_misc":{"Tiempo de lectura":"1 minuto"},"schema":{"@context":"https:\/\/schema.org","@graph":[{"@type":"WebPage","@id":"https:\/\/www.darrow-latam.com\/mx\/producto\/actine-one-fps-50-sin-color-40g\/","url":"https:\/\/www.darrow-latam.com\/mx\/producto\/actine-one-fps-50-sin-color-40g\/","name":"ACTINE ONE FPS 50 SIN COLOR 40G - Darrow","isPartOf":{"@id":"https:\/\/www.darrow-latam.com\/mx\/#website"},"primaryImageOfPage":{"@id":"https:\/\/www.darrow-latam.com\/mx\/producto\/actine-one-fps-50-sin-color-40g\/#primaryimage"},"image":{"@id":"https:\/\/www.darrow-latam.com\/mx\/producto\/actine-one-fps-50-sin-color-40g\/#primaryimage"},"thumbnailUrl":"https:\/\/www.darrow-latam.com\/mx\/wp-content\/uploads\/sites\/2\/2025\/02\/ACTINE-ONE-FPS-50_fte_1024x1024.jpg","datePublished":"2025-02-28T17:01:55+00:00","dateModified":"2026-02-23T17:43:45+00:00","description":"ACTINE ONE FPS 50 SIN COLOR 40G: tu aliado para una piel protegida y radiante bajo el sol para pieles latinas grasas.","breadcrumb":{"@id":"https:\/\/www.darrow-latam.com\/mx\/producto\/actine-one-fps-50-sin-color-40g\/#breadcrumb"},"inLanguage":"es","potentialAction":[{"@type":"ReadAction","target":["https:\/\/www.darrow-latam.com\/mx\/producto\/actine-one-fps-50-sin-color-40g\/"]}]},{"@type":"ImageObject","inLanguage":"es","@id":"https:\/\/www.darrow-latam.com\/mx\/producto\/actine-one-fps-50-sin-color-40g\/#primaryimage","url":"https:\/\/www.darrow-latam.com\/mx\/wp-content\/uploads\/sites\/2\/2025\/02\/ACTINE-ONE-FPS-50_fte_1024x1024.jpg","contentUrl":"https:\/\/www.darrow-latam.com\/mx\/wp-content\/uploads\/sites\/2\/2025\/02\/ACTINE-ONE-FPS-50_fte_1024x1024.jpg","width":1024,"height":1024},{"@type":"BreadcrumbList","@id":"https:\/\/www.darrow-latam.com\/mx\/producto\/actine-one-fps-50-sin-color-40g\/#breadcrumb","itemListElement":[{"@type":"ListItem","position":1,"name":"Portada","item":"https:\/\/www.darrow-latam.com\/mx\/"},{"@type":"ListItem","position":2,"name":"Productos","item":"https:\/\/www.darrow-latam.com\/mx\/shop\/"},{"@type":"ListItem","position":3,"name":"ACTINE ONE FPS 50 SIN COLOR 40G"}]},{"@type":"WebSite","@id":"https:\/\/www.darrow-latam.com\/mx\/#website","url":"https:\/\/www.darrow-latam.com\/mx\/","name":"Darrow M\u00e9xico","description":"Cuidados dermatol\u00f3gicos","publisher":{"@id":"https:\/\/www.darrow-latam.com\/mx\/#organization"},"potentialAction":[{"@type":"SearchAction","target":{"@type":"EntryPoint","urlTemplate":"https:\/\/www.darrow-latam.com\/mx\/?s={search_term_string}"},"query-input":{"@type":"PropertyValueSpecification","valueRequired":true,"valueName":"search_term_string"}}],"inLanguage":"es"},{"@type":"Organization","@id":"https:\/\/www.darrow-latam.com\/mx\/#organization","name":"Darrow M\u00e9xico","url":"https:\/\/www.darrow-latam.com\/mx\/","logo":{"@type":"ImageObject","inLanguage":"es","@id":"https:\/\/www.darrow-latam.com\/mx\/#\/schema\/logo\/image\/","url":"https:\/\/www.darrow-latam.com\/mx\/wp-content\/uploads\/sites\/2\/2024\/07\/logo_darrow_w34@2x.png","contentUrl":"https:\/\/www.darrow-latam.com\/mx\/wp-content\/uploads\/sites\/2\/2024\/07\/logo_darrow_w34@2x.png","width":380,"height":378,"caption":"Darrow M\u00e9xico"},"image":{"@id":"https:\/\/www.darrow-latam.com\/mx\/#\/schema\/logo\/image\/"}}]}},"_links":{"self":[{"href":"https:\/\/www.darrow-latam.com\/mx\/wp-json\/wp\/v2\/product\/6828","targetHints":{"allow":["GET"]}}],"collection":[{"href":"https:\/\/www.darrow-latam.com\/mx\/wp-json\/wp\/v2\/product"}],"about":[{"href":"https:\/\/www.darrow-latam.com\/mx\/wp-json\/wp\/v2\/types\/product"}],"replies":[{"embeddable":true,"href":"https:\/\/www.darrow-latam.com\/mx\/wp-json\/wp\/v2\/comments?post=6828"}],"version-history":[{"count":4,"href":"https:\/\/www.darrow-latam.com\/mx\/wp-json\/wp\/v2\/product\/6828\/revisions"}],"predecessor-version":[{"id":6833,"href":"https:\/\/www.darrow-latam.com\/mx\/wp-json\/wp\/v2\/product\/6828\/revisions\/6833"}],"wp:featuredmedia":[{"embeddable":true,"href":"https:\/\/www.darrow-latam.com\/mx\/wp-json\/wp\/v2\/media\/6831"}],"wp:attachment":[{"href":"https:\/\/www.darrow-latam.com\/mx\/wp-json\/wp\/v2\/media?parent=6828"}],"wp:term":[{"taxonomy":"product_brand","embeddable":true,"href":"https:\/\/www.darrow-latam.com\/mx\/wp-json\/wp\/v2\/product_brand?post=6828"},{"taxonomy":"product_cat","embeddable":true,"href":"https:\/\/www.darrow-latam.com\/mx\/wp-json\/wp\/v2\/product_cat?post=6828"},{"taxonomy":"product_tag","embeddable":true,"href":"https:\/\/www.darrow-latam.com\/mx\/wp-json\/wp\/v2\/product_tag?post=6828"}],"curies":[{"name":"wp","href":"https:\/\/api.w.org\/{rel}","templated":true}]}}