{"id":6851,"date":"2025-05-26T13:55:00","date_gmt":"2025-05-26T19:55:00","guid":{"rendered":"https:\/\/www.darrow-latam.com\/mx\/?post_type=product&#038;p=6851"},"modified":"2025-09-26T00:05:14","modified_gmt":"2025-09-26T06:05:14","slug":"actine-aquaforce-facial-40g","status":"publish","type":"product","link":"https:\/\/www.darrow-latam.com\/mx\/producto\/actine-aquaforce-facial-40g\/","title":{"rendered":"ACTINE AQUAFORCE FACIAL 40G"},"content":{"rendered":"<p>Actine es la gama dermatol\u00f3gica especialista de las pieles latinas muy grasas y con tendencia acneica<br \/>\nDarrow Actine Aquaforce es un gel dermatol\u00f3gico indicado para la hidrataci\u00f3n diaria de pieles grasas con tendencia acneica, que proporciona hidrataci\u00f3n durante 48 horas, controla la oleosidad, matifica y reenergiza la piel.<\/p>\n","protected":false},"excerpt":{"rendered":"<p>Actine es la gama dermatol\u00f3gica especialista de las pieles latinas muy grasas y con tendencia acneica<br \/>\nDarrow Actine Aquaforce es un gel dermatol\u00f3gico indicado para la hidrataci\u00f3n diaria de pieles grasas con tendencia acneica, que proporciona hidrataci\u00f3n durante 48 horas, controla la oleosidad, matifica y reenergiza la piel.<\/p>\n","protected":false},"featured_media":6852,"comment_status":"closed","ping_status":"closed","template":"","meta":{"_acf_changed":false,"site-sidebar-layout":"default","site-content-layout":"","ast-site-content-layout":"default","site-content-style":"default","site-sidebar-style":"default","ast-global-header-display":"","ast-banner-title-visibility":"","ast-main-header-display":"","ast-hfb-above-header-display":"","ast-hfb-below-header-display":"","ast-hfb-mobile-header-display":"","site-post-title":"","ast-breadcrumbs-content":"","ast-featured-img":"","footer-sml-layout":"","theme-transparent-header-meta":"default","adv-header-id-meta":"","stick-header-meta":"","header-above-stick-meta":"","header-main-stick-meta":"","header-below-stick-meta":"","astra-migrate-meta-layouts":"set","ast-page-background-enabled":"default","ast-page-background-meta":{"desktop":{"background-color":"var(--ast-global-color-4)","background-image":"","background-repeat":"repeat","background-position":"center center","background-size":"auto","background-attachment":"scroll","background-type":"","background-media":"","overlay-type":"","overlay-color":"","overlay-opacity":"","overlay-gradient":""},"tablet":{"background-color":"","background-image":"","background-repeat":"repeat","background-position":"center center","background-size":"auto","background-attachment":"scroll","background-type":"","background-media":"","overlay-type":"","overlay-color":"","overlay-opacity":"","overlay-gradient":""},"mobile":{"background-color":"","background-image":"","background-repeat":"repeat","background-position":"center center","background-size":"auto","background-attachment":"scroll","background-type":"","background-media":"","overlay-type":"","overlay-color":"","overlay-opacity":"","overlay-gradient":""}},"ast-content-background-meta":{"desktop":{"background-color":"var(--ast-global-color-5)","background-image":"","background-repeat":"repeat","background-position":"center center","background-size":"auto","background-attachment":"scroll","background-type":"","background-media":"","overlay-type":"","overlay-color":"","overlay-opacity":"","overlay-gradient":""},"tablet":{"background-color":"var(--ast-global-color-5)","background-image":"","background-repeat":"repeat","background-position":"center center","background-size":"auto","background-attachment":"scroll","background-type":"","background-media":"","overlay-type":"","overlay-color":"","overlay-opacity":"","overlay-gradient":""},"mobile":{"background-color":"var(--ast-global-color-5)","background-image":"","background-repeat":"repeat","background-position":"center center","background-size":"auto","background-attachment":"scroll","background-type":"","background-media":"","overlay-type":"","overlay-color":"","overlay-opacity":"","overlay-gradient":""}}},"product_brand":[],"product_cat":[145,15],"product_tag":[],"class_list":{"0":"post-6851","1":"product","2":"type-product","3":"status-publish","4":"has-post-thumbnail","6":"product_cat-gel-hidratante","7":"product_cat-piel-grasa","8":"desktop-align-left","9":"tablet-align-left","10":"mobile-align-left","11":"ast-product-gallery-layout-vertical-slider","12":"ast-product-tabs-layout-vertical","14":"first","15":"instock","16":"featured","17":"shipping-taxable","18":"product-type-simple"},"acf":{"gramaje":"40G","skus":{"sku_br":"P0006028","sku_mx":"P5004122"},"ean":"3282770390513","detalle":"Darrow Laboratorio se preocupa por ofrecer a los consumidores productos desarrollados con dermat\u00f3logos latinoamericanos de eficacia comprobada y adaptados a las pieles latinas. Presente en el mercado brasile\u00f1o desde hace m\u00e1s de 50 a\u00f1os, cuenta con una experiencia reconocida en el segmento de la higiene y cuidado personal.","uso":"Aplicar diariamente sobre la piel limpia y seca o seg\u00fan lo indique su dermat\u00f3logo. No es necesario enjuagar.","ingredientes":"AQUA (agua). PENTILENGLICOL (pentilenglicol). GLICERINA (glicerol). GOMA DE CAESALPINIA SPINOSA (goma de Caesalpinia spinosa). 1,2-HEXANODIOL (1,2-hexanodiol). GLUC\u00d3SIDO DE ASCORBILO (gluc\u00f3sido de ascorbilo). PALMITATO DE ASCORBILO (palmitato de ascorbilo). \u00c1CIDO BENZOICO (\u00e1cido benzoico). CAPRILIL GLICOL (caprilil glicol). RESINA DE CAPSICUM FRUTESCENS (Resina de Capsicum frutescens). PERFUME. ACEITE DE SEMILLAS DE GIRASOL (HELIANTHUS ANNUUS). EXTRACTO DE SEMILLAS DE LENTEJAS LENS ESCULENTA (Extracto de semilla de Lens esculenta). LINALOOL (linalol). MENTOL (mentol). MENTILO LACTATO (lactato de mentilo). BENZOATO DE SODIO (benzoato de sodio). HIALURONATO DE SODIO (hialuronato de sodio). HIDR\u00d3XIDO DE SODIO (hidr\u00f3xido de sodio). TOCOFEROL (tocoferol). ACETATO DE TOCOFERILO (acetato de tocoferilo). DISUCCINATO DE ETILENDIAMINA TRIS\u00d3DICA (disuccinato de etilendiamina tris\u00f3dica).","activos":"'\u00c1cido Hialur\u00f3nico* \u2013 Proporciona una hidrataci\u00f3n intensiva, profunda y duradera, que tambi\u00e9n act\u00faa fortaleciendo la barrera natural de la piel.\r\n\r\nVitamina C1 \u2013 Complejo con acci\u00f3n antioxidante, que unifica el tono de la piel con acci\u00f3n iluminadora y antimanchas.\r\n\r\nP-refinyl \u2013 Act\u00faa controlando la grasa a largo plazo, adem\u00e1s de mejorar la textura de la piel al minimizar los poros\r\n\r\n*Derivado del \u00e1cido Hialur\u00f3nico. 1) Derivado de la vitamina C.","resultados":"Indicaci\u00f3n: pieles mixtas, grasas o con tendencia acneica.\r\n\r\nBeneficios:\r\n\r\n48 horas de hidrataci\u00f3n2\r\n94% piel matificada\r\n97% de control de aceite\r\nTextura ligera y refrescante 97%.\r\n0% Alcohol y parabenos\r\n98% de naturalidad\r\n\r\n2) Evaluaci\u00f3n instrumental y de percepci\u00f3n.","galeria":"","galeria_copiar":"","galeria_copiar2":"","farm_san_pablo_imagen":"","farm_san_pablo_url":"","farm_ahorro_imagen":"","farm_ahorro_url":"","amazon_imagen":"","amazon_url":"","dermalia_imagen":"","dermalia_url":"","dermaexpress_imagen":"","dermaexpress_url":"","meli_imagen":"","meli_url":"","heb_imagen":"","heb_url":"","sanborns_imagen":"","sanborns_url":""},"yoast_head":"<!-- This site is optimized with the Yoast SEO Premium plugin v23.6 (Yoast SEO v26.0) - https:\/\/yoast.com\/wordpress\/plugins\/seo\/ -->\n<title>ACTINE AQUAFORCE FACIAL 40G - Darrow M\u00e9xico<\/title>\n<meta name=\"robots\" content=\"index, follow, max-snippet:-1, max-image-preview:large, max-video-preview:-1\" \/>\n<link rel=\"canonical\" href=\"https:\/\/www.darrow-latam.com\/mx\/producto\/actine-aquaforce-facial-40g\/\" \/>\n<meta property=\"og:locale\" content=\"es_MX\" \/>\n<meta property=\"og:type\" content=\"article\" \/>\n<meta property=\"og:title\" content=\"ACTINE AQUAFORCE FACIAL 40G\" \/>\n<meta property=\"og:description\" content=\"Actine es la gama dermatol\u00f3gica especialista de las pieles latinas muy grasas y con tendencia acneica Darrow Actine Aquaforce es un gel dermatol\u00f3gico indicado para la hidrataci\u00f3n diaria de pieles grasas con tendencia acneica, que proporciona hidrataci\u00f3n durante 48 horas, controla la oleosidad, matifica y reenergiza la piel.\" \/>\n<meta property=\"og:url\" content=\"https:\/\/www.darrow-latam.com\/mx\/producto\/actine-aquaforce-facial-40g\/\" \/>\n<meta property=\"og:site_name\" content=\"Darrow M\u00e9xico\" \/>\n<meta property=\"article:modified_time\" content=\"2025-09-26T06:05:14+00:00\" \/>\n<meta property=\"og:image\" content=\"https:\/\/www.darrow-latam.com\/mx\/wp-content\/uploads\/sites\/2\/2025\/05\/3282770390513_5_1024x1024.jpg\" \/>\n\t<meta property=\"og:image:width\" content=\"1024\" \/>\n\t<meta property=\"og:image:height\" content=\"1024\" \/>\n\t<meta property=\"og:image:type\" content=\"image\/jpeg\" \/>\n<meta name=\"twitter:card\" content=\"summary_large_image\" \/>\n<meta name=\"twitter:label1\" content=\"Tiempo de lectura\" \/>\n\t<meta name=\"twitter:data1\" content=\"1 minuto\" \/>\n<script type=\"application\/ld+json\" class=\"yoast-schema-graph\">{\"@context\":\"https:\/\/schema.org\",\"@graph\":[{\"@type\":\"WebPage\",\"@id\":\"https:\/\/www.darrow-latam.com\/mx\/producto\/actine-aquaforce-facial-40g\/\",\"url\":\"https:\/\/www.darrow-latam.com\/mx\/producto\/actine-aquaforce-facial-40g\/\",\"name\":\"ACTINE AQUAFORCE FACIAL 40G - Darrow M\u00e9xico\",\"isPartOf\":{\"@id\":\"https:\/\/www.darrow-latam.com\/mx\/#website\"},\"primaryImageOfPage\":{\"@id\":\"https:\/\/www.darrow-latam.com\/mx\/producto\/actine-aquaforce-facial-40g\/#primaryimage\"},\"image\":{\"@id\":\"https:\/\/www.darrow-latam.com\/mx\/producto\/actine-aquaforce-facial-40g\/#primaryimage\"},\"thumbnailUrl\":\"https:\/\/www.darrow-latam.com\/mx\/wp-content\/uploads\/sites\/2\/2025\/05\/3282770390513_5_1024x1024.jpg\",\"datePublished\":\"2025-05-26T19:55:00+00:00\",\"dateModified\":\"2025-09-26T06:05:14+00:00\",\"breadcrumb\":{\"@id\":\"https:\/\/www.darrow-latam.com\/mx\/producto\/actine-aquaforce-facial-40g\/#breadcrumb\"},\"inLanguage\":\"es\",\"potentialAction\":[{\"@type\":\"ReadAction\",\"target\":[\"https:\/\/www.darrow-latam.com\/mx\/producto\/actine-aquaforce-facial-40g\/\"]}]},{\"@type\":\"ImageObject\",\"inLanguage\":\"es\",\"@id\":\"https:\/\/www.darrow-latam.com\/mx\/producto\/actine-aquaforce-facial-40g\/#primaryimage\",\"url\":\"https:\/\/www.darrow-latam.com\/mx\/wp-content\/uploads\/sites\/2\/2025\/05\/3282770390513_5_1024x1024.jpg\",\"contentUrl\":\"https:\/\/www.darrow-latam.com\/mx\/wp-content\/uploads\/sites\/2\/2025\/05\/3282770390513_5_1024x1024.jpg\",\"width\":1024,\"height\":1024},{\"@type\":\"BreadcrumbList\",\"@id\":\"https:\/\/www.darrow-latam.com\/mx\/producto\/actine-aquaforce-facial-40g\/#breadcrumb\",\"itemListElement\":[{\"@type\":\"ListItem\",\"position\":1,\"name\":\"Portada\",\"item\":\"https:\/\/www.darrow-latam.com\/mx\/\"},{\"@type\":\"ListItem\",\"position\":2,\"name\":\"Productos\",\"item\":\"https:\/\/www.darrow-latam.com\/mx\/shop\/\"},{\"@type\":\"ListItem\",\"position\":3,\"name\":\"ACTINE AQUAFORCE FACIAL 40G\"}]},{\"@type\":\"WebSite\",\"@id\":\"https:\/\/www.darrow-latam.com\/mx\/#website\",\"url\":\"https:\/\/www.darrow-latam.com\/mx\/\",\"name\":\"Darrow M\u00e9xico\",\"description\":\"Cuidados dermatol\u00f3gicos\",\"publisher\":{\"@id\":\"https:\/\/www.darrow-latam.com\/mx\/#organization\"},\"potentialAction\":[{\"@type\":\"SearchAction\",\"target\":{\"@type\":\"EntryPoint\",\"urlTemplate\":\"https:\/\/www.darrow-latam.com\/mx\/?s={search_term_string}\"},\"query-input\":{\"@type\":\"PropertyValueSpecification\",\"valueRequired\":true,\"valueName\":\"search_term_string\"}}],\"inLanguage\":\"es\"},{\"@type\":\"Organization\",\"@id\":\"https:\/\/www.darrow-latam.com\/mx\/#organization\",\"name\":\"Darrow M\u00e9xico\",\"url\":\"https:\/\/www.darrow-latam.com\/mx\/\",\"logo\":{\"@type\":\"ImageObject\",\"inLanguage\":\"es\",\"@id\":\"https:\/\/www.darrow-latam.com\/mx\/#\/schema\/logo\/image\/\",\"url\":\"https:\/\/www.darrow-latam.com\/mx\/wp-content\/uploads\/sites\/2\/2024\/07\/logo_darrow_w34@2x.png\",\"contentUrl\":\"https:\/\/www.darrow-latam.com\/mx\/wp-content\/uploads\/sites\/2\/2024\/07\/logo_darrow_w34@2x.png\",\"width\":380,\"height\":378,\"caption\":\"Darrow M\u00e9xico\"},\"image\":{\"@id\":\"https:\/\/www.darrow-latam.com\/mx\/#\/schema\/logo\/image\/\"}}]}<\/script>\n","yoast_head_json":{"title":"ACTINE AQUAFORCE FACIAL 40G - Darrow M\u00e9xico","robots":{"index":"index","follow":"follow","max-snippet":"max-snippet:-1","max-image-preview":"max-image-preview:large","max-video-preview":"max-video-preview:-1"},"canonical":"https:\/\/www.darrow-latam.com\/mx\/producto\/actine-aquaforce-facial-40g\/","og_locale":"es_MX","og_type":"article","og_title":"ACTINE AQUAFORCE FACIAL 40G","og_description":"Actine es la gama dermatol\u00f3gica especialista de las pieles latinas muy grasas y con tendencia acneica Darrow Actine Aquaforce es un gel dermatol\u00f3gico indicado para la hidrataci\u00f3n diaria de pieles grasas con tendencia acneica, que proporciona hidrataci\u00f3n durante 48 horas, controla la oleosidad, matifica y reenergiza la piel.","og_url":"https:\/\/www.darrow-latam.com\/mx\/producto\/actine-aquaforce-facial-40g\/","og_site_name":"Darrow M\u00e9xico","article_modified_time":"2025-09-26T06:05:14+00:00","og_image":[{"width":1024,"height":1024,"url":"https:\/\/www.darrow-latam.com\/mx\/wp-content\/uploads\/sites\/2\/2025\/05\/3282770390513_5_1024x1024.jpg","type":"image\/jpeg"}],"twitter_card":"summary_large_image","twitter_misc":{"Tiempo de lectura":"1 minuto"},"schema":{"@context":"https:\/\/schema.org","@graph":[{"@type":"WebPage","@id":"https:\/\/www.darrow-latam.com\/mx\/producto\/actine-aquaforce-facial-40g\/","url":"https:\/\/www.darrow-latam.com\/mx\/producto\/actine-aquaforce-facial-40g\/","name":"ACTINE AQUAFORCE FACIAL 40G - Darrow M\u00e9xico","isPartOf":{"@id":"https:\/\/www.darrow-latam.com\/mx\/#website"},"primaryImageOfPage":{"@id":"https:\/\/www.darrow-latam.com\/mx\/producto\/actine-aquaforce-facial-40g\/#primaryimage"},"image":{"@id":"https:\/\/www.darrow-latam.com\/mx\/producto\/actine-aquaforce-facial-40g\/#primaryimage"},"thumbnailUrl":"https:\/\/www.darrow-latam.com\/mx\/wp-content\/uploads\/sites\/2\/2025\/05\/3282770390513_5_1024x1024.jpg","datePublished":"2025-05-26T19:55:00+00:00","dateModified":"2025-09-26T06:05:14+00:00","breadcrumb":{"@id":"https:\/\/www.darrow-latam.com\/mx\/producto\/actine-aquaforce-facial-40g\/#breadcrumb"},"inLanguage":"es","potentialAction":[{"@type":"ReadAction","target":["https:\/\/www.darrow-latam.com\/mx\/producto\/actine-aquaforce-facial-40g\/"]}]},{"@type":"ImageObject","inLanguage":"es","@id":"https:\/\/www.darrow-latam.com\/mx\/producto\/actine-aquaforce-facial-40g\/#primaryimage","url":"https:\/\/www.darrow-latam.com\/mx\/wp-content\/uploads\/sites\/2\/2025\/05\/3282770390513_5_1024x1024.jpg","contentUrl":"https:\/\/www.darrow-latam.com\/mx\/wp-content\/uploads\/sites\/2\/2025\/05\/3282770390513_5_1024x1024.jpg","width":1024,"height":1024},{"@type":"BreadcrumbList","@id":"https:\/\/www.darrow-latam.com\/mx\/producto\/actine-aquaforce-facial-40g\/#breadcrumb","itemListElement":[{"@type":"ListItem","position":1,"name":"Portada","item":"https:\/\/www.darrow-latam.com\/mx\/"},{"@type":"ListItem","position":2,"name":"Productos","item":"https:\/\/www.darrow-latam.com\/mx\/shop\/"},{"@type":"ListItem","position":3,"name":"ACTINE AQUAFORCE FACIAL 40G"}]},{"@type":"WebSite","@id":"https:\/\/www.darrow-latam.com\/mx\/#website","url":"https:\/\/www.darrow-latam.com\/mx\/","name":"Darrow M\u00e9xico","description":"Cuidados dermatol\u00f3gicos","publisher":{"@id":"https:\/\/www.darrow-latam.com\/mx\/#organization"},"potentialAction":[{"@type":"SearchAction","target":{"@type":"EntryPoint","urlTemplate":"https:\/\/www.darrow-latam.com\/mx\/?s={search_term_string}"},"query-input":{"@type":"PropertyValueSpecification","valueRequired":true,"valueName":"search_term_string"}}],"inLanguage":"es"},{"@type":"Organization","@id":"https:\/\/www.darrow-latam.com\/mx\/#organization","name":"Darrow M\u00e9xico","url":"https:\/\/www.darrow-latam.com\/mx\/","logo":{"@type":"ImageObject","inLanguage":"es","@id":"https:\/\/www.darrow-latam.com\/mx\/#\/schema\/logo\/image\/","url":"https:\/\/www.darrow-latam.com\/mx\/wp-content\/uploads\/sites\/2\/2024\/07\/logo_darrow_w34@2x.png","contentUrl":"https:\/\/www.darrow-latam.com\/mx\/wp-content\/uploads\/sites\/2\/2024\/07\/logo_darrow_w34@2x.png","width":380,"height":378,"caption":"Darrow M\u00e9xico"},"image":{"@id":"https:\/\/www.darrow-latam.com\/mx\/#\/schema\/logo\/image\/"}}]}},"_links":{"self":[{"href":"https:\/\/www.darrow-latam.com\/mx\/wp-json\/wp\/v2\/product\/6851","targetHints":{"allow":["GET"]}}],"collection":[{"href":"https:\/\/www.darrow-latam.com\/mx\/wp-json\/wp\/v2\/product"}],"about":[{"href":"https:\/\/www.darrow-latam.com\/mx\/wp-json\/wp\/v2\/types\/product"}],"replies":[{"embeddable":true,"href":"https:\/\/www.darrow-latam.com\/mx\/wp-json\/wp\/v2\/comments?post=6851"}],"version-history":[{"count":2,"href":"https:\/\/www.darrow-latam.com\/mx\/wp-json\/wp\/v2\/product\/6851\/revisions"}],"predecessor-version":[{"id":6855,"href":"https:\/\/www.darrow-latam.com\/mx\/wp-json\/wp\/v2\/product\/6851\/revisions\/6855"}],"wp:featuredmedia":[{"embeddable":true,"href":"https:\/\/www.darrow-latam.com\/mx\/wp-json\/wp\/v2\/media\/6852"}],"wp:attachment":[{"href":"https:\/\/www.darrow-latam.com\/mx\/wp-json\/wp\/v2\/media?parent=6851"}],"wp:term":[{"taxonomy":"product_brand","embeddable":true,"href":"https:\/\/www.darrow-latam.com\/mx\/wp-json\/wp\/v2\/product_brand?post=6851"},{"taxonomy":"product_cat","embeddable":true,"href":"https:\/\/www.darrow-latam.com\/mx\/wp-json\/wp\/v2\/product_cat?post=6851"},{"taxonomy":"product_tag","embeddable":true,"href":"https:\/\/www.darrow-latam.com\/mx\/wp-json\/wp\/v2\/product_tag?post=6851"}],"curies":[{"name":"wp","href":"https:\/\/api.w.org\/{rel}","templated":true}]}}