{"id":6964,"date":"2026-02-24T09:18:05","date_gmt":"2026-02-24T15:18:05","guid":{"rendered":"https:\/\/www.darrow-latam.com\/mx\/?post_type=product&#038;p=6964"},"modified":"2026-03-06T23:22:30","modified_gmt":"2026-03-07T05:22:30","slug":"dw-actine-one-colors-spf50-medio-40g","status":"publish","type":"product","link":"https:\/\/www.darrow-latam.com\/mx\/producto\/dw-actine-one-colors-spf50-medio-40g\/","title":{"rendered":"DW ACTINE ONE COLORS SPF50 MEDIO 40G"},"content":{"rendered":"<p>El nuevo Actine One Colors SPF50 es un protector solar facial diario que se absorbe en 1 segundo\u00b9<\/p>\n<p>Protector solar con color que unifica el tono de la piel, proporcionando un acabado ultranatural y alta protecci\u00f3n UVA+UVB (SPF50).<\/p>\n<p>Tecnolog\u00eda One Patentada \u2013 El \u00fanico producto con una combinaci\u00f3n de 3 filtros, que garantiza, adem\u00e1s de una alta protecci\u00f3n UVA+UVB, una sensaci\u00f3n ligera y no grasa.<\/p>\n<p>Disponible en versi\u00f3n incolora y en 2 tonos, y apto para todo tipo de pieles, incluidas las grasas.<\/p>\n<p>1. Evaluaci\u00f3n mediante la metodolog\u00eda diferencia respecto al control (DFC) de 2 productos por 11 evaluadores de percepci\u00f3n<\/p>\n","protected":false},"excerpt":{"rendered":"<p><span data-sheets-root=\"1\" data-sheets-value=\"{&quot;1&quot;:2,&quot;2&quot;:&quot;Darrow Laboratorio se preocupa por ofrecer a los consumidores productos desarrollados con dermat\u00f3logos latinoamericanos de eficacia comprobada y adaptados a las pieles latinas. Presente en el mercado brasile\u00f1o desde hace m\u00e1s de 50 a\u00f1os, cuenta con una experiencia reconocida en el segmento de la higiene y cuidado personal.&quot;}\" data-sheets-userformat=\"{&quot;2&quot;:14783,&quot;3&quot;:{&quot;1&quot;:0,&quot;3&quot;:1},&quot;4&quot;:{&quot;1&quot;:2,&quot;2&quot;:16239276},&quot;5&quot;:{&quot;1&quot;:[{&quot;1&quot;:2,&quot;2&quot;:0,&quot;5&quot;:{&quot;1&quot;:2,&quot;2&quot;:0}},{&quot;1&quot;:0,&quot;2&quot;:0,&quot;3&quot;:3},{&quot;1&quot;:1,&quot;2&quot;:0,&quot;4&quot;:1}]},&quot;6&quot;:{&quot;1&quot;:[{&quot;1&quot;:2,&quot;2&quot;:0,&quot;5&quot;:{&quot;1&quot;:2,&quot;2&quot;:0}},{&quot;1&quot;:0,&quot;2&quot;:0,&quot;3&quot;:3},{&quot;1&quot;:1,&quot;2&quot;:0,&quot;4&quot;:1}]},&quot;7&quot;:{&quot;1&quot;:[{&quot;1&quot;:2,&quot;2&quot;:0,&quot;5&quot;:{&quot;1&quot;:2,&quot;2&quot;:0}},{&quot;1&quot;:0,&quot;2&quot;:0,&quot;3&quot;:3},{&quot;1&quot;:1,&quot;2&quot;:0,&quot;4&quot;:1}]},&quot;8&quot;:{&quot;1&quot;:[{&quot;1&quot;:2,&quot;2&quot;:0,&quot;5&quot;:{&quot;1&quot;:2,&quot;2&quot;:0}},{&quot;1&quot;:0,&quot;2&quot;:0,&quot;3&quot;:3},{&quot;1&quot;:1,&quot;2&quot;:0,&quot;4&quot;:1}]},&quot;10&quot;:0,&quot;11&quot;:4,&quot;14&quot;:{&quot;1&quot;:3,&quot;3&quot;:1},&quot;15&quot;:&quot;Calibri&quot;,&quot;16&quot;:11}\">Darrow Laboratorio se preocupa por ofrecer a los consumidores productos desarrollados con dermat\u00f3logos latinoamericanos de eficacia comprobada y adaptados a las pieles latinas. Presente en el mercado brasile\u00f1o desde hace m\u00e1s de 50 a\u00f1os, cuenta con una experiencia reconocida en el segmento de la higiene y cuidado personal.<\/span><\/p>\n","protected":false},"featured_media":6962,"comment_status":"open","ping_status":"closed","template":"","meta":{"_acf_changed":false,"site-sidebar-layout":"default","site-content-layout":"","ast-site-content-layout":"default","site-content-style":"default","site-sidebar-style":"default","ast-global-header-display":"","ast-banner-title-visibility":"","ast-main-header-display":"","ast-hfb-above-header-display":"","ast-hfb-below-header-display":"","ast-hfb-mobile-header-display":"","site-post-title":"","ast-breadcrumbs-content":"","ast-featured-img":"","footer-sml-layout":"","theme-transparent-header-meta":"default","adv-header-id-meta":"","stick-header-meta":"","header-above-stick-meta":"","header-main-stick-meta":"","header-below-stick-meta":"","astra-migrate-meta-layouts":"set","ast-page-background-enabled":"default","ast-page-background-meta":{"desktop":{"background-color":"var(--ast-global-color-4)","background-image":"","background-repeat":"repeat","background-position":"center center","background-size":"auto","background-attachment":"scroll","background-type":"","background-media":"","overlay-type":"","overlay-color":"","overlay-opacity":"","overlay-gradient":""},"tablet":{"background-color":"","background-image":"","background-repeat":"repeat","background-position":"center center","background-size":"auto","background-attachment":"scroll","background-type":"","background-media":"","overlay-type":"","overlay-color":"","overlay-opacity":"","overlay-gradient":""},"mobile":{"background-color":"","background-image":"","background-repeat":"repeat","background-position":"center center","background-size":"auto","background-attachment":"scroll","background-type":"","background-media":"","overlay-type":"","overlay-color":"","overlay-opacity":"","overlay-gradient":""}},"ast-content-background-meta":{"desktop":{"background-color":"var(--ast-global-color-5)","background-image":"","background-repeat":"repeat","background-position":"center center","background-size":"auto","background-attachment":"scroll","background-type":"","background-media":"","overlay-type":"","overlay-color":"","overlay-opacity":"","overlay-gradient":""},"tablet":{"background-color":"var(--ast-global-color-5)","background-image":"","background-repeat":"repeat","background-position":"center center","background-size":"auto","background-attachment":"scroll","background-type":"","background-media":"","overlay-type":"","overlay-color":"","overlay-opacity":"","overlay-gradient":""},"mobile":{"background-color":"var(--ast-global-color-5)","background-image":"","background-repeat":"repeat","background-position":"center center","background-size":"auto","background-attachment":"scroll","background-type":"","background-media":"","overlay-type":"","overlay-color":"","overlay-opacity":"","overlay-gradient":""}}},"product_brand":[],"product_cat":[36,35],"product_tag":[],"class_list":{"0":"post-6964","1":"product","2":"type-product","3":"status-publish","4":"has-post-thumbnail","6":"product_cat-actine-solares","7":"product_cat-proteccion-solar","8":"desktop-align-left","9":"tablet-align-left","10":"mobile-align-left","11":"ast-product-gallery-layout-vertical-slider","12":"ast-product-gallery-with-no-image","13":"ast-product-tabs-layout-vertical","15":"first","16":"instock","17":"shipping-taxable","18":"product-type-simple"},"acf":{"gramaje":"40g","skus":{"sku_br":"P0008144","sku_mx":"P5004576"},"ean":"3282770398489","detalle":"Tono 2\r\nIndicaci\u00f3n: Para piel grasa y\/o con tendencia acneica.\r\n\r\nBeneficios:\r\n- Absorci\u00f3n en 1 segundo\u00b9\r\n\u2013 Hidrataci\u00f3n\r\n\u2013 Unifica el tono de la piel de forma natural\r\n\u2013 Protecci\u00f3n UVB\/UVA altamente efectiva y segura\r\n\r\n1. Evaluaci\u00f3n mediante la metodolog\u00eda diferencia respecto al control (DFC) de 2 productos por 11 evaluadores de percepci\u00f3n","uso":"Aplicar generosamente antes de la exposici\u00f3n solar. Si la cantidad aplicada no es suficiente, el nivel de protecci\u00f3n se reducir\u00e1 significativamente. Reaplicar siempre despu\u00e9s de sudar mucho, nadar o ba\u00f1arse, secarse con toalla y durante la exposici\u00f3n solar. Es necesario volver a aplicar el producto para mantener su eficacia. Ayuda a prevenir las quemaduras solares.","ingredientes":"AGUA\/AQUA (agua). BENZOATO DE ALQUILO C12-15 (benzoato de alquilo C12-15). CARBONATO DE DICAPRILILO (carbonato de dicaprilo). BENZOATO DE DIETILAMINO HIDROXIBENZOIL HEXILO (benzoato de dietilamino hidroxibenzoil hexilo). DIETILHEXIL BUTAMIDA TRIAZONA (triazona de dietilhexil butamida). BIS-ETILHEXILOXIFENOL METOXIFENIL TRIAZINA (bis-etilhexiloxifenol metoxifenil triazina). ALMID\u00d3N DE ORYZA SATIVA (ARROZ)\/ALMID\u00d3N DE ORYZA SATIVA (almid\u00f3n de arroz). ALCOHOL (alcohol). ALCOHOL MIRIST\u00cdLICO (alcohol mirist\u00edlico). DI\u00d3XIDO DE TITANIO\/CI 77891 (colorante blanco 77891). SEBACATO DE DIISOPROPILO (sebacato de diisopropilo). FOSFATO DE CETILPOTASIO (fosfato de cetilo pot\u00e1sico). ALMID\u00d3N DE TAPIOCA (almid\u00f3n de tapioca). CROSPOL\u00cdMERO DE TRIMETILPENTANODIOL\/\u00c1CIDO ADIPICO\/GLICERINA (crospol\u00edmero de trimetilpentanodiol\/\u00e1cido adipico\/glicerina). \u00c1CIDO BENZOICO (\u00e1cido benzoico). CAPRILILGLICOL (caprililglicol). CITRONELOL (citronelol). FRAGANCIA\/PERFUME (fragancia). BEHENATO DE GLICERILO (behenato de glicerilo). DIBEHENATO DE GLICERILO (dibehenato de glicerilo). ACEITE DE SEMILLA DE HELIANTHUS ANNUUS (GIRASOL). HEXIL CINAMAL (hexil cinamal). \u00d3XIDOS DE HIERRO\/CI 77492 (colorante amarillo 77492). \u00d3XIDOS DE HIERRO\/CI 77491 (colorante rojo 77491). \u00d3XIDOS DE HIERRO\/CI 77499 (colorante negro 77499). ISOEUGENOL (isoeugenol). EXTRACTO DE SEMILLA DE LENS ESCULENTA (LENTEJA)\/EXTRACTO DE SEMILLA DE LENS ESCULENTA (extracto de semilla de lenteja). LIMONENO (limoneno). LINALOOL (linalool). GLUC\u00d3SIDO DE MIRISTILO (gluc\u00f3sido de miristilo). PENTILENGLICOL (pentilenglicol). \u00c1CIDO POLIHIDROXIST\u00c9AICO (\u00e1cido polihidroxieste\u00e1rico). GOMA DE ESCLEROCIO (goma de esclerocio). BENZOATO DE SODIO (benzoato de sodio). HIALURONATO DE SODIO (hialuronato de sodio). Hidr\u00f3xido de sodio. \u00c1cido estearoil glut\u00e1mico. Tocoferol. Tribehenina.","activos":"'\u00c1cido hialur\u00f3nico biomim\u00e9tico\r\nUna mol\u00e9cula hidratante con alta capacidad de retenci\u00f3n de agua, manteniendo la piel hidratada y m\u00e1s firme.\r\n\r\nPol\u00edmeros gelificantes\r\nAgentes que aportan la textura, formando un gel a base de agua ultraligero y de r\u00e1pida absorci\u00f3n.\r\n\r\nTecnolog\u00eda patentada One \u2122\r\nCompuesta por 3 filtros UVB\/UVA de amplio espectro con protecci\u00f3n altamente efectiva y segura, esta f\u00f3rmula biodegradable ofrece FPS 50 y protecci\u00f3n UVA de 31.\r\n\r\nPigmentos minerales\r\nCon \u00f3xido de hierro que ayuda a proteger contra la luz visible (luz azul)","resultados":"Absorci\u00f3n en 1 segundo\u00b9\r\nProtecci\u00f3n muy alta contra los rayos UVA+UVB\r\n\r\n1. Evaluaci\u00f3n mediante la metodolog\u00eda diferencia respecto al control (DFC) de 2 productos por 11 evaluadores de percepci\u00f3n","galeria":"","galeria_copiar":"","galeria_copiar2":"","farm_san_pablo_imagen":5259,"farm_san_pablo_url":"","farm_ahorro_imagen":5260,"farm_ahorro_url":"","amazon_imagen":5258,"amazon_url":"","dermalia_imagen":5263,"dermalia_url":"","dermaexpress_imagen":5262,"dermaexpress_url":"","meli_imagen":"","meli_url":"","heb_imagen":5264,"heb_url":"","sanborns_imagen":5644,"sanborns_url":""},"yoast_head":"<!-- This site is optimized with the Yoast SEO Premium plugin v23.6 (Yoast SEO v26.0) - https:\/\/yoast.com\/wordpress\/plugins\/seo\/ -->\n<title>ACTINE ONE FPS 50 COLORS 40G - Darrow<\/title>\n<meta name=\"description\" content=\"ACTINE ONE FPS 50 COLORS 40G: tu aliado para una piel protegida y radiante bajo el sol para pieles latinas grasas.\" \/>\n<meta name=\"robots\" content=\"index, follow, max-snippet:-1, max-image-preview:large, max-video-preview:-1\" \/>\n<link rel=\"canonical\" href=\"https:\/\/www.darrow-latam.com\/mx\/producto\/dw-actine-one-colors-spf50-medio-40g\/\" \/>\n<meta property=\"og:locale\" content=\"es_MX\" \/>\n<meta property=\"og:type\" content=\"article\" \/>\n<meta property=\"og:title\" content=\"DW ACTINE ONE COLORS SPF50 MEDIO 40G\" \/>\n<meta property=\"og:description\" content=\"ACTINE ONE FPS 50 COLORS 40G: tu aliado para una piel protegida y radiante bajo el sol para pieles latinas grasas.\" \/>\n<meta property=\"og:url\" content=\"https:\/\/www.darrow-latam.com\/mx\/producto\/dw-actine-one-colors-spf50-medio-40g\/\" \/>\n<meta property=\"og:site_name\" content=\"Darrow M\u00e9xico\" \/>\n<meta property=\"article:modified_time\" content=\"2026-03-07T05:22:30+00:00\" \/>\n<meta property=\"og:image\" content=\"https:\/\/www.darrow-latam.com\/mx\/wp-content\/uploads\/sites\/2\/2026\/02\/01_actine-solar-one-colors-fps50-tom-2_hero_40g_1024x1024.jpg\" \/>\n\t<meta property=\"og:image:width\" content=\"1024\" \/>\n\t<meta property=\"og:image:height\" content=\"1024\" \/>\n\t<meta property=\"og:image:type\" content=\"image\/jpeg\" \/>\n<meta name=\"twitter:card\" content=\"summary_large_image\" \/>\n<meta name=\"twitter:label1\" content=\"Tiempo de lectura\" \/>\n\t<meta name=\"twitter:data1\" content=\"1 minuto\" \/>\n<script type=\"application\/ld+json\" class=\"yoast-schema-graph\">{\"@context\":\"https:\/\/schema.org\",\"@graph\":[{\"@type\":\"WebPage\",\"@id\":\"https:\/\/www.darrow-latam.com\/mx\/producto\/dw-actine-one-colors-spf50-medio-40g\/\",\"url\":\"https:\/\/www.darrow-latam.com\/mx\/producto\/dw-actine-one-colors-spf50-medio-40g\/\",\"name\":\"ACTINE ONE FPS 50 COLORS 40G - Darrow\",\"isPartOf\":{\"@id\":\"https:\/\/www.darrow-latam.com\/mx\/#website\"},\"primaryImageOfPage\":{\"@id\":\"https:\/\/www.darrow-latam.com\/mx\/producto\/dw-actine-one-colors-spf50-medio-40g\/#primaryimage\"},\"image\":{\"@id\":\"https:\/\/www.darrow-latam.com\/mx\/producto\/dw-actine-one-colors-spf50-medio-40g\/#primaryimage\"},\"thumbnailUrl\":\"https:\/\/www.darrow-latam.com\/mx\/wp-content\/uploads\/sites\/2\/2026\/02\/01_actine-solar-one-colors-fps50-tom-2_hero_40g_1024x1024.jpg\",\"datePublished\":\"2026-02-24T15:18:05+00:00\",\"dateModified\":\"2026-03-07T05:22:30+00:00\",\"description\":\"ACTINE ONE FPS 50 COLORS 40G: tu aliado para una piel protegida y radiante bajo el sol para pieles latinas grasas.\",\"breadcrumb\":{\"@id\":\"https:\/\/www.darrow-latam.com\/mx\/producto\/dw-actine-one-colors-spf50-medio-40g\/#breadcrumb\"},\"inLanguage\":\"es\",\"potentialAction\":[{\"@type\":\"ReadAction\",\"target\":[\"https:\/\/www.darrow-latam.com\/mx\/producto\/dw-actine-one-colors-spf50-medio-40g\/\"]}]},{\"@type\":\"ImageObject\",\"inLanguage\":\"es\",\"@id\":\"https:\/\/www.darrow-latam.com\/mx\/producto\/dw-actine-one-colors-spf50-medio-40g\/#primaryimage\",\"url\":\"https:\/\/www.darrow-latam.com\/mx\/wp-content\/uploads\/sites\/2\/2026\/02\/01_actine-solar-one-colors-fps50-tom-2_hero_40g_1024x1024.jpg\",\"contentUrl\":\"https:\/\/www.darrow-latam.com\/mx\/wp-content\/uploads\/sites\/2\/2026\/02\/01_actine-solar-one-colors-fps50-tom-2_hero_40g_1024x1024.jpg\",\"width\":1024,\"height\":1024},{\"@type\":\"BreadcrumbList\",\"@id\":\"https:\/\/www.darrow-latam.com\/mx\/producto\/dw-actine-one-colors-spf50-medio-40g\/#breadcrumb\",\"itemListElement\":[{\"@type\":\"ListItem\",\"position\":1,\"name\":\"Portada\",\"item\":\"https:\/\/www.darrow-latam.com\/mx\/\"},{\"@type\":\"ListItem\",\"position\":2,\"name\":\"Productos\",\"item\":\"https:\/\/www.darrow-latam.com\/mx\/shop\/\"},{\"@type\":\"ListItem\",\"position\":3,\"name\":\"DW ACTINE ONE COLORS SPF50 MEDIO 40G\"}]},{\"@type\":\"WebSite\",\"@id\":\"https:\/\/www.darrow-latam.com\/mx\/#website\",\"url\":\"https:\/\/www.darrow-latam.com\/mx\/\",\"name\":\"Darrow M\u00e9xico\",\"description\":\"Cuidados dermatol\u00f3gicos\",\"publisher\":{\"@id\":\"https:\/\/www.darrow-latam.com\/mx\/#organization\"},\"potentialAction\":[{\"@type\":\"SearchAction\",\"target\":{\"@type\":\"EntryPoint\",\"urlTemplate\":\"https:\/\/www.darrow-latam.com\/mx\/?s={search_term_string}\"},\"query-input\":{\"@type\":\"PropertyValueSpecification\",\"valueRequired\":true,\"valueName\":\"search_term_string\"}}],\"inLanguage\":\"es\"},{\"@type\":\"Organization\",\"@id\":\"https:\/\/www.darrow-latam.com\/mx\/#organization\",\"name\":\"Darrow M\u00e9xico\",\"url\":\"https:\/\/www.darrow-latam.com\/mx\/\",\"logo\":{\"@type\":\"ImageObject\",\"inLanguage\":\"es\",\"@id\":\"https:\/\/www.darrow-latam.com\/mx\/#\/schema\/logo\/image\/\",\"url\":\"https:\/\/www.darrow-latam.com\/mx\/wp-content\/uploads\/sites\/2\/2024\/07\/logo_darrow_w34@2x.png\",\"contentUrl\":\"https:\/\/www.darrow-latam.com\/mx\/wp-content\/uploads\/sites\/2\/2024\/07\/logo_darrow_w34@2x.png\",\"width\":380,\"height\":378,\"caption\":\"Darrow M\u00e9xico\"},\"image\":{\"@id\":\"https:\/\/www.darrow-latam.com\/mx\/#\/schema\/logo\/image\/\"}}]}<\/script>\n","yoast_head_json":{"title":"ACTINE ONE FPS 50 COLORS 40G - Darrow","description":"ACTINE ONE FPS 50 COLORS 40G: tu aliado para una piel protegida y radiante bajo el sol para pieles latinas grasas.","robots":{"index":"index","follow":"follow","max-snippet":"max-snippet:-1","max-image-preview":"max-image-preview:large","max-video-preview":"max-video-preview:-1"},"canonical":"https:\/\/www.darrow-latam.com\/mx\/producto\/dw-actine-one-colors-spf50-medio-40g\/","og_locale":"es_MX","og_type":"article","og_title":"DW ACTINE ONE COLORS SPF50 MEDIO 40G","og_description":"ACTINE ONE FPS 50 COLORS 40G: tu aliado para una piel protegida y radiante bajo el sol para pieles latinas grasas.","og_url":"https:\/\/www.darrow-latam.com\/mx\/producto\/dw-actine-one-colors-spf50-medio-40g\/","og_site_name":"Darrow M\u00e9xico","article_modified_time":"2026-03-07T05:22:30+00:00","og_image":[{"width":1024,"height":1024,"url":"https:\/\/www.darrow-latam.com\/mx\/wp-content\/uploads\/sites\/2\/2026\/02\/01_actine-solar-one-colors-fps50-tom-2_hero_40g_1024x1024.jpg","type":"image\/jpeg"}],"twitter_card":"summary_large_image","twitter_misc":{"Tiempo de lectura":"1 minuto"},"schema":{"@context":"https:\/\/schema.org","@graph":[{"@type":"WebPage","@id":"https:\/\/www.darrow-latam.com\/mx\/producto\/dw-actine-one-colors-spf50-medio-40g\/","url":"https:\/\/www.darrow-latam.com\/mx\/producto\/dw-actine-one-colors-spf50-medio-40g\/","name":"ACTINE ONE FPS 50 COLORS 40G - Darrow","isPartOf":{"@id":"https:\/\/www.darrow-latam.com\/mx\/#website"},"primaryImageOfPage":{"@id":"https:\/\/www.darrow-latam.com\/mx\/producto\/dw-actine-one-colors-spf50-medio-40g\/#primaryimage"},"image":{"@id":"https:\/\/www.darrow-latam.com\/mx\/producto\/dw-actine-one-colors-spf50-medio-40g\/#primaryimage"},"thumbnailUrl":"https:\/\/www.darrow-latam.com\/mx\/wp-content\/uploads\/sites\/2\/2026\/02\/01_actine-solar-one-colors-fps50-tom-2_hero_40g_1024x1024.jpg","datePublished":"2026-02-24T15:18:05+00:00","dateModified":"2026-03-07T05:22:30+00:00","description":"ACTINE ONE FPS 50 COLORS 40G: tu aliado para una piel protegida y radiante bajo el sol para pieles latinas grasas.","breadcrumb":{"@id":"https:\/\/www.darrow-latam.com\/mx\/producto\/dw-actine-one-colors-spf50-medio-40g\/#breadcrumb"},"inLanguage":"es","potentialAction":[{"@type":"ReadAction","target":["https:\/\/www.darrow-latam.com\/mx\/producto\/dw-actine-one-colors-spf50-medio-40g\/"]}]},{"@type":"ImageObject","inLanguage":"es","@id":"https:\/\/www.darrow-latam.com\/mx\/producto\/dw-actine-one-colors-spf50-medio-40g\/#primaryimage","url":"https:\/\/www.darrow-latam.com\/mx\/wp-content\/uploads\/sites\/2\/2026\/02\/01_actine-solar-one-colors-fps50-tom-2_hero_40g_1024x1024.jpg","contentUrl":"https:\/\/www.darrow-latam.com\/mx\/wp-content\/uploads\/sites\/2\/2026\/02\/01_actine-solar-one-colors-fps50-tom-2_hero_40g_1024x1024.jpg","width":1024,"height":1024},{"@type":"BreadcrumbList","@id":"https:\/\/www.darrow-latam.com\/mx\/producto\/dw-actine-one-colors-spf50-medio-40g\/#breadcrumb","itemListElement":[{"@type":"ListItem","position":1,"name":"Portada","item":"https:\/\/www.darrow-latam.com\/mx\/"},{"@type":"ListItem","position":2,"name":"Productos","item":"https:\/\/www.darrow-latam.com\/mx\/shop\/"},{"@type":"ListItem","position":3,"name":"DW ACTINE ONE COLORS SPF50 MEDIO 40G"}]},{"@type":"WebSite","@id":"https:\/\/www.darrow-latam.com\/mx\/#website","url":"https:\/\/www.darrow-latam.com\/mx\/","name":"Darrow M\u00e9xico","description":"Cuidados dermatol\u00f3gicos","publisher":{"@id":"https:\/\/www.darrow-latam.com\/mx\/#organization"},"potentialAction":[{"@type":"SearchAction","target":{"@type":"EntryPoint","urlTemplate":"https:\/\/www.darrow-latam.com\/mx\/?s={search_term_string}"},"query-input":{"@type":"PropertyValueSpecification","valueRequired":true,"valueName":"search_term_string"}}],"inLanguage":"es"},{"@type":"Organization","@id":"https:\/\/www.darrow-latam.com\/mx\/#organization","name":"Darrow M\u00e9xico","url":"https:\/\/www.darrow-latam.com\/mx\/","logo":{"@type":"ImageObject","inLanguage":"es","@id":"https:\/\/www.darrow-latam.com\/mx\/#\/schema\/logo\/image\/","url":"https:\/\/www.darrow-latam.com\/mx\/wp-content\/uploads\/sites\/2\/2024\/07\/logo_darrow_w34@2x.png","contentUrl":"https:\/\/www.darrow-latam.com\/mx\/wp-content\/uploads\/sites\/2\/2024\/07\/logo_darrow_w34@2x.png","width":380,"height":378,"caption":"Darrow M\u00e9xico"},"image":{"@id":"https:\/\/www.darrow-latam.com\/mx\/#\/schema\/logo\/image\/"}}]}},"_links":{"self":[{"href":"https:\/\/www.darrow-latam.com\/mx\/wp-json\/wp\/v2\/product\/6964","targetHints":{"allow":["GET"]}}],"collection":[{"href":"https:\/\/www.darrow-latam.com\/mx\/wp-json\/wp\/v2\/product"}],"about":[{"href":"https:\/\/www.darrow-latam.com\/mx\/wp-json\/wp\/v2\/types\/product"}],"replies":[{"embeddable":true,"href":"https:\/\/www.darrow-latam.com\/mx\/wp-json\/wp\/v2\/comments?post=6964"}],"version-history":[{"count":3,"href":"https:\/\/www.darrow-latam.com\/mx\/wp-json\/wp\/v2\/product\/6964\/revisions"}],"predecessor-version":[{"id":6968,"href":"https:\/\/www.darrow-latam.com\/mx\/wp-json\/wp\/v2\/product\/6964\/revisions\/6968"}],"wp:featuredmedia":[{"embeddable":true,"href":"https:\/\/www.darrow-latam.com\/mx\/wp-json\/wp\/v2\/media\/6962"}],"wp:attachment":[{"href":"https:\/\/www.darrow-latam.com\/mx\/wp-json\/wp\/v2\/media?parent=6964"}],"wp:term":[{"taxonomy":"product_brand","embeddable":true,"href":"https:\/\/www.darrow-latam.com\/mx\/wp-json\/wp\/v2\/product_brand?post=6964"},{"taxonomy":"product_cat","embeddable":true,"href":"https:\/\/www.darrow-latam.com\/mx\/wp-json\/wp\/v2\/product_cat?post=6964"},{"taxonomy":"product_tag","embeddable":true,"href":"https:\/\/www.darrow-latam.com\/mx\/wp-json\/wp\/v2\/product_tag?post=6964"}],"curies":[{"name":"wp","href":"https:\/\/api.w.org\/{rel}","templated":true}]}}